{"id":3160,"date":"2021-11-08T10:46:36","date_gmt":"2021-11-08T09:46:36","guid":{"rendered":"https:\/\/antcube.shop\/produkt\/sonnenblumenblutenblatter-100g-getrocknet\/"},"modified":"2026-04-06T21:05:24","modified_gmt":"2026-04-06T19:05:24","slug":"sonnenblumenblutenblatter-100g-getrocknet","status":"publish","type":"product","link":"https:\/\/antcube.shop\/fi\/tuote\/sonnenblumenblutenblatter-100g-getrocknet\/","title":{"rendered":"Auringonkukan ter\u00e4lehdet 100g - kuivatut"},"content":{"rendered":"<p><strong>Sis\u00e4lt\u00f6:<\/strong><br \/>\n100 g kuivattuja auringonkukan ter\u00e4lehti\u00e4.<\/p>\n<p><strong>Kuvaus:<\/strong><br \/>\nAuringonkukan ter\u00e4lehdet sieni\u00e4 kasvattavien muurahaislajien ravintoalustana. Se on puhtaasti luonnontuote.<\/p>\n<p><strong>K\u00e4ytt\u00f6:<\/strong><br \/>\nAuringonkukan ter\u00e4lehdet = sieni\u00e4 kasvattaville muurahaislajeille.<br \/>\nKuivat ter\u00e4lehdet toimivat vain kasvualustana lehtileikkurimuurahaisten sienille (on suositeltavaa tarjota samalla tuoreita lehti\u00e4 kosteusvoiteeksi).<br \/>\nAseta sy\u00f6tett\u00e4v\u00e4t ter\u00e4lehdet yksinkertaisesti kuivaruokakammioon.<\/p>\n<p><strong>Varastointi:<\/strong><br \/>\nKuivassa ymp\u00e4rist\u00f6ss\u00e4<\/p>\n<p><strong>Sis\u00e4lt\u00e4\u00e4:<\/strong><br \/>\n100% kuivatut auringonkukan ter\u00e4lehdet.<\/p>","protected":false},"excerpt":{"rendered":"<p>Contents: 100g dried sunflower petals. Description: Sunflower petals as a nutrient medium for fungus growing ant species. It is a purely natural product. Usage: Sunflower petals = for fungus breeding ant species. The dry petals only serve as a breeding ground for the fungus of leafcutter ants (offering fresh leafs as a moisturizer at the [&#8230;]","protected":false},"featured_media":10875,"comment_status":"open","ping_status":"closed","template":"","meta":{"_acf_changed":false,"content-type":"","_monsterinsights_skip_tracking":false,"_monsterinsights_sitenote_active":false,"_monsterinsights_sitenote_note":"","_monsterinsights_sitenote_category":0},"product_brand":[],"product_cat":[115,116],"product_tag":[],"class_list":{"0":"post-3160","1":"product","2":"type-product","3":"status-publish","4":"has-post-thumbnail","6":"product_cat-food-and-feeding","7":"product_cat-food","9":"first","10":"instock","11":"taxable","12":"shipping-taxable","13":"purchasable","14":"product-type-simple"},"acf":[],"aioseo_notices":[],"jetpack_sharing_enabled":true,"_links":{"self":[{"href":"https:\/\/antcube.shop\/fi\/wp-json\/wp\/v2\/product\/3160","targetHints":{"allow":["GET"]}}],"collection":[{"href":"https:\/\/antcube.shop\/fi\/wp-json\/wp\/v2\/product"}],"about":[{"href":"https:\/\/antcube.shop\/fi\/wp-json\/wp\/v2\/types\/product"}],"replies":[{"embeddable":true,"href":"https:\/\/antcube.shop\/fi\/wp-json\/wp\/v2\/comments?post=3160"}],"wp:featuredmedia":[{"embeddable":true,"href":"https:\/\/antcube.shop\/fi\/wp-json\/wp\/v2\/media\/10875"}],"wp:attachment":[{"href":"https:\/\/antcube.shop\/fi\/wp-json\/wp\/v2\/media?parent=3160"}],"wp:term":[{"taxonomy":"product_brand","embeddable":true,"href":"https:\/\/antcube.shop\/fi\/wp-json\/wp\/v2\/product_brand?post=3160"},{"taxonomy":"product_cat","embeddable":true,"href":"https:\/\/antcube.shop\/fi\/wp-json\/wp\/v2\/product_cat?post=3160"},{"taxonomy":"product_tag","embeddable":true,"href":"https:\/\/antcube.shop\/fi\/wp-json\/wp\/v2\/product_tag?post=3160"}],"curies":[{"name":"wp","href":"https:\/\/api.w.org\/{rel}","templated":true}]}}