{"id":3159,"date":"2021-11-08T10:46:28","date_gmt":"2021-11-08T09:46:28","guid":{"rendered":"https:\/\/antcube.shop\/produkt\/rosenblutenblatter-100g-getrocknet\/"},"modified":"2026-04-06T21:05:24","modified_gmt":"2026-04-06T19:05:24","slug":"rosenblutenblatter-100g-getrocknet","status":"publish","type":"product","link":"https:\/\/antcube.shop\/fi\/tuote\/rosenblutenblatter-100g-getrocknet\/","title":{"rendered":"Ruusun ter\u00e4lehdet 100g - kuivatut"},"content":{"rendered":"<p><strong>Sis\u00e4lt\u00f6:<\/strong><br \/>\n100 g kuivattuja ruusun ter\u00e4lehti\u00e4<\/p>\n<p><strong>Kuvaus:<\/strong><br \/>\nRuusun ter\u00e4lehdet sieni\u00e4 kasvattavien muurahaislajien kasvualustana. Se on puhtaasti luonnollinen tuote.<\/p>\n<p><strong>K\u00e4ytt\u00f6:<\/strong><br \/>\nRuusun ter\u00e4lehdet = sieni\u00e4 kasvattaville muurahaislajeille.<br \/>\nKuivat ter\u00e4lehdet toimivat vain kasvualustana lehtileikkurimuurahaisten sienille (on suositeltavaa tarjota samalla tuoreita lehti\u00e4 kosteusvoiteeksi).<br \/>\nAseta sy\u00f6tett\u00e4v\u00e4t ter\u00e4lehdet yksinkertaisesti kuivaruokakammioon.<\/p>\n<p><strong>Varastointi:<\/strong><br \/>\nKuivassa ymp\u00e4rist\u00f6ss\u00e4<\/p>\n<p><strong>Sis\u00e4lt\u00e4\u00e4:<\/strong><br \/>\n100% kuivatut ruusun ter\u00e4lehdet<\/p>","protected":false},"excerpt":{"rendered":"<p>Sis\u00e4lt\u00f6: Kuvaus: 100g kuivattuja ruusun ter\u00e4lehti\u00e4: Ruusun ter\u00e4lehdet sieni\u00e4 kasvattavien muurahaislajien kasvualustana. Se on puhtaasti luonnontuote. K\u00e4ytt\u00f6: Ruusun ter\u00e4lehti\u00e4 = sieni\u00e4 kasvattaville muurahaislajeille. Kuivat ter\u00e4lehdet toimivat vain lehtileikkurimuurahaisten sienen kasvualustana (tarjoamalla samalla tuoreita lehti\u00e4 kosteusvoiteena [...]","protected":false},"featured_media":5485,"comment_status":"open","ping_status":"closed","template":"","meta":{"_acf_changed":false,"content-type":"","_monsterinsights_skip_tracking":false,"_monsterinsights_sitenote_active":false,"_monsterinsights_sitenote_note":"","_monsterinsights_sitenote_category":0},"product_brand":[],"product_cat":[115,116],"product_tag":[],"class_list":{"0":"post-3159","1":"product","2":"type-product","3":"status-publish","4":"has-post-thumbnail","6":"product_cat-food-and-feeding","7":"product_cat-food","9":"first","10":"instock","11":"taxable","12":"shipping-taxable","13":"purchasable","14":"product-type-simple"},"acf":[],"aioseo_notices":[],"jetpack_sharing_enabled":true,"_links":{"self":[{"href":"https:\/\/antcube.shop\/fi\/wp-json\/wp\/v2\/product\/3159","targetHints":{"allow":["GET"]}}],"collection":[{"href":"https:\/\/antcube.shop\/fi\/wp-json\/wp\/v2\/product"}],"about":[{"href":"https:\/\/antcube.shop\/fi\/wp-json\/wp\/v2\/types\/product"}],"replies":[{"embeddable":true,"href":"https:\/\/antcube.shop\/fi\/wp-json\/wp\/v2\/comments?post=3159"}],"wp:featuredmedia":[{"embeddable":true,"href":"https:\/\/antcube.shop\/fi\/wp-json\/wp\/v2\/media\/5485"}],"wp:attachment":[{"href":"https:\/\/antcube.shop\/fi\/wp-json\/wp\/v2\/media?parent=3159"}],"wp:term":[{"taxonomy":"product_brand","embeddable":true,"href":"https:\/\/antcube.shop\/fi\/wp-json\/wp\/v2\/product_brand?post=3159"},{"taxonomy":"product_cat","embeddable":true,"href":"https:\/\/antcube.shop\/fi\/wp-json\/wp\/v2\/product_cat?post=3159"},{"taxonomy":"product_tag","embeddable":true,"href":"https:\/\/antcube.shop\/fi\/wp-json\/wp\/v2\/product_tag?post=3159"}],"curies":[{"name":"wp","href":"https:\/\/api.w.org\/{rel}","templated":true}]}}