{"id":3155,"date":"2021-11-08T10:46:04","date_gmt":"2021-11-08T09:46:04","guid":{"rendered":"https:\/\/antcube.shop\/produkt\/kornerfutter-media-in-2ml-futterrohrchen-10-st\/"},"modified":"2026-03-31T18:19:14","modified_gmt":"2026-03-31T16:19:14","slug":"kornerfutter-media-in-2ml-futterrohrchen-10-st","status":"publish","type":"product","link":"https:\/\/antcube.shop\/fi\/tuote\/kornerfutter-media-in-2ml-futterrohrchen-10-st\/","title":{"rendered":"Grain food Media 2 ml:n sy\u00f6tt\u00f6putkissa - 10 kpl."},"content":{"rendered":"<p><strong>Sis\u00e4lt\u00f6:<\/strong> 10x 2 ml<\/p>\n<p><strong>Kuvaus:<\/strong> Keskikokoisia jyvi\u00e4\/siemeni\u00e4 suuremmille viljaa ker\u00e4\u00e4vien muurahaislajien, kuten Messor-suvun, kolonioille, joissa on jo mediaty\u00f6ntekij\u00f6it\u00e4.<\/p>\n<p><strong>Sovellus:<\/strong> Ruokintaputki voidaan sijoittaa kokonaisena formikariumiin, tai vaihtoehtoisesti lis\u00e4t\u00e4 pienempi\u00e4 m\u00e4\u00e4ri\u00e4 ruokinta-astiaan tarpeen mukaan\/pes\u00e4kkeen koon mukaan. Jyvi\u00e4 hyv\u00e4ksyv\u00e4t ensisijaisesti jyvi\u00e4 ker\u00e4\u00e4v\u00e4t lajit, kuten Messor-suvun lajit tai my\u00f6s Pheidole.<\/p>\n<p><strong>Ilmoitus:<\/strong><br \/>\nTietoa sy\u00f6tt\u00f6letkujen k\u00e4yt\u00f6st\u00e4 l\u00f6yd\u00e4t t\u00e4\u00e4lt\u00e4: Linkki<br \/>\nLis\u00e4ruokaa rakeensy\u00f6j\u00e4suurimuurahaisille.<br \/>\nKatso pakkausselosteesta koostumus, analyyttiset komponentit, parasta ennen -p\u00e4iv\u00e4ys ja er\u00e4numero.<\/p>\n<p>Tietopuhelin +49 30 439703870<\/p>\n<p>Vastaava el\u00e4inl\u00e4\u00e4kint\u00e4- ja elintarvikevalvontaviranomainen:<br \/>\nSteglitzin el\u00e4inl\u00e4\u00e4k\u00e4rintoimisto<br \/>\nK\u00f6nigin-Luise-Str. 92<br \/>\n14195 Berliini<\/p>","protected":false},"excerpt":{"rendered":"<p>T\u00e4ydennysravinto<\/p>","protected":false},"featured_media":3150,"comment_status":"open","ping_status":"closed","template":"","meta":{"_acf_changed":false,"content-type":"","_monsterinsights_skip_tracking":false,"_monsterinsights_sitenote_active":false,"_monsterinsights_sitenote_note":"","_monsterinsights_sitenote_category":0},"product_brand":[],"product_cat":[115,116],"product_tag":[],"class_list":{"0":"post-3155","1":"product","2":"type-product","3":"status-publish","4":"has-post-thumbnail","6":"product_cat-food-and-feeding","7":"product_cat-food","9":"first","10":"instock","11":"taxable","12":"shipping-taxable","13":"purchasable","14":"product-type-simple"},"acf":[],"aioseo_notices":[],"jetpack_sharing_enabled":true,"_links":{"self":[{"href":"https:\/\/antcube.shop\/fi\/wp-json\/wp\/v2\/product\/3155","targetHints":{"allow":["GET"]}}],"collection":[{"href":"https:\/\/antcube.shop\/fi\/wp-json\/wp\/v2\/product"}],"about":[{"href":"https:\/\/antcube.shop\/fi\/wp-json\/wp\/v2\/types\/product"}],"replies":[{"embeddable":true,"href":"https:\/\/antcube.shop\/fi\/wp-json\/wp\/v2\/comments?post=3155"}],"wp:featuredmedia":[{"embeddable":true,"href":"https:\/\/antcube.shop\/fi\/wp-json\/wp\/v2\/media\/3150"}],"wp:attachment":[{"href":"https:\/\/antcube.shop\/fi\/wp-json\/wp\/v2\/media?parent=3155"}],"wp:term":[{"taxonomy":"product_brand","embeddable":true,"href":"https:\/\/antcube.shop\/fi\/wp-json\/wp\/v2\/product_brand?post=3155"},{"taxonomy":"product_cat","embeddable":true,"href":"https:\/\/antcube.shop\/fi\/wp-json\/wp\/v2\/product_cat?post=3155"},{"taxonomy":"product_tag","embeddable":true,"href":"https:\/\/antcube.shop\/fi\/wp-json\/wp\/v2\/product_tag?post=3155"}],"curies":[{"name":"wp","href":"https:\/\/api.w.org\/{rel}","templated":true}]}}