{"id":3087,"date":"2021-10-21T13:24:43","date_gmt":"2021-10-21T11:24:43","guid":{"rendered":"https:\/\/antcube.shop\/produkt\/tranke-2ml-front-dosierbar\/"},"modified":"2026-04-21T09:56:26","modified_gmt":"2026-04-21T07:56:26","slug":"tranke-2ml-front-dosierbar","status":"publish","type":"product","link":"https:\/\/antcube.shop\/fi\/tuote\/tranke-2ml-front-dosierbar\/","title":{"rendered":"Juomakaukalo 2ml - annostelu edest\u00e4p\u00e4in"},"content":{"rendered":"<p><strong>Mitat:<\/strong> 30x40x52 mm, 2 ml<\/p>\n<p><strong>Sis\u00e4lt\u00f6:<\/strong><br \/>\n1x jalka, jossa 1x 5mm aukko (0-1mm annosteltavissa).<br \/>\n1x muurahaisruokaputki<\/p>\n<p><strong>Materiaali:<\/strong> PMMA, PS<\/p>\n<p><strong>Kuvaus:<\/strong> N\u00e4in muurahaiset saavat riitt\u00e4v\u00e4sti kosteutta formikaarion sis\u00e4ll\u00e4. Ihanteellinen my\u00f6s lomakautena. 2 ml:n muurahaisruokaputket voidaan nyt asettaa jalkaan. Pistosyvyyden ansiosta ruokam\u00e4\u00e4r\u00e4 voidaan annostella.<\/p>\n<p><strong>V\u00e4rit:<\/strong> l\u00e4pin\u00e4kyv\u00e4<\/p>","protected":false},"excerpt":{"rendered":"<p>Mitat: 2 ml<\/p>","protected":false},"featured_media":3136,"comment_status":"open","ping_status":"closed","template":"","meta":{"_acf_changed":false,"content-type":"","_monsterinsights_skip_tracking":false,"_monsterinsights_sitenote_active":false,"_monsterinsights_sitenote_note":"","_monsterinsights_sitenote_category":0},"product_brand":[],"product_cat":[115,117],"product_tag":[],"class_list":{"0":"post-3087","1":"product","2":"type-product","3":"status-publish","4":"has-post-thumbnail","6":"product_cat-food-and-feeding","7":"product_cat-drinkers-for-ants","9":"first","10":"instock","11":"taxable","12":"shipping-taxable","13":"purchasable","14":"product-type-simple"},"acf":[],"aioseo_notices":[],"jetpack_sharing_enabled":true,"_links":{"self":[{"href":"https:\/\/antcube.shop\/fi\/wp-json\/wp\/v2\/product\/3087","targetHints":{"allow":["GET"]}}],"collection":[{"href":"https:\/\/antcube.shop\/fi\/wp-json\/wp\/v2\/product"}],"about":[{"href":"https:\/\/antcube.shop\/fi\/wp-json\/wp\/v2\/types\/product"}],"replies":[{"embeddable":true,"href":"https:\/\/antcube.shop\/fi\/wp-json\/wp\/v2\/comments?post=3087"}],"wp:featuredmedia":[{"embeddable":true,"href":"https:\/\/antcube.shop\/fi\/wp-json\/wp\/v2\/media\/3136"}],"wp:attachment":[{"href":"https:\/\/antcube.shop\/fi\/wp-json\/wp\/v2\/media?parent=3087"}],"wp:term":[{"taxonomy":"product_brand","embeddable":true,"href":"https:\/\/antcube.shop\/fi\/wp-json\/wp\/v2\/product_brand?post=3087"},{"taxonomy":"product_cat","embeddable":true,"href":"https:\/\/antcube.shop\/fi\/wp-json\/wp\/v2\/product_cat?post=3087"},{"taxonomy":"product_tag","embeddable":true,"href":"https:\/\/antcube.shop\/fi\/wp-json\/wp\/v2\/product_tag?post=3087"}],"curies":[{"name":"wp","href":"https:\/\/api.w.org\/{rel}","templated":true}]}}