{"id":2872,"date":"2021-10-13T18:47:01","date_gmt":"2021-10-13T16:47:01","guid":{"rendered":"https:\/\/antcube.shop\/produkt\/formicarienunterlage-20x6cm\/"},"modified":"2026-04-02T22:01:20","modified_gmt":"2026-04-02T20:01:20","slug":"formicarienunterlage-20x6cm","status":"publish","type":"product","link":"https:\/\/antcube.shop\/fi\/tuote\/formicarienunterlage-20x6cm\/","title":{"rendered":"Formicarium-tyyny - 20x6cm"},"content":{"rendered":"<p><strong>Mitat:<\/strong> 190 x 60 x 4mm<\/p>\n<p><strong>Materiaali:<\/strong> PE-vaahto<\/p>\n<p><strong>V\u00e4ri:<\/strong> harmaa<\/p>\n<p><strong>Sis\u00e4lt\u00f6:<\/strong> 1 kpl.<\/p>\n<p><strong>Kuvaus:<\/strong><br \/>\nFormicarium-tyyny on valmistettu pehme\u00e4st\u00e4 vaahtomateriaalista.<br \/>\nSe suojaa formikariumia sek\u00e4 huonekalua, jonka p\u00e4\u00e4ll\u00e4 formikarium seisoo, naarmuilta.<br \/>\nLis\u00e4ksi tyyny toimii l\u00e4mp\u00f6eristeen\u00e4, joka kompensoi pienimm\u00e4tkin ep\u00e4tasaisuudet ja suojaa my\u00f6s t\u00e4rin\u00e4lt\u00e4.<\/p>","protected":false},"excerpt":{"rendered":"<p>Mitat: Materiaali: 300 x 300 x 4mm: Materiaali: PE-vaahto V\u00e4ri: harmaa Sis\u00e4lt\u00f6: PE-vaahto 1 kpl. Kuvaus: Formicarium-tyyny on valmistettu pehme\u00e4st\u00e4 vaahtomuovimateriaalista. Se suojaa formikariumia sek\u00e4 huonekalua, jonka p\u00e4\u00e4ll\u00e4 formikarium seisoo, naarmuilta. Lis\u00e4ksi tyyny toimii l\u00e4mp\u00f6eristeen\u00e4 kompensoidakseen","protected":false},"featured_media":312,"comment_status":"open","ping_status":"closed","template":"","meta":{"_acf_changed":false,"content-type":"","_monsterinsights_skip_tracking":false,"_monsterinsights_sitenote_active":false,"_monsterinsights_sitenote_note":"","_monsterinsights_sitenote_category":0},"product_brand":[],"product_cat":[119,239],"product_tag":[],"class_list":{"0":"post-2872","1":"product","2":"type-product","3":"status-publish","4":"has-post-thumbnail","6":"product_cat-formicarium-components","7":"product_cat-useful-additions","9":"first","10":"instock","11":"taxable","12":"shipping-taxable","13":"purchasable","14":"product-type-simple"},"acf":[],"aioseo_notices":[],"jetpack_sharing_enabled":true,"_links":{"self":[{"href":"https:\/\/antcube.shop\/fi\/wp-json\/wp\/v2\/product\/2872","targetHints":{"allow":["GET"]}}],"collection":[{"href":"https:\/\/antcube.shop\/fi\/wp-json\/wp\/v2\/product"}],"about":[{"href":"https:\/\/antcube.shop\/fi\/wp-json\/wp\/v2\/types\/product"}],"replies":[{"embeddable":true,"href":"https:\/\/antcube.shop\/fi\/wp-json\/wp\/v2\/comments?post=2872"}],"wp:featuredmedia":[{"embeddable":true,"href":"https:\/\/antcube.shop\/fi\/wp-json\/wp\/v2\/media\/312"}],"wp:attachment":[{"href":"https:\/\/antcube.shop\/fi\/wp-json\/wp\/v2\/media?parent=2872"}],"wp:term":[{"taxonomy":"product_brand","embeddable":true,"href":"https:\/\/antcube.shop\/fi\/wp-json\/wp\/v2\/product_brand?post=2872"},{"taxonomy":"product_cat","embeddable":true,"href":"https:\/\/antcube.shop\/fi\/wp-json\/wp\/v2\/product_cat?post=2872"},{"taxonomy":"product_tag","embeddable":true,"href":"https:\/\/antcube.shop\/fi\/wp-json\/wp\/v2\/product_tag?post=2872"}],"curies":[{"name":"wp","href":"https:\/\/api.w.org\/{rel}","templated":true}]}}