{"id":2871,"date":"2021-10-13T18:46:51","date_gmt":"2021-10-13T16:46:51","guid":{"rendered":"https:\/\/antcube.shop\/produkt\/beckenverbinder-b-27-und-s-10-16-mm-m25-set\/"},"modified":"2026-04-29T09:58:27","modified_gmt":"2026-04-29T07:58:27","slug":"beckenverbinder-b-27-und-s-10-16-mm-m25-set","status":"publish","type":"product","link":"https:\/\/antcube.shop\/fi\/tuote\/beckenverbinder-b-27-und-s-10-16-mm-m25-set\/","title":{"rendered":"Altaan liitin B-27 ja S-10-16 mm M25 - sarja"},"content":{"rendered":"<p><strong>Mitat:<\/strong> poraus 27 ja letku 10-16 mm:lle<\/p>\n<p><strong>Sis\u00e4lt\u00f6:<\/strong><br \/>\n1x ruuvisovitin<br \/>\n1x lukkomutteri<\/p>\n<p><strong>Kuvaus:<\/strong> T\u00e4m\u00e4 altaan liitin ty\u00f6nnet\u00e4\u00e4n rei\u00e4n l\u00e4pi ja ruuvataan mukana tulevalla lukkomutterilla. N\u00e4in varmistetaan, ett\u00e4 liitos on katkeamattomana ja pysyy tukevasti paikallaan my\u00f6s altaita siirrett\u00e4ess\u00e4. Toiseen p\u00e4\u00e4h\u00e4n ty\u00f6nnet\u00e4\u00e4n sopiva letku.<\/p>","protected":false},"excerpt":{"rendered":"<p>Mitat: rei\u00e4lle 27 ja letkulle 10-16 mm Sis\u00e4lt\u00f6: Kuvaus: 1x ruuvisovitin 1x vastamutteri T\u00e4m\u00e4 altaan liitin, ty\u00f6nnet\u00e4\u00e4n rei\u00e4n l\u00e4pi ja ruuvataan mukana tulevalla lukkomutterilla. N\u00e4in varmistetaan, ett\u00e4 liitos on katkeamattomana ja se pysyy tukevasti my\u00f6s altaita siirrett\u00e4ess\u00e4. Toiseen p\u00e4\u00e4h\u00e4n ty\u00f6nnet\u00e4\u00e4n sopiva letku.<\/p>","protected":false},"featured_media":2991,"comment_status":"open","ping_status":"closed","template":"","meta":{"_acf_changed":false,"content-type":"","_monsterinsights_skip_tracking":false,"_monsterinsights_sitenote_active":false,"_monsterinsights_sitenote_note":"","_monsterinsights_sitenote_category":0},"product_brand":[],"product_cat":[121],"product_tag":[],"class_list":{"0":"post-2871","1":"product","2":"type-product","3":"status-publish","4":"has-post-thumbnail","6":"product_cat-connectors","8":"first","9":"instock","10":"taxable","11":"shipping-taxable","12":"purchasable","13":"product-type-simple"},"acf":[],"aioseo_notices":[],"jetpack_sharing_enabled":true,"_links":{"self":[{"href":"https:\/\/antcube.shop\/fi\/wp-json\/wp\/v2\/product\/2871","targetHints":{"allow":["GET"]}}],"collection":[{"href":"https:\/\/antcube.shop\/fi\/wp-json\/wp\/v2\/product"}],"about":[{"href":"https:\/\/antcube.shop\/fi\/wp-json\/wp\/v2\/types\/product"}],"replies":[{"embeddable":true,"href":"https:\/\/antcube.shop\/fi\/wp-json\/wp\/v2\/comments?post=2871"}],"wp:featuredmedia":[{"embeddable":true,"href":"https:\/\/antcube.shop\/fi\/wp-json\/wp\/v2\/media\/2991"}],"wp:attachment":[{"href":"https:\/\/antcube.shop\/fi\/wp-json\/wp\/v2\/media?parent=2871"}],"wp:term":[{"taxonomy":"product_brand","embeddable":true,"href":"https:\/\/antcube.shop\/fi\/wp-json\/wp\/v2\/product_brand?post=2871"},{"taxonomy":"product_cat","embeddable":true,"href":"https:\/\/antcube.shop\/fi\/wp-json\/wp\/v2\/product_cat?post=2871"},{"taxonomy":"product_tag","embeddable":true,"href":"https:\/\/antcube.shop\/fi\/wp-json\/wp\/v2\/product_tag?post=2871"}],"curies":[{"name":"wp","href":"https:\/\/api.w.org\/{rel}","templated":true}]}}