{"id":2869,"date":"2021-10-13T18:46:31","date_gmt":"2021-10-13T16:46:31","guid":{"rendered":"https:\/\/antcube.shop\/produkt\/antcube-gipsnest-20x20-liegend\/"},"modified":"2026-04-24T10:52:36","modified_gmt":"2026-04-24T08:52:36","slug":"antcube-gipsnest-20x20-liegend","status":"publish","type":"product","link":"https:\/\/antcube.shop\/fi\/tuote\/antcube-gipsnest-20x20-liegend\/","title":{"rendered":"ANTCUBE - kipsipes\u00e4 20\u00d720 - makaa"},"content":{"rendered":"<p><strong>Mitat:<\/strong><br \/>\n<strong>Kipsipes\u00e4: <\/strong>190 x 190 x 20mm<br \/>\n<strong>Lasinen kansi:<\/strong> 179 x 179 x 4mm<\/p>\n<p><strong>Materiaali:<\/strong> Kipsi<\/p>\n<p><strong>Sis\u00e4lt\u00f6:<\/strong><br \/>\n1x kipsipes\u00e4 20\u00d720 kahdella liit\u00e4nt\u00e4pistorasialla M 10\/08<br \/>\n1x lasikansi 50mm rei\u00e4ll\u00e4<br \/>\n1x akryyli - rengas 50mm 27mm reik\u00e4\u00e4n<br \/>\n1x Formicariumin pohja 20\u00d720<br \/>\n2x ritil\u00e4korkki - 10mm - ruostumatonta ter\u00e4st\u00e4<br \/>\n1x ritil\u00e4kotelo - 27mm - ruostumaton ter\u00e4s<\/p>\n<p><strong>Kuvaus:<\/strong> Kipsipes\u00e4mme, jossa on valmiiksi valmistettuja k\u00e4yt\u00e4vi\u00e4 ja kammioita, sopii monille muurahaislajeille, erityisesti lajeille, jotka rakentavat pes\u00e4ns\u00e4 hyvin hiekkaiseen tai kiviseen maaper\u00e4\u00e4n. Siin\u00e4 on kaksi liit\u00e4nt\u00e4pistoketta pes\u00e4\u00e4n p\u00e4\u00e4sy\u00e4 varten. Kipsill\u00e4 on ominaisuus ime\u00e4 itseens\u00e4 vett\u00e4, joten tietty m\u00e4\u00e4r\u00e4 kosteutta varastoituu. Kipsipes\u00e4\u00e4 ei kuitenkaan pid\u00e4 k\u00e4ytt\u00e4\u00e4 pysyv\u00e4sti kosteana, koska muuten se voi aiheuttaa homehtumista (muurahaisten ruokaj\u00e4\u00e4mist\u00e4 tai ulosteista). Siksi t\u00e4\u00e4ll\u00e4 olisi mahdollisuuksien mukaan pidett\u00e4v\u00e4 melko kuivilta alueilta per\u00e4isin olevia lajeja. T\u00e4llaisia olisivat esimerkiksi V\u00e4limeren tai aavikkoalueiden lajit.<\/p>\n<p><strong>Huom:<\/strong> Rakenteensa vuoksi ne eiv\u00e4t sovellu hyvin pienille lajeille (esim. Pheidole-lajit, Temnothorax-lajit), ja niiss\u00e4 voi esiinty\u00e4 0,3-0,5 mm:n aukkoja.<\/p>\n<p>Huomautus liit\u00e4nt\u00e4pistokkeista<br \/>\nHuomioi letkuja kiinnitt\u00e4ess\u00e4si tai irrottaessasi seuraavat seikat:<br \/>\nJos letkua on hyvin vaikea sovittaa liitinholkkiin, holkki on hierottava kevyesti pisaralla murtumissuoja\u00f6ljy\u00e4 tai -jauhetta. T\u00e4m\u00e4n j\u00e4lkeen letku on ty\u00f6nnett\u00e4v\u00e4 holkkiin kiert\u00e4m\u00e4ll\u00e4 tai ruuvaamalla, ilman ett\u00e4 holkkia rasitetaan yl\u00f6s- ja alasp\u00e4in suuntautuvilla liikkeill\u00e4. Sama p\u00e4tee, kun letkut irrotetaan liitosholkista. \u00c4l\u00e4 yksinkertaisesti ved\u00e4 irti!<\/p>\n<p>&nbsp;<\/p>\n<p>&nbsp;<\/p>","protected":false},"excerpt":{"rendered":"<p>Mitat: Kipsipes\u00e4: 190 x 190 x 20mm Lasikansi: 179 x 179 x 4mm Materiaali: Materiaali: Kipsi Sis\u00e4lt\u00f6: Kipsi: 1x kipsinpes\u00e4 20\u00d720 kahdella liit\u00e4nt\u00e4rasialla M 10\/08 1x lasikansi 50mm rei\u00e4ll\u00e4 1x akryyli - rengas 50mm 27mm reik\u00e4\u00e4n 1x Formicarium pohja 20\u00d720 2x ritil\u00e4korkki - 10mm - ruostumaton ter\u00e4s 1x [...]","protected":false},"featured_media":3194,"comment_status":"open","ping_status":"closed","template":"","meta":{"_acf_changed":false,"content-type":"","_monsterinsights_skip_tracking":false,"_monsterinsights_sitenote_active":false,"_monsterinsights_sitenote_note":"","_monsterinsights_sitenote_category":0},"product_brand":[],"product_cat":[80,86],"product_tag":[],"class_list":{"0":"post-2869","1":"product","2":"type-product","3":"status-publish","4":"has-post-thumbnail","6":"product_cat-antfarms","7":"product_cat-formicariums","9":"first","10":"instock","11":"taxable","12":"shipping-taxable","13":"purchasable","14":"product-type-simple"},"acf":[],"aioseo_notices":[],"jetpack_sharing_enabled":true,"_links":{"self":[{"href":"https:\/\/antcube.shop\/fi\/wp-json\/wp\/v2\/product\/2869","targetHints":{"allow":["GET"]}}],"collection":[{"href":"https:\/\/antcube.shop\/fi\/wp-json\/wp\/v2\/product"}],"about":[{"href":"https:\/\/antcube.shop\/fi\/wp-json\/wp\/v2\/types\/product"}],"replies":[{"embeddable":true,"href":"https:\/\/antcube.shop\/fi\/wp-json\/wp\/v2\/comments?post=2869"}],"wp:featuredmedia":[{"embeddable":true,"href":"https:\/\/antcube.shop\/fi\/wp-json\/wp\/v2\/media\/3194"}],"wp:attachment":[{"href":"https:\/\/antcube.shop\/fi\/wp-json\/wp\/v2\/media?parent=2869"}],"wp:term":[{"taxonomy":"product_brand","embeddable":true,"href":"https:\/\/antcube.shop\/fi\/wp-json\/wp\/v2\/product_brand?post=2869"},{"taxonomy":"product_cat","embeddable":true,"href":"https:\/\/antcube.shop\/fi\/wp-json\/wp\/v2\/product_cat?post=2869"},{"taxonomy":"product_tag","embeddable":true,"href":"https:\/\/antcube.shop\/fi\/wp-json\/wp\/v2\/product_tag?post=2869"}],"curies":[{"name":"wp","href":"https:\/\/api.w.org\/{rel}","templated":true}]}}