{"id":2868,"date":"2021-10-13T18:43:30","date_gmt":"2021-10-13T16:43:30","guid":{"rendered":"https:\/\/antcube.shop\/produkt\/antcube-gipsnest-20x20-stehend\/"},"modified":"2026-04-10T12:30:13","modified_gmt":"2026-04-10T10:30:13","slug":"antcube-gipsnest-20x20-stehend","status":"publish","type":"product","link":"https:\/\/antcube.shop\/fi\/tuote\/antcube-gipsnest-20x20-stehend\/","title":{"rendered":"ANTCUBE - Kipsipes\u00e4 20\u00d720 - seisova"},"content":{"rendered":"<p><strong>Mitat:<\/strong> 182 x 159 x 19,5 mm<\/p>\n<p><strong>Materiaali:<\/strong> Kipsi\/ kipsi<\/p>\n<p>Sopii vain muurahaispuiston kokoon <strong>L<\/strong><\/p>\n<p><strong>Kuvaus:<\/strong> Kipsipes\u00e4mme, jossa on valmiiksi valmistettuja k\u00e4yt\u00e4vi\u00e4 ja kammioita, sopii monille muurahaislajeille, erityisesti lajeille, jotka rakentavat pes\u00e4ns\u00e4 hyvin hiekkaiseen tai kiviseen maaper\u00e4\u00e4n. Siin\u00e4 on reik\u00e4 pes\u00e4\u00e4n p\u00e4\u00e4sy\u00e4 varten. Kipsill\u00e4 on ominaisuus ime\u00e4 itseens\u00e4 vett\u00e4, joten tietty m\u00e4\u00e4r\u00e4 kosteutta varastoituu. Kipsipes\u00e4\u00e4 ei kuitenkaan pid\u00e4 k\u00e4ytt\u00e4\u00e4 pysyv\u00e4sti kosteana, koska muuten se voi johtaa homeeseen (muurahaisten ruokaj\u00e4\u00e4mist\u00e4 tai ulosteista). Siksi t\u00e4\u00e4ll\u00e4 olisi mahdollisuuksien mukaan pidett\u00e4v\u00e4 melko kuivilta alueilta per\u00e4isin olevia lajeja. T\u00e4llaisia olisivat esimerkiksi V\u00e4limeren tai aavikkoalueiden lajit.<\/p>\n<p>&nbsp;<\/p>","protected":false},"excerpt":{"rendered":"<p>Sopii vain muurahaispuiston kokoon <strong>L<\/strong><\/p>","protected":false},"featured_media":351,"comment_status":"open","ping_status":"closed","template":"","meta":{"_acf_changed":false,"content-type":"","_monsterinsights_skip_tracking":false,"_monsterinsights_sitenote_active":false,"_monsterinsights_sitenote_note":"","_monsterinsights_sitenote_category":0},"product_brand":[],"product_cat":[87,90],"product_tag":[],"class_list":{"0":"post-2868","1":"product","2":"type-product","3":"status-publish","4":"has-post-thumbnail","6":"product_cat-nest-insets","7":"product_cat-gypsum","9":"first","10":"instock","11":"taxable","12":"shipping-taxable","13":"purchasable","14":"product-type-simple"},"acf":[],"aioseo_notices":[],"jetpack_sharing_enabled":true,"_links":{"self":[{"href":"https:\/\/antcube.shop\/fi\/wp-json\/wp\/v2\/product\/2868","targetHints":{"allow":["GET"]}}],"collection":[{"href":"https:\/\/antcube.shop\/fi\/wp-json\/wp\/v2\/product"}],"about":[{"href":"https:\/\/antcube.shop\/fi\/wp-json\/wp\/v2\/types\/product"}],"replies":[{"embeddable":true,"href":"https:\/\/antcube.shop\/fi\/wp-json\/wp\/v2\/comments?post=2868"}],"wp:featuredmedia":[{"embeddable":true,"href":"https:\/\/antcube.shop\/fi\/wp-json\/wp\/v2\/media\/351"}],"wp:attachment":[{"href":"https:\/\/antcube.shop\/fi\/wp-json\/wp\/v2\/media?parent=2868"}],"wp:term":[{"taxonomy":"product_brand","embeddable":true,"href":"https:\/\/antcube.shop\/fi\/wp-json\/wp\/v2\/product_brand?post=2868"},{"taxonomy":"product_cat","embeddable":true,"href":"https:\/\/antcube.shop\/fi\/wp-json\/wp\/v2\/product_cat?post=2868"},{"taxonomy":"product_tag","embeddable":true,"href":"https:\/\/antcube.shop\/fi\/wp-json\/wp\/v2\/product_tag?post=2868"}],"curies":[{"name":"wp","href":"https:\/\/api.w.org\/{rel}","templated":true}]}}