{"id":2867,"date":"2021-10-13T18:43:10","date_gmt":"2021-10-13T16:43:10","guid":{"rendered":"https:\/\/antcube.shop\/produkt\/antcube-rote-folie-20x20-filter\/"},"modified":"2026-04-06T13:19:13","modified_gmt":"2026-04-06T11:19:13","slug":"antcube-rote-folie-20x20-suodatin","status":"publish","type":"product","link":"https:\/\/antcube.shop\/fi\/tuote\/antcube-rote-folie-20x20-suodatin\/","title":{"rendered":"ANTCUBE - Punainen kalvo 20\u00d720 - Suodatin"},"content":{"rendered":"<p><strong>Mitat:<\/strong> 19x16cm<\/p>\n<p><strong>Materiaali:<\/strong> PVC<\/p>\n<p><strong>Kuvaus:<\/strong> Punaista l\u00e4pin\u00e4kyv\u00e4\u00e4 kalvoa k\u00e4ytet\u00e4\u00e4n antamaan muurahaisille maanalainen tunne. Siksi suosittelemme k\u00e4ytt\u00e4m\u00e4\u00e4n t\u00e4t\u00e4 tuotetta ainakin osittain pes\u00e4alueella. Muurahaisia voi kuitenkin tarkkailla hyvin pes\u00e4ss\u00e4. Tarkasti leikattu ANTCUBE \"Muurahaisfarmi 20x20cm S\/M\/L - seisova\".<\/p>\n<p>T\u00e4ll\u00e4 suodatinkalvolla on parempi valonsuodatinvaikutus kuin tavallisella peitekalvolla. Kest\u00e4\u00e4 jopa 180 \u00b0C:n l\u00e4mp\u00f6tilaa<\/p>\n<p>Suodatinkalvo pit\u00e4\u00e4 kevyell\u00e4 painalluksella my\u00f6s itsest\u00e4\u00e4n kiinni tarhassa tai pes\u00e4alueella. Vaihtoehtoisesti kiinnitt\u00e4miseen sopii l\u00e4pin\u00e4kyv\u00e4 teippi. Kiinnit\u00e4 vain kahdella pienell\u00e4 nauhalla yl\u00e4kulmiin, jotta kalvo voidaan my\u00f6hemmin nostaa pois ja n\u00e4hd\u00e4 paremmin pes\u00e4alueelle.<\/p>","protected":false},"excerpt":{"rendered":"<p>Mitat: Materiaali: 29x29cm: Materiaali: PVC Kuvaus: PVC: Punainen l\u00e4pin\u00e4kyv\u00e4 kalvo antaa muurahaisille maanalaisen tunteen. Siksi suosittelemme k\u00e4ytt\u00e4m\u00e4\u00e4n t\u00e4t\u00e4 tuotetta ainakin osittain pes\u00e4alueella. Siit\u00e4 huolimatta voit tarkkailla muurahaisia hyvin pes\u00e4ss\u00e4. Tarkasti leikattu ANTCUBE \"Muurahaisfarmi 30x30cm S\/M\/L - seisova\". T\u00e4m\u00e4 suodatinkalvo","protected":false},"featured_media":5105,"comment_status":"open","ping_status":"closed","template":"","meta":{"_acf_changed":false,"content-type":"","_monsterinsights_skip_tracking":false,"_monsterinsights_sitenote_active":false,"_monsterinsights_sitenote_note":"","_monsterinsights_sitenote_category":0},"product_brand":[],"product_cat":[119,239],"product_tag":[],"class_list":{"0":"post-2867","1":"product","2":"type-product","3":"status-publish","4":"has-post-thumbnail","6":"product_cat-formicarium-components","7":"product_cat-useful-additions","9":"first","10":"instock","11":"taxable","12":"shipping-taxable","13":"purchasable","14":"product-type-simple"},"acf":[],"aioseo_notices":[],"jetpack_sharing_enabled":true,"_links":{"self":[{"href":"https:\/\/antcube.shop\/fi\/wp-json\/wp\/v2\/product\/2867","targetHints":{"allow":["GET"]}}],"collection":[{"href":"https:\/\/antcube.shop\/fi\/wp-json\/wp\/v2\/product"}],"about":[{"href":"https:\/\/antcube.shop\/fi\/wp-json\/wp\/v2\/types\/product"}],"replies":[{"embeddable":true,"href":"https:\/\/antcube.shop\/fi\/wp-json\/wp\/v2\/comments?post=2867"}],"wp:featuredmedia":[{"embeddable":true,"href":"https:\/\/antcube.shop\/fi\/wp-json\/wp\/v2\/media\/5105"}],"wp:attachment":[{"href":"https:\/\/antcube.shop\/fi\/wp-json\/wp\/v2\/media?parent=2867"}],"wp:term":[{"taxonomy":"product_brand","embeddable":true,"href":"https:\/\/antcube.shop\/fi\/wp-json\/wp\/v2\/product_brand?post=2867"},{"taxonomy":"product_cat","embeddable":true,"href":"https:\/\/antcube.shop\/fi\/wp-json\/wp\/v2\/product_cat?post=2867"},{"taxonomy":"product_tag","embeddable":true,"href":"https:\/\/antcube.shop\/fi\/wp-json\/wp\/v2\/product_tag?post=2867"}],"curies":[{"name":"wp","href":"https:\/\/api.w.org\/{rel}","templated":true}]}}