{"id":2866,"date":"2021-10-13T18:43:01","date_gmt":"2021-10-13T16:43:01","guid":{"rendered":"https:\/\/antcube.shop\/produkt\/antcube-rote-folie-20x20-selbstklebend\/"},"modified":"2025-10-19T21:05:19","modified_gmt":"2025-10-19T19:05:19","slug":"antcube-rote-folie-20x20-selbstklebend","status":"publish","type":"product","link":"https:\/\/antcube.shop\/fi\/tuote\/antcube-rote-folie-20x20-selbstklebend\/","title":{"rendered":"ANTCUBE - Punainen folio 20\u00d720 - itseliimautuva"},"content":{"rendered":"<p><strong>Mitat:<\/strong> 19x19cm<\/p>\n<p><strong>Materiaali:<\/strong> PVC<\/p>\n<p><strong>Kuvaus:<\/strong> Itseliimautuvaa punaista l\u00e4pin\u00e4kyv\u00e4\u00e4 kalvoa k\u00e4ytet\u00e4\u00e4n antamaan muurahaisille maanalainen tunne. Siksi suosittelemme k\u00e4ytt\u00e4m\u00e4\u00e4n t\u00e4t\u00e4 tuotetta ainakin osittain pes\u00e4alueella. Voit kuitenkin tarkkailla muurahaisia hyvin pes\u00e4ss\u00e4. Tarkasti leikattu ANTCUBE \"Ant farm 20x20cm\" -muurahaisfarmille. <strong>S\/M\/L<\/strong> - seisoo\".<\/p>","protected":false},"excerpt":{"rendered":"<p>Mitat: Materiaali: 29x29cm: Materiaali: PVC Kuvaus: PVC: Punainen l\u00e4pin\u00e4kyv\u00e4 kalvo antaa muurahaisille maanalaisen tunteen. Siksi suosittelemme k\u00e4ytt\u00e4m\u00e4\u00e4n t\u00e4t\u00e4 tuotetta ainakin osittain pes\u00e4alueella. Siit\u00e4 huolimatta voit tarkkailla muurahaisia hyvin pes\u00e4ss\u00e4. Tarkasti leikattu ANTCUBE \"Muurahaisfarmi 30x30cm S\/M\/L - seisova\". T\u00e4m\u00e4 suodatinkalvo<\/p>","protected":false},"featured_media":302,"comment_status":"open","ping_status":"closed","template":"","meta":{"_acf_changed":false,"content-type":"","_monsterinsights_skip_tracking":false,"_monsterinsights_sitenote_active":false,"_monsterinsights_sitenote_note":"","_monsterinsights_sitenote_category":0},"product_brand":[],"product_cat":[119,239],"product_tag":[],"class_list":{"0":"post-2866","1":"product","2":"type-product","3":"status-publish","4":"has-post-thumbnail","6":"product_cat-formicarium-components","7":"product_cat-useful-additions","9":"first","10":"outofstock","11":"taxable","12":"shipping-taxable","13":"purchasable","14":"product-type-simple"},"acf":[],"aioseo_notices":[],"jetpack_sharing_enabled":true,"_links":{"self":[{"href":"https:\/\/antcube.shop\/fi\/wp-json\/wp\/v2\/product\/2866","targetHints":{"allow":["GET"]}}],"collection":[{"href":"https:\/\/antcube.shop\/fi\/wp-json\/wp\/v2\/product"}],"about":[{"href":"https:\/\/antcube.shop\/fi\/wp-json\/wp\/v2\/types\/product"}],"replies":[{"embeddable":true,"href":"https:\/\/antcube.shop\/fi\/wp-json\/wp\/v2\/comments?post=2866"}],"wp:featuredmedia":[{"embeddable":true,"href":"https:\/\/antcube.shop\/fi\/wp-json\/wp\/v2\/media\/302"}],"wp:attachment":[{"href":"https:\/\/antcube.shop\/fi\/wp-json\/wp\/v2\/media?parent=2866"}],"wp:term":[{"taxonomy":"product_brand","embeddable":true,"href":"https:\/\/antcube.shop\/fi\/wp-json\/wp\/v2\/product_brand?post=2866"},{"taxonomy":"product_cat","embeddable":true,"href":"https:\/\/antcube.shop\/fi\/wp-json\/wp\/v2\/product_cat?post=2866"},{"taxonomy":"product_tag","embeddable":true,"href":"https:\/\/antcube.shop\/fi\/wp-json\/wp\/v2\/product_tag?post=2866"}],"curies":[{"name":"wp","href":"https:\/\/api.w.org\/{rel}","templated":true}]}}