{"id":2865,"date":"2021-10-13T18:42:51","date_gmt":"2021-10-13T16:42:51","guid":{"rendered":"https:\/\/antcube.shop\/produkt\/futterspender-2ml-dosierbar\/"},"modified":"2026-04-15T19:37:12","modified_gmt":"2026-04-15T17:37:12","slug":"futterspender-2ml-dosierbar","status":"publish","type":"product","link":"https:\/\/antcube.shop\/fi\/tuote\/futterspender-2ml-dosierbar\/","title":{"rendered":"Rehuannostelija 2ml - annosteltava"},"content":{"rendered":"<p><strong>Mitat:<\/strong> 30x40x50 mm, 2 ml<\/p>\n<p><strong>Sis\u00e4lt\u00f6:<\/strong><br \/>\n1x jalka, jossa 1x 2,5 mm:n aukko (1-2 mm voidaan annostella).<br \/>\n1x muurahaisruokaputki<\/p>\n<p><strong>Materiaali:<\/strong> PMMA, PS<\/p>\n<p><strong>Kuvaus:<\/strong> T\u00e4m\u00e4n annostelijan avulla muurahaiset voivat itse ruokkia itsens\u00e4 tarjotulla ruoalla. Ihanteellinen my\u00f6s lomakautena. 2 ml:n muurahaisruokaputket voidaan asettaa pohjaan. Asetussyvyyden ansiosta voidaan annostella k\u00e4ytett\u00e4viss\u00e4 oleva m\u00e4\u00e4r\u00e4 ruokaa. Annostelija, jossa on 2,5 mm leve\u00e4 ulostuloaukko, sopii kaikille jauhemaisille ruoka-aineillemme sek\u00e4 minor- ja mediajyv\u00e4sekoituksille.<\/p>\n<p><strong>V\u00e4rit:<\/strong> l\u00e4pin\u00e4kyv\u00e4<\/p>","protected":false},"excerpt":{"rendered":"<p>Mitat: 2 ml<\/p>","protected":false},"featured_media":306,"comment_status":"open","ping_status":"closed","template":"","meta":{"_acf_changed":false,"content-type":"","_monsterinsights_skip_tracking":false,"_monsterinsights_sitenote_active":false,"_monsterinsights_sitenote_note":"","_monsterinsights_sitenote_category":0},"product_brand":[],"product_cat":[115,118],"product_tag":[],"class_list":{"0":"post-2865","1":"product","2":"type-product","3":"status-publish","4":"has-post-thumbnail","6":"product_cat-food-and-feeding","7":"product_cat-feeding-bowls","9":"first","10":"instock","11":"taxable","12":"shipping-taxable","13":"purchasable","14":"product-type-simple"},"acf":[],"aioseo_notices":[],"jetpack_sharing_enabled":true,"_links":{"self":[{"href":"https:\/\/antcube.shop\/fi\/wp-json\/wp\/v2\/product\/2865","targetHints":{"allow":["GET"]}}],"collection":[{"href":"https:\/\/antcube.shop\/fi\/wp-json\/wp\/v2\/product"}],"about":[{"href":"https:\/\/antcube.shop\/fi\/wp-json\/wp\/v2\/types\/product"}],"replies":[{"embeddable":true,"href":"https:\/\/antcube.shop\/fi\/wp-json\/wp\/v2\/comments?post=2865"}],"wp:featuredmedia":[{"embeddable":true,"href":"https:\/\/antcube.shop\/fi\/wp-json\/wp\/v2\/media\/306"}],"wp:attachment":[{"href":"https:\/\/antcube.shop\/fi\/wp-json\/wp\/v2\/media?parent=2865"}],"wp:term":[{"taxonomy":"product_brand","embeddable":true,"href":"https:\/\/antcube.shop\/fi\/wp-json\/wp\/v2\/product_brand?post=2865"},{"taxonomy":"product_cat","embeddable":true,"href":"https:\/\/antcube.shop\/fi\/wp-json\/wp\/v2\/product_cat?post=2865"},{"taxonomy":"product_tag","embeddable":true,"href":"https:\/\/antcube.shop\/fi\/wp-json\/wp\/v2\/product_tag?post=2865"}],"curies":[{"name":"wp","href":"https:\/\/api.w.org\/{rel}","templated":true}]}}