{"id":2859,"date":"2021-10-13T18:41:44","date_gmt":"2021-10-13T16:41:44","guid":{"rendered":"https:\/\/antcube.shop\/produkt\/tranke-klar-20ml-schwamm\/"},"modified":"2026-04-07T13:50:19","modified_gmt":"2026-04-07T11:50:19","slug":"tranke-klar-20ml-schwamm","status":"publish","type":"product","link":"https:\/\/antcube.shop\/fi\/tuote\/tranke-klar-20ml-schwamm\/","title":{"rendered":"Juomakaukalo kirkas 20ml - sieni"},"content":{"rendered":"<p><strong>Mitat:<\/strong> 40x50x68 mm, 20 ml<\/p>\n<p><strong>Sis\u00e4lt\u00f6:<\/strong><br \/>\n1x pohja, jossa on 4x 3 mm:n aukkoa ja integroitu sieni.<br \/>\n1x vesis\u00e4ili\u00f6 62x22mm (20ml)<br \/>\n1x sieni 30mm<\/p>\n<p><strong>Materiaali:<\/strong> PS, PMMA, vaahtomuovi (eritt\u00e4in hienohuokoinen ja imukykyinen).<\/p>\n<p><strong>Kuvaus:<\/strong> N\u00e4in muurahaiset saavat riitt\u00e4v\u00e4sti kosteutta formicariumissa. Ihanteellinen my\u00f6s lomakautena. 20 ml:n vesis\u00e4ili\u00f6 voidaan asettaa jalkaan (Huom: \u00c4l\u00e4 ty\u00f6nn\u00e4 s\u00e4ili\u00f6t\u00e4 kokonaan, vaan vain sienen tasolle asti, jotta veden saanti ei keskeydy). Sieni, jonka halkaisija on suurempi kuin kiinnitetyn s\u00e4ili\u00f6n, mahdollistaa kosteuden imeytymisen pohjaan. Pohjassa olevat 4 hienoa 18 mm:n aukkoa, jotka on sijoitettu kaikkiin nelj\u00e4\u00e4n ilmansuuntaan, mahdollistavat kolonioiden ruokinnan, joissa on suuri m\u00e4\u00e4r\u00e4 el\u00e4imi\u00e4. Poistamalla vaahtomuovin el\u00e4imet varmistavat riitt\u00e4v\u00e4n nesteen saannin.<\/p>\n<p><strong>V\u00e4rit:<\/strong> kristallinkirkas, harmaa<\/p>\n<p>&nbsp;<\/p>","protected":false},"excerpt":{"rendered":"<p><strong>Mitat:<\/strong> 40x50x68 mm, 20 ml<\/p>","protected":false},"featured_media":3004,"comment_status":"open","ping_status":"closed","template":"","meta":{"_acf_changed":false,"content-type":"","_monsterinsights_skip_tracking":false,"_monsterinsights_sitenote_active":false,"_monsterinsights_sitenote_note":"","_monsterinsights_sitenote_category":0},"product_brand":[],"product_cat":[115,117],"product_tag":[],"class_list":{"0":"post-2859","1":"product","2":"type-product","3":"status-publish","4":"has-post-thumbnail","6":"product_cat-food-and-feeding","7":"product_cat-drinkers-for-ants","9":"first","10":"instock","11":"taxable","12":"shipping-taxable","13":"purchasable","14":"product-type-simple"},"acf":[],"aioseo_notices":[],"jetpack_sharing_enabled":true,"_links":{"self":[{"href":"https:\/\/antcube.shop\/fi\/wp-json\/wp\/v2\/product\/2859","targetHints":{"allow":["GET"]}}],"collection":[{"href":"https:\/\/antcube.shop\/fi\/wp-json\/wp\/v2\/product"}],"about":[{"href":"https:\/\/antcube.shop\/fi\/wp-json\/wp\/v2\/types\/product"}],"replies":[{"embeddable":true,"href":"https:\/\/antcube.shop\/fi\/wp-json\/wp\/v2\/comments?post=2859"}],"wp:featuredmedia":[{"embeddable":true,"href":"https:\/\/antcube.shop\/fi\/wp-json\/wp\/v2\/media\/3004"}],"wp:attachment":[{"href":"https:\/\/antcube.shop\/fi\/wp-json\/wp\/v2\/media?parent=2859"}],"wp:term":[{"taxonomy":"product_brand","embeddable":true,"href":"https:\/\/antcube.shop\/fi\/wp-json\/wp\/v2\/product_brand?post=2859"},{"taxonomy":"product_cat","embeddable":true,"href":"https:\/\/antcube.shop\/fi\/wp-json\/wp\/v2\/product_cat?post=2859"},{"taxonomy":"product_tag","embeddable":true,"href":"https:\/\/antcube.shop\/fi\/wp-json\/wp\/v2\/product_tag?post=2859"}],"curies":[{"name":"wp","href":"https:\/\/api.w.org\/{rel}","templated":true}]}}