{"id":2856,"date":"2021-10-13T18:41:15","date_gmt":"2021-10-13T16:41:15","guid":{"rendered":"https:\/\/antcube.shop\/produkt\/antcube-ameisenfarm-m-20x20-stehend\/"},"modified":"2026-04-02T22:01:19","modified_gmt":"2026-04-02T20:01:19","slug":"antcube-ameisenfarm-m-20x20-stehend","status":"publish","type":"product","link":"https:\/\/antcube.shop\/fi\/tuote\/antcube-ameisenfarm-m-20x20-stehend\/","title":{"rendered":"ANTCUBE - muurahaisfarmi - M - 20\u00d720 - seisova"},"content":{"rendered":"<p><strong>Mitat (LxSxK):\u00a0<\/strong><br \/>\nUlkopuoli: 232x58x199 mm<br \/>\nsis\u00e4pinta: 184x10x190 mm<\/p>\n<p><strong>Materiaali:<\/strong><br \/>\nFloat-lasi, muovi<\/p>\n<p><strong>V\u00e4ri:<\/strong><br \/>\nkristallinkirkas<\/p>\n<p><strong>Sis\u00e4lt\u00f6:<\/strong><br \/>\n1x ANTCUBE-muurahaisfarmi - 10mm levyv\u00e4li.<br \/>\n1x muurahaispeitto M 20\u00d72<br \/>\n2x pistoke 4mm<\/p>\n<p><strong>Yhteys:<\/strong><br \/>\n2x 8\/10 x 10mm hylsy<br \/>\n2x 4mm reiki\u00e4 4mm tulpilla<\/p>\n<p><strong>Kuvaus:<\/strong><br \/>\nT\u00e4m\u00e4 t\u00e4ysin l\u00e4pin\u00e4kyv\u00e4 muurahaisfarmi sopii M-kokoisille muurahaislajeille.<\/p>\n<p><strong>Tuotantoa koskevat huomautukset<\/strong><br \/>\nLasi on leikattu DIN 1249 -standardin mukaisesti +\/- 1 mm:n toleranssilla. Eritt\u00e4in pienten muurahaislajien kohdalla ylim\u00e4\u00e4r\u00e4inen katkaisusuojaus on v\u00e4ltt\u00e4m\u00e4t\u00f6n.<\/p>\n<p><strong>Tilaa koskeva huomautus<\/strong><br \/>\nHuomioi letkuja kiinnitt\u00e4ess\u00e4si tai irrottaessasi seuraavat seikat:<br \/>\nJos letkua on hyvin vaikea sovittaa liitinholkkiin, holkki on hierottava kevyesti pisaralla murtumissuoja\u00f6ljy\u00e4 tai -jauhetta. T\u00e4m\u00e4n j\u00e4lkeen letku on ty\u00f6nnett\u00e4v\u00e4 holkkiin kiert\u00e4m\u00e4ll\u00e4 tai ruuvaamalla, ilman ett\u00e4 holkkia rasitetaan yl\u00f6s- ja alasp\u00e4in suuntautuvilla liikkeill\u00e4. Sama p\u00e4tee, kun letkut irrotetaan maatilan liit\u00e4nt\u00e4holkista. \u00c4l\u00e4 yksinkertaisesti ved\u00e4 irti!<\/p>\n<p>&nbsp;<\/p>","protected":false},"excerpt":{"rendered":"<p>Yhteys: 8\/10 mm + kansi<\/p>\n<p>Levyjen v\u00e4li: Sis\u00e4puolella 10 mm \/ Ulkopuolella 18 mm<br \/>\nKoko: <strong><span style=\"color: #339966;\">M<\/span><\/strong><\/p>","protected":false},"featured_media":348,"comment_status":"open","ping_status":"closed","template":"","meta":{"_acf_changed":false,"content-type":"","_monsterinsights_skip_tracking":false,"_monsterinsights_sitenote_active":false,"_monsterinsights_sitenote_note":"","_monsterinsights_sitenote_category":0},"product_brand":[],"product_cat":[80,82],"product_tag":[],"class_list":{"0":"post-2856","1":"product","2":"type-product","3":"status-publish","4":"has-post-thumbnail","6":"product_cat-antfarms","7":"product_cat-antfarms-m","9":"first","10":"instock","11":"taxable","12":"shipping-taxable","13":"purchasable","14":"product-type-simple"},"acf":[],"aioseo_notices":[],"jetpack_sharing_enabled":true,"_links":{"self":[{"href":"https:\/\/antcube.shop\/fi\/wp-json\/wp\/v2\/product\/2856","targetHints":{"allow":["GET"]}}],"collection":[{"href":"https:\/\/antcube.shop\/fi\/wp-json\/wp\/v2\/product"}],"about":[{"href":"https:\/\/antcube.shop\/fi\/wp-json\/wp\/v2\/types\/product"}],"replies":[{"embeddable":true,"href":"https:\/\/antcube.shop\/fi\/wp-json\/wp\/v2\/comments?post=2856"}],"wp:featuredmedia":[{"embeddable":true,"href":"https:\/\/antcube.shop\/fi\/wp-json\/wp\/v2\/media\/348"}],"wp:attachment":[{"href":"https:\/\/antcube.shop\/fi\/wp-json\/wp\/v2\/media?parent=2856"}],"wp:term":[{"taxonomy":"product_brand","embeddable":true,"href":"https:\/\/antcube.shop\/fi\/wp-json\/wp\/v2\/product_brand?post=2856"},{"taxonomy":"product_cat","embeddable":true,"href":"https:\/\/antcube.shop\/fi\/wp-json\/wp\/v2\/product_cat?post=2856"},{"taxonomy":"product_tag","embeddable":true,"href":"https:\/\/antcube.shop\/fi\/wp-json\/wp\/v2\/product_tag?post=2856"}],"curies":[{"name":"wp","href":"https:\/\/api.w.org\/{rel}","templated":true}]}}