{"id":2854,"date":"2021-10-13T18:40:55","date_gmt":"2021-10-13T16:40:55","guid":{"rendered":"https:\/\/antcube.shop\/produkt\/mini-thermo-hygrometer-analog-display-hangend\/"},"modified":"2026-04-24T10:00:38","modified_gmt":"2026-04-24T08:00:38","slug":"mini-thermo-hygrometer-analog-naytto-hangend","status":"publish","type":"product","link":"https:\/\/antcube.shop\/fi\/tuote\/mini-thermo-hygrometer-analog-naytto-hangend\/","title":{"rendered":"Mini l\u00e4mp\u00f6- ja kosteusmittari analoginen - n\u00e4ytt\u00f6 - ripustettava"},"content":{"rendered":"<p><strong>Mitat:<\/strong> 75mm x 45mm, 20mm syv\u00e4<\/p>\n<p><strong>Materiaali:<\/strong> metalli \/ akryyli<\/p>\n<p><strong>V\u00e4ri:<\/strong> metalli, hopea \/ l\u00e4pin\u00e4kyv\u00e4<\/p>\n<p><strong>Sis\u00e4lt\u00f6:<\/strong> 1x minil\u00e4mp\u00f6mittari analoginen metalli - 25mm, 1x minihygrometri analoginen metalli - 25mm, 1x akryylilasiteline, jossa on aukot mittauslaitteille - 75x45mm, 1x akryylilasialusta - 75x20mm, 2x l\u00e4pin\u00e4kyv\u00e4t liimatyynyt - 30x20mm.<\/p>\n<p><strong>Kuvaus:<\/strong><br \/>\nSarja koostuu analogisesta l\u00e4mp\u00f6mittarista ja kosteusmittarista, jotka on valmistettu metallista (25 mm) ja jotka on asetettu akryylilasilevyyn (75x45 mm). N\u00e4ytt\u00f6 kiinnitet\u00e4\u00e4n kahdella l\u00e4pin\u00e4kyv\u00e4ll\u00e4 liimatyynyll\u00e4, joilla voidaan kiinnitt\u00e4\u00e4 jalusta (75x20mm) yl\u00e4puolelle kansiin tai kehyksiin.<\/p>\n<p><strong>Vihje:<\/strong><br \/>\nTakapuolella olevien mittauslaitteiden on pysytt\u00e4v\u00e4 vapaana, muutoin mittausvirheit\u00e4 voi esiinty\u00e4.<\/p>\n<p><strong>Tarkkuus:<\/strong> +\/- 2\u00b0C , +\/- 4\u00b0F<br \/>\n<strong>Tarkkuus:<\/strong> +\/- 5%<\/p>","protected":false},"excerpt":{"rendered":"<p>L\u00e4mp\u00f6mittari- ja kosteusmittarisarja, valmistettu metallista (25mm), asetettu akryylilasilevyyn (75x45mm).<\/p>","protected":false},"featured_media":311,"comment_status":"open","ping_status":"closed","template":"","meta":{"_acf_changed":false,"content-type":"","_monsterinsights_skip_tracking":false,"_monsterinsights_sitenote_active":false,"_monsterinsights_sitenote_note":"","_monsterinsights_sitenote_category":0},"product_brand":[],"product_cat":[119,239],"product_tag":[],"class_list":{"0":"post-2854","1":"product","2":"type-product","3":"status-publish","4":"has-post-thumbnail","6":"product_cat-formicarium-components","7":"product_cat-useful-additions","9":"first","10":"instock","11":"taxable","12":"shipping-taxable","13":"purchasable","14":"product-type-simple"},"acf":[],"aioseo_notices":[],"jetpack_sharing_enabled":true,"_links":{"self":[{"href":"https:\/\/antcube.shop\/fi\/wp-json\/wp\/v2\/product\/2854","targetHints":{"allow":["GET"]}}],"collection":[{"href":"https:\/\/antcube.shop\/fi\/wp-json\/wp\/v2\/product"}],"about":[{"href":"https:\/\/antcube.shop\/fi\/wp-json\/wp\/v2\/types\/product"}],"replies":[{"embeddable":true,"href":"https:\/\/antcube.shop\/fi\/wp-json\/wp\/v2\/comments?post=2854"}],"wp:featuredmedia":[{"embeddable":true,"href":"https:\/\/antcube.shop\/fi\/wp-json\/wp\/v2\/media\/311"}],"wp:attachment":[{"href":"https:\/\/antcube.shop\/fi\/wp-json\/wp\/v2\/media?parent=2854"}],"wp:term":[{"taxonomy":"product_brand","embeddable":true,"href":"https:\/\/antcube.shop\/fi\/wp-json\/wp\/v2\/product_brand?post=2854"},{"taxonomy":"product_cat","embeddable":true,"href":"https:\/\/antcube.shop\/fi\/wp-json\/wp\/v2\/product_cat?post=2854"},{"taxonomy":"product_tag","embeddable":true,"href":"https:\/\/antcube.shop\/fi\/wp-json\/wp\/v2\/product_tag?post=2854"}],"curies":[{"name":"wp","href":"https:\/\/api.w.org\/{rel}","templated":true}]}}