{"id":2853,"date":"2021-10-13T18:40:45","date_gmt":"2021-10-13T16:40:45","guid":{"rendered":"https:\/\/antcube.shop\/produkt\/gittereinsatz-50mm-edelstahl\/"},"modified":"2026-04-07T09:37:50","modified_gmt":"2026-04-07T07:37:50","slug":"gittereinsatz-50mm-edelstahl","status":"publish","type":"product","link":"https:\/\/antcube.shop\/fi\/tuote\/gittereinsatz-50mm-edelstahl\/","title":{"rendered":"Ristikko - 50mm - ruostumatonta ter\u00e4st\u00e4"},"content":{"rendered":"<p><strong>M\u00e4\u00e4r\u00e4:<\/strong> 1 kpl<\/p>\n<p><strong>Mitat:<\/strong> 50 mm (sis\u00e4halkaisija), 56\u00d74 mm (ulkomitat).<\/p>\n<p><strong>V\u00e4ri:<\/strong> l\u00e4pin\u00e4kyv\u00e4<\/p>\n<p><strong>Materiaali:<\/strong> ruostumaton ter\u00e4s, akryylilasi<\/p>\n<p><strong>Kuvaus:<\/strong><br \/>\nT\u00e4m\u00e4 hyvin hienojakoinen ruostumattomasta ter\u00e4ksest\u00e4 valmistettu ristikko (0,2 mm) voidaan asettaa 50 mm:n reikiin, ja se tarjoaa hyv\u00e4n ilmanvaihdon ilman, ett\u00e4 muurahaiset voivat murtautua ulos.<br \/>\nJos kiinnitys tapahtuu sivusuunnassa, suosittelemme lis\u00e4varmistusta kaupallisesti saatavilla olevilla liimoilla, jotta v\u00e4ltet\u00e4\u00e4n mahdollisten iskujen aiheuttama putoaminen.<\/p>\n<p><strong>Huom:<\/strong> Soveltuu my\u00f6s eritt\u00e4in voimakkaasti pureville lajeille, kuten lehtimuurahaisille!<\/p>\n<p>&nbsp;<\/p>","protected":false},"excerpt":{"rendered":"<p>M\u00e4\u00e4r\u00e4: Mitat: 1 kpl: V\u00e4ri: l\u00e4pin\u00e4kyv\u00e4 Materiaali: ruostumaton ter\u00e4s, akryylilasi Kuvaus: T\u00e4m\u00e4 ritil\u00e4sis\u00e4ke, jossa on eritt\u00e4in hieno ruostumattomasta ter\u00e4ksest\u00e4 valmistettu ritil\u00e4 (0,2 mm), voidaan asettaa reikiin 50 mm ja se tarjoaa hyv\u00e4n formicariumin ilmanvaihdon ilman, ett\u00e4 muurahaiset voivat murtautua ulos. Jos kyseess\u00e4 on sivuttainen kiinnitys, me","protected":false},"featured_media":338,"comment_status":"open","ping_status":"closed","template":"","meta":{"_acf_changed":false,"content-type":"","_monsterinsights_skip_tracking":false,"_monsterinsights_sitenote_active":false,"_monsterinsights_sitenote_note":"","_monsterinsights_sitenote_category":0},"product_brand":[],"product_cat":[238],"product_tag":[],"class_list":{"0":"post-2853","1":"product","2":"type-product","3":"status-publish","4":"has-post-thumbnail","6":"product_cat-grid-caps-plugs-and-inserts","8":"first","9":"outofstock","10":"taxable","11":"shipping-taxable","12":"purchasable","13":"product-type-simple"},"acf":[],"aioseo_notices":[],"jetpack_sharing_enabled":true,"_links":{"self":[{"href":"https:\/\/antcube.shop\/fi\/wp-json\/wp\/v2\/product\/2853","targetHints":{"allow":["GET"]}}],"collection":[{"href":"https:\/\/antcube.shop\/fi\/wp-json\/wp\/v2\/product"}],"about":[{"href":"https:\/\/antcube.shop\/fi\/wp-json\/wp\/v2\/types\/product"}],"replies":[{"embeddable":true,"href":"https:\/\/antcube.shop\/fi\/wp-json\/wp\/v2\/comments?post=2853"}],"wp:featuredmedia":[{"embeddable":true,"href":"https:\/\/antcube.shop\/fi\/wp-json\/wp\/v2\/media\/338"}],"wp:attachment":[{"href":"https:\/\/antcube.shop\/fi\/wp-json\/wp\/v2\/media?parent=2853"}],"wp:term":[{"taxonomy":"product_brand","embeddable":true,"href":"https:\/\/antcube.shop\/fi\/wp-json\/wp\/v2\/product_brand?post=2853"},{"taxonomy":"product_cat","embeddable":true,"href":"https:\/\/antcube.shop\/fi\/wp-json\/wp\/v2\/product_cat?post=2853"},{"taxonomy":"product_tag","embeddable":true,"href":"https:\/\/antcube.shop\/fi\/wp-json\/wp\/v2\/product_tag?post=2853"}],"curies":[{"name":"wp","href":"https:\/\/api.w.org\/{rel}","templated":true}]}}