{"id":2850,"date":"2021-10-13T18:40:15","date_gmt":"2021-10-13T16:40:15","guid":{"rendered":"https:\/\/antcube.shop\/produkt\/gitterkappe-16mm-edelstahl\/"},"modified":"2026-04-03T11:58:46","modified_gmt":"2026-04-03T09:58:46","slug":"gitterkappe-16mm-edelstahl","status":"publish","type":"product","link":"https:\/\/antcube.shop\/fi\/tuote\/gitterkappe-16mm-edelstahl\/","title":{"rendered":"Ristikkokorkki - 16mm - Ruostumaton ter\u00e4s"},"content":{"rendered":"<p><strong>M\u00e4\u00e4r\u00e4:<\/strong> 1 kpl<\/p>\n<p><strong>Mitat:<\/strong> 16 mm (sis\u00e4halkaisija), 20\u00d74 mm (ulkomitat).<\/p>\n<p><strong>V\u00e4ri:<\/strong> l\u00e4pin\u00e4kyv\u00e4<\/p>\n<p><strong>Materiaali:<\/strong> ruostumaton ter\u00e4s, akryyli<\/p>\n<p><strong>Kuvaus:<\/strong><br \/>\nT\u00e4m\u00e4 eritt\u00e4in hienolla ruostumattomasta ter\u00e4ksest\u00e4 valmistetulla ritil\u00e4ll\u00e4 (0,2 mm) varustettu ritil\u00e4korkki voidaan kiinnitt\u00e4\u00e4 pistorasiaan, putkeen tai letkun p\u00e4\u00e4h\u00e4n, ja se tarjoaa hyv\u00e4n formikariumin tuuletuksen ilman, ett\u00e4 muurahaiset p\u00e4\u00e4sev\u00e4t karkaamaan ulos. Sek\u00e4 ruostumattomasta ter\u00e4ksest\u00e4 valmistettu ritil\u00e4 ett\u00e4 akryylilasi ovat l\u00e4pin\u00e4kyvi\u00e4.<\/p>\n<p><strong>Huom:<\/strong> Soveltuu my\u00f6s eritt\u00e4in voimakkaasti pureville lajeille, kuten lehtimuurahaisille!<\/p>\n<p>&nbsp;<\/p>","protected":false},"excerpt":{"rendered":"<p>M\u00e4\u00e4r\u00e4: Mitat: 1 kpl: V\u00e4ri: l\u00e4pin\u00e4kyv\u00e4 Materiaali: ruostumaton ter\u00e4s, akryyli Kuvaus: T\u00e4m\u00e4 eritt\u00e4in hienolla ruostumattomasta ter\u00e4ksest\u00e4 valmistetulla ritil\u00e4ll\u00e4 (0,2 mm) varustettu ritil\u00e4korkki voidaan asettaa pistorasiaan, putkeen tai letkun p\u00e4\u00e4h\u00e4n, ja se tarjoaa hyv\u00e4n formikaarion tuuletuksen ilman, ett\u00e4 muurahaiset p\u00e4\u00e4sev\u00e4t karkaamaan ulos. Sek\u00e4","protected":false},"featured_media":336,"comment_status":"open","ping_status":"closed","template":"","meta":{"_acf_changed":false,"content-type":"","_monsterinsights_skip_tracking":false,"_monsterinsights_sitenote_active":false,"_monsterinsights_sitenote_note":"","_monsterinsights_sitenote_category":0},"product_brand":[],"product_cat":[238],"product_tag":[],"class_list":{"0":"post-2850","1":"product","2":"type-product","3":"status-publish","4":"has-post-thumbnail","6":"product_cat-grid-caps-plugs-and-inserts","8":"first","9":"instock","10":"taxable","11":"shipping-taxable","12":"purchasable","13":"product-type-simple"},"acf":[],"aioseo_notices":[],"jetpack_sharing_enabled":true,"_links":{"self":[{"href":"https:\/\/antcube.shop\/fi\/wp-json\/wp\/v2\/product\/2850","targetHints":{"allow":["GET"]}}],"collection":[{"href":"https:\/\/antcube.shop\/fi\/wp-json\/wp\/v2\/product"}],"about":[{"href":"https:\/\/antcube.shop\/fi\/wp-json\/wp\/v2\/types\/product"}],"replies":[{"embeddable":true,"href":"https:\/\/antcube.shop\/fi\/wp-json\/wp\/v2\/comments?post=2850"}],"wp:featuredmedia":[{"embeddable":true,"href":"https:\/\/antcube.shop\/fi\/wp-json\/wp\/v2\/media\/336"}],"wp:attachment":[{"href":"https:\/\/antcube.shop\/fi\/wp-json\/wp\/v2\/media?parent=2850"}],"wp:term":[{"taxonomy":"product_brand","embeddable":true,"href":"https:\/\/antcube.shop\/fi\/wp-json\/wp\/v2\/product_brand?post=2850"},{"taxonomy":"product_cat","embeddable":true,"href":"https:\/\/antcube.shop\/fi\/wp-json\/wp\/v2\/product_cat?post=2850"},{"taxonomy":"product_tag","embeddable":true,"href":"https:\/\/antcube.shop\/fi\/wp-json\/wp\/v2\/product_tag?post=2850"}],"curies":[{"name":"wp","href":"https:\/\/api.w.org\/{rel}","templated":true}]}}