{"id":2848,"date":"2021-10-13T18:39:56","date_gmt":"2021-10-13T16:39:56","guid":{"rendered":"https:\/\/antcube.shop\/produkt\/tranke-2ml-360-grad\/"},"modified":"2026-04-15T13:38:08","modified_gmt":"2026-04-15T11:38:08","slug":"tranke-2ml-360-grad","status":"publish","type":"product","link":"https:\/\/antcube.shop\/fi\/tuote\/tranke-2ml-360-grad\/","title":{"rendered":"Juomakaukalo 2ml - 360 astetta"},"content":{"rendered":"<p><strong>Mitat:<\/strong> 30x40x52 mm, 2 ml<\/p>\n<p><strong>Sis\u00e4lt\u00f6:<\/strong><br \/>\n1x jalka, jossa 24x 0,5mm aukkoa<br \/>\n1x muurahaisruokaputki<\/p>\n<p><strong>Materiaali:<\/strong> PLA, PS, PMMA<\/p>\n<p><strong>Kuvaus:<\/strong> N\u00e4in muurahaiset saavat riitt\u00e4v\u00e4sti kosteutta formikariumin sis\u00e4ll\u00e4. Ihanteellinen my\u00f6s lomakautena. 2 ml:n muurahaisruokaputket voidaan nyt ty\u00f6nt\u00e4\u00e4 jalkaan. 360\u00b0:n kulmaan sijoitettujen 24 hienon 0,5 mm:n aukon ansiosta voidaan ruokkia hyvin monien ja hyvin pienten lajien pes\u00e4kkeit\u00e4.<\/p>\n<p><strong>V\u00e4ri:<\/strong> l\u00e4pin\u00e4kyv\u00e4<\/p>\n<p>&nbsp;<\/p>","protected":false},"excerpt":{"rendered":"<p>Mitat: 2 ml<\/p>","protected":false},"featured_media":305,"comment_status":"open","ping_status":"closed","template":"","meta":{"_acf_changed":false,"content-type":"","_monsterinsights_skip_tracking":false,"_monsterinsights_sitenote_active":false,"_monsterinsights_sitenote_note":"","_monsterinsights_sitenote_category":0},"product_brand":[],"product_cat":[115,117],"product_tag":[],"class_list":{"0":"post-2848","1":"product","2":"type-product","3":"status-publish","4":"has-post-thumbnail","6":"product_cat-food-and-feeding","7":"product_cat-drinkers-for-ants","9":"first","10":"instock","11":"taxable","12":"shipping-taxable","13":"purchasable","14":"product-type-simple"},"acf":[],"aioseo_notices":[],"jetpack_sharing_enabled":true,"_links":{"self":[{"href":"https:\/\/antcube.shop\/fi\/wp-json\/wp\/v2\/product\/2848","targetHints":{"allow":["GET"]}}],"collection":[{"href":"https:\/\/antcube.shop\/fi\/wp-json\/wp\/v2\/product"}],"about":[{"href":"https:\/\/antcube.shop\/fi\/wp-json\/wp\/v2\/types\/product"}],"replies":[{"embeddable":true,"href":"https:\/\/antcube.shop\/fi\/wp-json\/wp\/v2\/comments?post=2848"}],"wp:featuredmedia":[{"embeddable":true,"href":"https:\/\/antcube.shop\/fi\/wp-json\/wp\/v2\/media\/305"}],"wp:attachment":[{"href":"https:\/\/antcube.shop\/fi\/wp-json\/wp\/v2\/media?parent=2848"}],"wp:term":[{"taxonomy":"product_brand","embeddable":true,"href":"https:\/\/antcube.shop\/fi\/wp-json\/wp\/v2\/product_brand?post=2848"},{"taxonomy":"product_cat","embeddable":true,"href":"https:\/\/antcube.shop\/fi\/wp-json\/wp\/v2\/product_cat?post=2848"},{"taxonomy":"product_tag","embeddable":true,"href":"https:\/\/antcube.shop\/fi\/wp-json\/wp\/v2\/product_tag?post=2848"}],"curies":[{"name":"wp","href":"https:\/\/api.w.org\/{rel}","templated":true}]}}