{"id":2841,"date":"2021-10-13T18:37:30","date_gmt":"2021-10-13T16:37:30","guid":{"rendered":"https:\/\/antcube.shop\/produkt\/food-mix-set-standard\/"},"modified":"2026-04-15T19:37:11","modified_gmt":"2026-04-15T17:37:11","slug":"food-mix-set-standard","status":"publish","type":"product","link":"https:\/\/antcube.shop\/fi\/tuote\/food-mix-set-standard\/","title":{"rendered":"Ruokasekoitussarja - Standard"},"content":{"rendered":"<p><strong>Sis\u00e4lt\u00f6:<\/strong> 2ml per sy\u00f6tt\u00f6putki<br \/>\n2x proteiiniruoka (PP)<br \/>\n2x proteiinipitoinen ruoka FD hy\u00f6nteiset (PI)<br \/>\n2x hiilihydraattipitoista ruokaa (K)<br \/>\n2x hedelm\u00e4inen ruoka (F)<br \/>\n2x sokeri-hunajaliuos (ZH)<br \/>\n1x sieni<\/p>\n<p><span data-text-color=\"alert\"><strong>Huomio:<\/strong> <\/span>Sekoita jauhe tilkkaan vett\u00e4, sill\u00e4 el\u00e4imet eiv\u00e4t hyv\u00e4ksy sit\u00e4 kuivana!<\/p>\n<p><strong>Kuvaus:<\/strong><br \/>\nT\u00e4m\u00e4 on ruokasekoitussarja eri muurahaislajeille, jotka sy\u00f6v\u00e4t hiilihydraatteja ja proteiineja. Se sis\u00e4lt\u00e4\u00e4 kaiken, mit\u00e4 muurahaiset tarvitsevat tasapainoiseen ruokavalioon. Koska yksitt\u00e4iset ruoka-annokset on t\u00e4ytetty erillisiin putkiin, ne on helppo annostella. Proteiini-, hiilihydraatti- ja hedelm\u00e4ruokaa suositellaan kostutettavaksi minimaalisesti pienell\u00e4 m\u00e4\u00e4r\u00e4ll\u00e4 vett\u00e4. T\u00e4m\u00e4 est\u00e4\u00e4 my\u00f6s jauhetta valumasta ulos, kun sit\u00e4 k\u00e4ytet\u00e4\u00e4n rei\u00e4n \"keskell\u00e4\" olevassa formikariossa.<\/p>\n<p><strong>K\u00e4ytt\u00f6\/sovellus:<\/strong><br \/>\nProteiinipitoinen ravinto = hy\u00f6nteissy\u00f6j\u00e4muurahaislajit (Eulipotyphla).<br \/>\nSe on t\u00e4ydennysrehu (seosrehu).<br \/>\nSe on sekoitettava pisaraan vett\u00e4, ja m\u00e4rk\u00e4n\u00e4 se s\u00e4ilyy vain 1 p\u00e4iv\u00e4n. Puhdista ruokintakuppi\/tuubi huolellisesti ennen uudelleenk\u00e4ytt\u00f6\u00e4.<br \/>\nAvattu pakkaus on k\u00e4ytett\u00e4v\u00e4 hyvin suljettuna (jos sit\u00e4 s\u00e4ilytet\u00e4\u00e4n kuivana) ilmoitettuun parasta ennen -p\u00e4iv\u00e4m\u00e4\u00e4r\u00e4\u00e4n asti.<\/p>\n<p>Valkuaisrehu FD = hy\u00f6nteisi\u00e4 sy\u00f6ville muurahaislajeille (Eulipotyphla).<br \/>\nSe on t\u00e4ydennysrehu (rehuseos).<br \/>\nSe on sekoitettava pisaraan vett\u00e4, ja m\u00e4rk\u00e4n\u00e4 se s\u00e4ilyy vain 1 p\u00e4iv\u00e4n. Puhdista ruokintakuppi\/tuubi huolellisesti ennen uudelleenk\u00e4ytt\u00f6\u00e4.<br \/>\nAvattu pakkaus on k\u00e4ytett\u00e4v\u00e4 hyvin suljettuna (jos sit\u00e4 s\u00e4ilytet\u00e4\u00e4n kuivana) ilmoitettuun parasta ennen -p\u00e4iv\u00e4m\u00e4\u00e4r\u00e4\u00e4n asti.<\/p>\n<p>Hiilihydraattipitoinen ruoka = sokeria\/hunajaa sy\u00f6ville muurahaislajeille.<br \/>\nSe on t\u00e4ydennysrehu (rehuseos).<br \/>\nSe voidaan sekoittaa pisaraan vett\u00e4, ja sen s\u00e4ilyvyysaika on m\u00e4rk\u00e4n\u00e4 3 p\u00e4iv\u00e4\u00e4. Puhdista ruokintakuppi\/tuubi huolellisesti ennen uudelleenk\u00e4ytt\u00f6\u00e4.<br \/>\nAvattu pakkaus on k\u00e4ytett\u00e4v\u00e4 hyvin suljettuna (jos sit\u00e4 s\u00e4ilytet\u00e4\u00e4n kuivana) ilmoitettuun p\u00e4iv\u00e4m\u00e4\u00e4r\u00e4\u00e4n asti (parasta ennen -p\u00e4iv\u00e4ys).<\/p>\n<p>Hedelm\u00e4ruoka = hedelmi\u00e4 sy\u00f6ville muurahaislajeille (frugivoreille).<br \/>\nSe on t\u00e4ydennysrehu (kertaruokinta).<br \/>\nSe voidaan sekoittaa pisaraan vett\u00e4, ja sen s\u00e4ilyvyysaika on m\u00e4rk\u00e4n\u00e4 3 p\u00e4iv\u00e4\u00e4. Puhdista ruokintakuppi\/tuubi huolellisesti ennen uudelleenk\u00e4ytt\u00f6\u00e4.<br \/>\nAvattu pakkaus on k\u00e4ytett\u00e4v\u00e4 hyvin suljettuna (jos sit\u00e4 s\u00e4ilytet\u00e4\u00e4n kuivana) ilmoitettuun p\u00e4iv\u00e4m\u00e4\u00e4r\u00e4\u00e4n asti (parasta ennen -p\u00e4iv\u00e4ys).<\/p>\n<p>Sokerihunajaliuos = sokeria\/hunajaa sy\u00f6ville muurahaislajeille.<br \/>\nSe on t\u00e4ydennysrehu (rehuseos).<br \/>\nSit\u00e4 voidaan tarjota el\u00e4imille toimitetussa tilassa. Koska kosteus v\u00e4hent\u00e4\u00e4 sokeripitoisuutta ja k\u00e4ymisprosessi alkaa, ruoka on vaihdettava 3 p\u00e4iv\u00e4n v\u00e4lein. Puhdista ruokintakuppi\/putki huolellisesti ennen uudelleenk\u00e4ytt\u00f6\u00e4.<br \/>\nAvattu pakkaus on k\u00e4ytett\u00e4v\u00e4 tiiviisti suljettuna ilmoitettuun p\u00e4iv\u00e4m\u00e4\u00e4r\u00e4\u00e4n asti (parasta ennen -p\u00e4iv\u00e4ys).<\/p>\n<p><strong>Ilmoitus:<\/strong><br \/>\nTietoa sy\u00f6tt\u00f6letkujen k\u00e4yt\u00f6st\u00e4 l\u00f6yd\u00e4t t\u00e4\u00e4lt\u00e4: Linkki<br \/>\nT\u00e4ysrehu hy\u00f6nteisi\u00e4 sy\u00f6ville muurahaisille.<br \/>\nKatso pakkausselosteesta koostumus, analyyttiset ainesosat, parasta ennen -p\u00e4iv\u00e4ys ja er\u00e4numero.<\/p>\n<p>Tietopuhelin +49 30 439703870<\/p>\n<p>Vastaava el\u00e4inl\u00e4\u00e4kint\u00e4- ja elintarvikevalvontaviranomainen:<br \/>\nSteglitzin el\u00e4inl\u00e4\u00e4k\u00e4rintoimisto<br \/>\nK\u00f6nigin-Luise-Str. 92<br \/>\n14195 Berliini<\/p>","protected":false},"excerpt":{"rendered":"<p>T\u00e4ysrehu<\/p>","protected":false},"featured_media":309,"comment_status":"open","ping_status":"closed","template":"","meta":{"_acf_changed":false,"content-type":"","_monsterinsights_skip_tracking":false,"_monsterinsights_sitenote_active":false,"_monsterinsights_sitenote_note":"","_monsterinsights_sitenote_category":0},"product_brand":[],"product_cat":[115,116],"product_tag":[],"class_list":{"0":"post-2841","1":"product","2":"type-product","3":"status-publish","4":"has-post-thumbnail","6":"product_cat-food-and-feeding","7":"product_cat-food","9":"first","10":"instock","11":"taxable","12":"shipping-taxable","13":"purchasable","14":"product-type-simple"},"acf":[],"aioseo_notices":[],"jetpack_sharing_enabled":true,"_links":{"self":[{"href":"https:\/\/antcube.shop\/fi\/wp-json\/wp\/v2\/product\/2841","targetHints":{"allow":["GET"]}}],"collection":[{"href":"https:\/\/antcube.shop\/fi\/wp-json\/wp\/v2\/product"}],"about":[{"href":"https:\/\/antcube.shop\/fi\/wp-json\/wp\/v2\/types\/product"}],"replies":[{"embeddable":true,"href":"https:\/\/antcube.shop\/fi\/wp-json\/wp\/v2\/comments?post=2841"}],"wp:featuredmedia":[{"embeddable":true,"href":"https:\/\/antcube.shop\/fi\/wp-json\/wp\/v2\/media\/309"}],"wp:attachment":[{"href":"https:\/\/antcube.shop\/fi\/wp-json\/wp\/v2\/media?parent=2841"}],"wp:term":[{"taxonomy":"product_brand","embeddable":true,"href":"https:\/\/antcube.shop\/fi\/wp-json\/wp\/v2\/product_brand?post=2841"},{"taxonomy":"product_cat","embeddable":true,"href":"https:\/\/antcube.shop\/fi\/wp-json\/wp\/v2\/product_cat?post=2841"},{"taxonomy":"product_tag","embeddable":true,"href":"https:\/\/antcube.shop\/fi\/wp-json\/wp\/v2\/product_tag?post=2841"}],"curies":[{"name":"wp","href":"https:\/\/api.w.org\/{rel}","templated":true}]}}