{"id":2839,"date":"2021-10-13T18:37:12","date_gmt":"2021-10-13T16:37:12","guid":{"rendered":"https:\/\/antcube.shop\/produkt\/bodengrund-regenwald-1-kg\/"},"modified":"2026-04-07T02:16:17","modified_gmt":"2026-04-07T00:16:17","slug":"bodengrund-regenwald-1-kg","status":"publish","type":"product","link":"https:\/\/antcube.shop\/fi\/tuote\/bodengrund-regenwald-1-kg\/","title":{"rendered":"Kasvualusta - Sademets\u00e4 - 1 kg"},"content":{"rendered":"<p><strong>Sis\u00e4lt\u00f6:<\/strong> 1 kg<\/p>\n<p><strong>Materiaali:<\/strong> hiekka, turve, humus, savi<\/p>\n<p><strong>V\u00e4ri:<\/strong> ruskea, beige<\/p>\n<p><strong>Kuvaus:<\/strong> T\u00e4m\u00e4 luonnollinen sademets\u00e4maa koostuu hiekan, turpeen, humuksen ja saven seoksesta.<br \/>\nSen savipitoisuus on hieman alhaisempi kuin tavanomaisen sademets\u00e4maan, mutta se helpottaa muurahaisten kaivamista, ja muurahaiset hyv\u00e4ksyv\u00e4t sen paljon paremmin. Se sopii kaikille sademets\u00e4maassa tai yleens\u00e4 kosteissa trooppisissa elinymp\u00e4rist\u00f6iss\u00e4 el\u00e4ville muurahaislajeille.<\/p>\n<p><strong>Sovellus:<\/strong> Kaivumultaa voidaan k\u00e4ytt\u00e4\u00e4 pes\u00e4- ja areena-alueella!<\/p>\n<p><strong>Huom:<\/strong> koska kyseess\u00e4 on puhdas luonnontuote, v\u00e4riss\u00e4 ja rakenteessa voi olla pieni\u00e4 eroja, joihin emme voi vaikuttaa.<\/p>\n<p><strong>T\u00e4rke\u00e4\u00e4:<\/strong> Kostuta alustaa ennen k\u00e4ytt\u00f6\u00e4, jotta seos voi yhdisty\u00e4 ja saada lujan pidon muurahaispes\u00e4ss\u00e4. Lis\u00e4ksi liian kuiva ja p\u00f6lyinen alusta voi aiheuttaa muurahaisten hengitysteiden tukkeutumisen ja pahimmassa tapauksessa el\u00e4inten tukehtumisen.<\/p>","protected":false},"excerpt":{"rendered":"<p>Luonnollinen erityinen elinymp\u00e4rist\u00f6 maaper\u00e4\/alusta<\/p>","protected":false},"featured_media":5501,"comment_status":"open","ping_status":"closed","template":"","meta":{"_acf_changed":false,"content-type":"","_monsterinsights_skip_tracking":false,"_monsterinsights_sitenote_active":false,"_monsterinsights_sitenote_note":"","_monsterinsights_sitenote_category":0},"product_brand":[],"product_cat":[96],"product_tag":[],"class_list":{"0":"post-2839","1":"product","2":"type-product","3":"status-publish","4":"has-post-thumbnail","6":"product_cat-soil","8":"first","9":"instock","10":"taxable","11":"shipping-taxable","12":"purchasable","13":"product-type-simple"},"acf":[],"aioseo_notices":[],"jetpack_sharing_enabled":true,"_links":{"self":[{"href":"https:\/\/antcube.shop\/fi\/wp-json\/wp\/v2\/product\/2839","targetHints":{"allow":["GET"]}}],"collection":[{"href":"https:\/\/antcube.shop\/fi\/wp-json\/wp\/v2\/product"}],"about":[{"href":"https:\/\/antcube.shop\/fi\/wp-json\/wp\/v2\/types\/product"}],"replies":[{"embeddable":true,"href":"https:\/\/antcube.shop\/fi\/wp-json\/wp\/v2\/comments?post=2839"}],"wp:featuredmedia":[{"embeddable":true,"href":"https:\/\/antcube.shop\/fi\/wp-json\/wp\/v2\/media\/5501"}],"wp:attachment":[{"href":"https:\/\/antcube.shop\/fi\/wp-json\/wp\/v2\/media?parent=2839"}],"wp:term":[{"taxonomy":"product_brand","embeddable":true,"href":"https:\/\/antcube.shop\/fi\/wp-json\/wp\/v2\/product_brand?post=2839"},{"taxonomy":"product_cat","embeddable":true,"href":"https:\/\/antcube.shop\/fi\/wp-json\/wp\/v2\/product_cat?post=2839"},{"taxonomy":"product_tag","embeddable":true,"href":"https:\/\/antcube.shop\/fi\/wp-json\/wp\/v2\/product_tag?post=2839"}],"curies":[{"name":"wp","href":"https:\/\/api.w.org\/{rel}","templated":true}]}}