{"id":2829,"date":"2021-10-13T18:35:37","date_gmt":"2021-10-13T16:35:37","guid":{"rendered":"https:\/\/antcube.shop\/produkt\/formicarienstopfen-fur-50mm-bohrung\/"},"modified":"2026-05-06T18:08:41","modified_gmt":"2026-05-06T16:08:41","slug":"formicarienstopfen-fur-50mm-bohrung","status":"publish","type":"product","link":"https:\/\/antcube.shop\/fi\/tuote\/formicarienstopfen-fur-50mm-bohrung\/","title":{"rendered":"Formicarium-tulppa 50mm reik\u00e4\u00e4n"},"content":{"rendered":"<p><strong>M\u00e4\u00e4r\u00e4:<\/strong> 1 kpl<\/p>\n<p><strong>Mitat:<\/strong> 59 x 10mm<\/p>\n<p><strong>Materiaali:<\/strong> PE-muovi<\/p>\n<p><strong>V\u00e4ri:<\/strong> l\u00e4pin\u00e4kyv\u00e4, maitomainen<\/p>\n<p><strong>Kuvaus:<\/strong> Halkaisijaltaan 50 mm:n formikarioiden py\u00f6reiden aukkojen sulkemiseen.<\/p>\n<p><strong>Valinnainen rei\u00e4n kanssa:<\/strong><br \/>\n- 20 mm:n poraus sopii s\u00e4ili\u00f6putken liittimiin 27 mm - 14, 16, 20 mm - l\u00e4pin\u00e4kyv\u00e4.<br \/>\n- 27mm reik\u00e4 sopii 3\/4 tuuman ja M25 liittimille.<\/p>","protected":false},"excerpt":{"rendered":"<p>M\u00e4\u00e4r\u00e4: Mitat: 1 kpl: Materiaali: 59 x 10mm: Materiaali: PE-muovi V\u00e4ri: l\u00e4pin\u00e4kyv\u00e4, maitomainen: Halkaisijaltaan 50mm:n formikarioiden py\u00f6reiden aukkojen sulkemiseen. Lis\u00e4varusteena rei\u00e4ll\u00e4: - 20mm reik\u00e4 sopii s\u00e4ili\u00f6putken liittimiin 27mm - 14, 16, 20mm - l\u00e4pin\u00e4kyv\u00e4. - 27mm reik\u00e4 sopii 3\/4 tuuman ja M25 liittimille.<\/p>","protected":false},"featured_media":343,"comment_status":"open","ping_status":"closed","template":"","meta":{"_acf_changed":false,"content-type":"","_monsterinsights_skip_tracking":false,"_monsterinsights_sitenote_active":false,"_monsterinsights_sitenote_note":"","_monsterinsights_sitenote_category":0},"product_brand":[],"product_cat":[238],"product_tag":[],"class_list":{"0":"post-2829","1":"product","2":"type-product","3":"status-publish","4":"has-post-thumbnail","6":"product_cat-grid-caps-plugs-and-inserts","8":"first","9":"instock","10":"taxable","11":"shipping-taxable","12":"purchasable","13":"product-type-simple"},"acf":[],"aioseo_notices":[],"jetpack_sharing_enabled":true,"_links":{"self":[{"href":"https:\/\/antcube.shop\/fi\/wp-json\/wp\/v2\/product\/2829","targetHints":{"allow":["GET"]}}],"collection":[{"href":"https:\/\/antcube.shop\/fi\/wp-json\/wp\/v2\/product"}],"about":[{"href":"https:\/\/antcube.shop\/fi\/wp-json\/wp\/v2\/types\/product"}],"replies":[{"embeddable":true,"href":"https:\/\/antcube.shop\/fi\/wp-json\/wp\/v2\/comments?post=2829"}],"wp:featuredmedia":[{"embeddable":true,"href":"https:\/\/antcube.shop\/fi\/wp-json\/wp\/v2\/media\/343"}],"wp:attachment":[{"href":"https:\/\/antcube.shop\/fi\/wp-json\/wp\/v2\/media?parent=2829"}],"wp:term":[{"taxonomy":"product_brand","embeddable":true,"href":"https:\/\/antcube.shop\/fi\/wp-json\/wp\/v2\/product_brand?post=2829"},{"taxonomy":"product_cat","embeddable":true,"href":"https:\/\/antcube.shop\/fi\/wp-json\/wp\/v2\/product_cat?post=2829"},{"taxonomy":"product_tag","embeddable":true,"href":"https:\/\/antcube.shop\/fi\/wp-json\/wp\/v2\/product_tag?post=2829"}],"curies":[{"name":"wp","href":"https:\/\/api.w.org\/{rel}","templated":true}]}}