{"id":2827,"date":"2021-10-13T18:34:47","date_gmt":"2021-10-13T16:34:47","guid":{"rendered":"https:\/\/antcube.shop\/produkt\/antcube-arena-20x20x20-wurfel\/"},"modified":"2026-04-04T21:33:14","modified_gmt":"2026-04-04T19:33:14","slug":"antcube-arena-20x20x20-wurfel","status":"publish","type":"product","link":"https:\/\/antcube.shop\/fi\/tuote\/antcube-arena-20x20x20-wurfel\/","title":{"rendered":"ANTCUBE - Arena 20x20x20 - Kuutio"},"content":{"rendered":"<p><strong>Mitat:<\/strong> 200 x 200 x 200 mm; lasin paksuus 4 mm<\/p>\n<p><strong>Materiaali:<\/strong> float-lasi<\/p>\n<p><strong>Yhteys:<\/strong> 2x reik\u00e4 27 mm<\/p>\n<p><strong>Kuvaus:<\/strong><br \/>\nLasialtaan kuutio 20x20x20 cm 2x 27mm poraus.<br \/>\nPoraus (keskipiste) on 3 cm:n korkeudella.<\/p>\n<p><strong>Huom:<\/strong> Lasi leikataan DIN 1249 -standardin mukaisesti +\/- 1 mm:n toleranssilla. Eritt\u00e4in pienille muurahaislajeille tarvitaan ylim\u00e4\u00e4r\u00e4inen murtumissuoja.<\/p>\n<p>&nbsp;<\/p>","protected":false},"excerpt":{"rendered":"<p>Liit\u00e4nt\u00e4: 2x reik\u00e4 27 mm<br \/>\nKoko: <strong>S<\/strong>, <strong>M<\/strong>, <strong>L<\/strong>, <strong>XL<\/strong><\/p>","protected":false},"featured_media":331,"comment_status":"open","ping_status":"closed","template":"","meta":{"_acf_changed":false,"content-type":"","_monsterinsights_skip_tracking":false,"_monsterinsights_sitenote_active":false,"_monsterinsights_sitenote_note":"","_monsterinsights_sitenote_category":0},"product_brand":[],"product_cat":[85,86],"product_tag":[],"class_list":{"0":"post-2827","1":"product","2":"type-product","3":"status-publish","4":"has-post-thumbnail","6":"product_cat-ant-arenas","7":"product_cat-formicariums","9":"first","10":"instock","11":"taxable","12":"shipping-taxable","13":"purchasable","14":"product-type-simple"},"acf":[],"aioseo_notices":[],"jetpack_sharing_enabled":true,"_links":{"self":[{"href":"https:\/\/antcube.shop\/fi\/wp-json\/wp\/v2\/product\/2827","targetHints":{"allow":["GET"]}}],"collection":[{"href":"https:\/\/antcube.shop\/fi\/wp-json\/wp\/v2\/product"}],"about":[{"href":"https:\/\/antcube.shop\/fi\/wp-json\/wp\/v2\/types\/product"}],"replies":[{"embeddable":true,"href":"https:\/\/antcube.shop\/fi\/wp-json\/wp\/v2\/comments?post=2827"}],"wp:featuredmedia":[{"embeddable":true,"href":"https:\/\/antcube.shop\/fi\/wp-json\/wp\/v2\/media\/331"}],"wp:attachment":[{"href":"https:\/\/antcube.shop\/fi\/wp-json\/wp\/v2\/media?parent=2827"}],"wp:term":[{"taxonomy":"product_brand","embeddable":true,"href":"https:\/\/antcube.shop\/fi\/wp-json\/wp\/v2\/product_brand?post=2827"},{"taxonomy":"product_cat","embeddable":true,"href":"https:\/\/antcube.shop\/fi\/wp-json\/wp\/v2\/product_cat?post=2827"},{"taxonomy":"product_tag","embeddable":true,"href":"https:\/\/antcube.shop\/fi\/wp-json\/wp\/v2\/product_tag?post=2827"}],"curies":[{"name":"wp","href":"https:\/\/api.w.org\/{rel}","templated":true}]}}