{"id":2826,"date":"2021-10-13T18:34:38","date_gmt":"2021-10-13T16:34:38","guid":{"rendered":"https:\/\/antcube.shop\/produkt\/schaumstoffwischer-150x18x25mm-5er-pack\/"},"modified":"2026-04-16T19:23:18","modified_gmt":"2026-04-16T17:23:18","slug":"schaumstoffwischer-150x18x25mm-5er-pakkaus","status":"publish","type":"product","link":"https:\/\/antcube.shop\/fi\/tuote\/schaumstoffwischer-150x18x25mm-5er-pakkaus\/","title":{"rendered":"Vaahtomuovipyyhin 150x18x2,5mm - 5 kpl:n pakkaus"},"content":{"rendered":"<p><strong>Mitat:<\/strong> Pituus 150mm, vaahtomuovip\u00e4\u00e4 40x40x20mm.<\/p>\n<p><strong>M\u00e4\u00e4r\u00e4:<\/strong> 5 kpl.<\/p>\n<p><strong>Materiaali:<\/strong> vaahto, PS<\/p>\n<p><strong>Kuvaus:<\/strong><br \/>\nVaahtomuovipyyhin, jossa on neli\u00f6nmuotoinen p\u00e4\u00e4 erilaisiin k\u00e4ytt\u00f6kohteisiin.<br \/>\nEsimerkkej\u00e4:<br \/>\n1.) ikkunoiden puhdistamiseen.<\/p>\n<p>2.) Hunajaisena sienen\u00e4<\/p>\n<p>3.) Juomakaukalona, koska se imee vett\u00e4...<\/p>\n<p>4.) levitt\u00e4\u00e4 rikkoutumissuoja\u00f6ljy\u00e4.<\/p>\n<p>&nbsp;<\/p>","protected":false},"excerpt":{"rendered":"<p>Mitat: 40x40x20mm. M\u00e4\u00e4r\u00e4: 5 kpl. Materiaali: vaahtomuovi, PS Kuvaus: Vaahtomuovipyyhin neli\u00f6nmuotoisella p\u00e4\u00e4ll\u00e4 erilaisiin k\u00e4ytt\u00f6kohteisiin. Esimerkkej\u00e4: 1.) ikkunoiden puhdistamiseen. 2.) Hunajaisena sienen\u00e4 3.) Juomakaukalona, koska se imee vett\u00e4 4.) rikkoutumissuoja\u00f6ljyn levitt\u00e4miseen &nbsp;<\/p>","protected":false},"featured_media":307,"comment_status":"open","ping_status":"closed","template":"","meta":{"_acf_changed":false,"content-type":"","_monsterinsights_skip_tracking":false,"_monsterinsights_sitenote_active":false,"_monsterinsights_sitenote_note":"","_monsterinsights_sitenote_category":0},"product_brand":[],"product_cat":[237],"product_tag":[],"class_list":{"0":"post-2826","1":"product","2":"type-product","3":"status-publish","4":"has-post-thumbnail","6":"product_cat-tools","8":"first","9":"instock","10":"taxable","11":"shipping-taxable","12":"purchasable","13":"product-type-simple"},"acf":[],"aioseo_notices":[],"jetpack_sharing_enabled":true,"_links":{"self":[{"href":"https:\/\/antcube.shop\/fi\/wp-json\/wp\/v2\/product\/2826","targetHints":{"allow":["GET"]}}],"collection":[{"href":"https:\/\/antcube.shop\/fi\/wp-json\/wp\/v2\/product"}],"about":[{"href":"https:\/\/antcube.shop\/fi\/wp-json\/wp\/v2\/types\/product"}],"replies":[{"embeddable":true,"href":"https:\/\/antcube.shop\/fi\/wp-json\/wp\/v2\/comments?post=2826"}],"wp:featuredmedia":[{"embeddable":true,"href":"https:\/\/antcube.shop\/fi\/wp-json\/wp\/v2\/media\/307"}],"wp:attachment":[{"href":"https:\/\/antcube.shop\/fi\/wp-json\/wp\/v2\/media?parent=2826"}],"wp:term":[{"taxonomy":"product_brand","embeddable":true,"href":"https:\/\/antcube.shop\/fi\/wp-json\/wp\/v2\/product_brand?post=2826"},{"taxonomy":"product_cat","embeddable":true,"href":"https:\/\/antcube.shop\/fi\/wp-json\/wp\/v2\/product_cat?post=2826"},{"taxonomy":"product_tag","embeddable":true,"href":"https:\/\/antcube.shop\/fi\/wp-json\/wp\/v2\/product_tag?post=2826"}],"curies":[{"name":"wp","href":"https:\/\/api.w.org\/{rel}","templated":true}]}}