{"id":2825,"date":"2021-10-13T18:33:32","date_gmt":"2021-10-13T16:33:32","guid":{"rendered":"https:\/\/antcube.shop\/produkt\/ytongnest-20x20\/"},"modified":"2026-04-16T20:25:13","modified_gmt":"2026-04-16T18:25:13","slug":"ytongnest-20x20","status":"publish","type":"product","link":"https:\/\/antcube.shop\/fi\/tuote\/ytongnest-20x20\/","title":{"rendered":"Ytongnest - 20\u00d720"},"content":{"rendered":"<p><strong>Materiaali:<\/strong> kevytbetoni, lasi, muovi PMMA ja PVC<\/p>\n<p><strong>Yhteys:<\/strong> 2x 14mm rei\u00e4t<\/p>\n<p><strong>Sis\u00e4lt\u00f6:<\/strong><br \/>\n1x kevytbetoniharkko 20x20x5 cm, jossa on 20 mm:n syvyiset kammiot.<br \/>\n1x lasilevy 20\u00d720 cm, jossa on 50 mm:n aukko.<br \/>\n1x 50mm rengas 27mm aukolla<br \/>\n2x Formicarium-tulppa 13mm<br \/>\n1x Formicarium-tulppa 27mm<\/p>\n<p><strong>Kuvaus:<\/strong><br \/>\nYtong on tuotemerkki, itse materiaalia kutsutaan kevytbetoniksi.<br \/>\nVett\u00e4 pid\u00e4tt\u00e4v\u00e4n ominaisuutensa ansiosta materiaali soveltuu hyvin muurahaiskasvatukseen.<br \/>\nSiin\u00e4 on mahdollista pit\u00e4\u00e4 suuri m\u00e4\u00e4r\u00e4 kaivautuvia lajeja sek\u00e4 kuivista ett\u00e4 kosteista elinymp\u00e4rist\u00f6ist\u00e4.<br \/>\nMuurahaislajista riippuen on suositeltavaa peitt\u00e4\u00e4 kammioiden pohja multa-alustalla. Jotkin lajit viihtyv\u00e4t n\u00e4in paremmin, ja esimerkiksi Ponerinae-muurahaislajit tarvitsevat multaa, jotta niiden toukat voivat nukkua kunnolla.<br \/>\nSuosittelemme areenan kiinnitt\u00e4mist\u00e4 pes\u00e4\u00e4n, jotta sit\u00e4 voidaan k\u00e4ytt\u00e4\u00e4 t\u00e4ydellisen\u00e4 formikariumina.<\/p>\n<p><strong>Vinkki:<\/strong><br \/>\nJotta vesi ei vuotaisi Ytongista ulos pes\u00e4alueen kostuttamisen j\u00e4lkeen ja ker\u00e4\u00e4ntyisi alapuolella olevien huonekalujen pinnalle tai karkea materiaali naarmuttaisi pintoja, suosittelemme tilaamaan Ytong-pesien kanssa yhteensopivan lasiastian. N\u00e4m\u00e4 ovat vedenpit\u00e4vi\u00e4 ja suojaavat siten tehokkaasti alla olevia pintoja vesi- ja naarmuuntumisvaurioilta.<\/p>\n<p><strong>K\u00e4ytt\u00f6:<\/strong><br \/>\n<strong>Muurahaislajit, joiden koko on M - L.<\/strong><br \/>\nKevytbetoni on eritt\u00e4in hauras ja hauras materiaali. Siksi valmistusprosessin vuoksi on mahdotonta est\u00e4\u00e4 kulmissa ja reunoissa esiintyvi\u00e4 pieni\u00e4 murtumia ja ep\u00e4tasaisuuksia.<br \/>\nT\u00e4m\u00e4n vuoksi Ytongin pes\u00e4t eiv\u00e4t sovellu hyvin pienille, S-kokoisille muurahaislajeille, koska n\u00e4m\u00e4 lajit voivat helposti murtautua t\u00e4nne.<\/p>","protected":false},"excerpt":{"rendered":"<p>Liit\u00e4nt\u00e4: 2x 14mm aukko<br \/>\nKoko: <strong><span style=\"color: #339966;\">M<\/span><\/strong><strong> &#8211; <span style=\"color: #0000ff;\">L<\/span><\/strong><\/p>","protected":false},"featured_media":3010,"comment_status":"open","ping_status":"closed","template":"","meta":{"_acf_changed":false,"content-type":"","_monsterinsights_skip_tracking":false,"_monsterinsights_sitenote_active":false,"_monsterinsights_sitenote_note":"","_monsterinsights_sitenote_category":0},"product_brand":[],"product_cat":[80,86],"product_tag":[],"class_list":{"0":"post-2825","1":"product","2":"type-product","3":"status-publish","4":"has-post-thumbnail","6":"product_cat-antfarms","7":"product_cat-formicariums","9":"first","10":"instock","11":"taxable","12":"shipping-taxable","13":"purchasable","14":"product-type-simple"},"acf":[],"aioseo_notices":[],"jetpack_sharing_enabled":true,"_links":{"self":[{"href":"https:\/\/antcube.shop\/fi\/wp-json\/wp\/v2\/product\/2825","targetHints":{"allow":["GET"]}}],"collection":[{"href":"https:\/\/antcube.shop\/fi\/wp-json\/wp\/v2\/product"}],"about":[{"href":"https:\/\/antcube.shop\/fi\/wp-json\/wp\/v2\/types\/product"}],"replies":[{"embeddable":true,"href":"https:\/\/antcube.shop\/fi\/wp-json\/wp\/v2\/comments?post=2825"}],"wp:featuredmedia":[{"embeddable":true,"href":"https:\/\/antcube.shop\/fi\/wp-json\/wp\/v2\/media\/3010"}],"wp:attachment":[{"href":"https:\/\/antcube.shop\/fi\/wp-json\/wp\/v2\/media?parent=2825"}],"wp:term":[{"taxonomy":"product_brand","embeddable":true,"href":"https:\/\/antcube.shop\/fi\/wp-json\/wp\/v2\/product_brand?post=2825"},{"taxonomy":"product_cat","embeddable":true,"href":"https:\/\/antcube.shop\/fi\/wp-json\/wp\/v2\/product_cat?post=2825"},{"taxonomy":"product_tag","embeddable":true,"href":"https:\/\/antcube.shop\/fi\/wp-json\/wp\/v2\/product_tag?post=2825"}],"curies":[{"name":"wp","href":"https:\/\/api.w.org\/{rel}","templated":true}]}}