{"id":2824,"date":"2021-10-13T18:33:13","date_gmt":"2021-10-13T16:33:13","guid":{"rendered":"https:\/\/antcube.shop\/produkt\/food-mix-set-fur-kornersammler\/"},"modified":"2026-04-08T08:48:03","modified_gmt":"2026-04-08T06:48:03","slug":"food-mix-set-fur-kornersammler","status":"publish","type":"product","link":"https:\/\/antcube.shop\/fi\/tuote\/food-mix-set-fur-kornersammler\/","title":{"rendered":"Food Mix Set - viljaa ker\u00e4\u00e4ville muurahaisille"},"content":{"rendered":"<p><strong>Sis\u00e4lt\u00f6:<\/strong> 2ml per sy\u00f6tt\u00f6putki<br \/>\n2x viljarehu Minor (Mi)<br \/>\n1x viljaruoka Media (Me)<br \/>\n1x viljaruoka Major (Ma)<br \/>\n1x kukan siitep\u00f6ly (B)<br \/>\n1x hiilihydraattirehu (K)<br \/>\n2x Valkuaisrehu (PP)<br \/>\n1x valkuaisrehu FD hy\u00f6nteiset Pi)<br \/>\n1x hedelm\u00e4rehu (F)<\/p>\n<p><span data-text-color=\"alert\"><strong>Huomio:<\/strong> <\/span>Sekoita jauhe tilkkaan vett\u00e4, sill\u00e4 el\u00e4imet eiv\u00e4t hyv\u00e4ksy sit\u00e4 kuivana!<\/p>\n<p><strong>Kuvaus:<\/strong> T\u00e4m\u00e4 ruokasarja on tarkoitettu viljaa ker\u00e4\u00e4ville lajeille, kuten Messor-suvulle, ja se sis\u00e4lt\u00e4\u00e4 proteiineja, hiilihydraatteja ja jyvi\u00e4\/siemeni\u00e4 kaikille ty\u00f6laatikoille. Koska yksitt\u00e4iset ruoka-annokset ovat erillisiss\u00e4 putkiloissa, ne on helppo annostella.<\/p>\n<p><strong>K\u00e4ytt\u00f6 \/ sovellus:<\/strong><br \/>\nProteiinipitoinen ravinto = hy\u00f6nteissy\u00f6j\u00e4muurahaislajit (Eulipotyphla).<br \/>\nSe on t\u00e4ydennysrehu (seosrehu).<br \/>\nSe on sekoitettava pisaraan vett\u00e4, ja m\u00e4rk\u00e4n\u00e4 se s\u00e4ilyy vain 1 p\u00e4iv\u00e4n. Puhdista ruokintakuppi\/tuubi huolellisesti ennen uudelleenk\u00e4ytt\u00f6\u00e4.<br \/>\nAvattu pakkaus on k\u00e4ytett\u00e4v\u00e4 hyvin suljettuna (jos sit\u00e4 s\u00e4ilytet\u00e4\u00e4n kuivana) ilmoitettuun parasta ennen -p\u00e4iv\u00e4m\u00e4\u00e4r\u00e4\u00e4n asti.<\/p>\n<p>Valkuaisrehu FD = hy\u00f6nteisi\u00e4 sy\u00f6ville muurahaislajeille (Eulipotyphla).<br \/>\nSe on t\u00e4ydennysrehu (rehuseos).<br \/>\nSe on sekoitettava pisaraan vett\u00e4, ja m\u00e4rk\u00e4n\u00e4 se s\u00e4ilyy vain 1 p\u00e4iv\u00e4n. Puhdista ruokintakuppi\/tuubi huolellisesti ennen uudelleenk\u00e4ytt\u00f6\u00e4.<br \/>\nAvattu pakkaus on k\u00e4ytett\u00e4v\u00e4 hyvin suljettuna (jos sit\u00e4 s\u00e4ilytet\u00e4\u00e4n kuivana) ilmoitettuun parasta ennen -p\u00e4iv\u00e4m\u00e4\u00e4r\u00e4\u00e4n asti.<\/p>\n<p>Hiilihydraattipitoinen ruoka = sokeria\/hunajaa sy\u00f6ville muurahaislajeille.<br \/>\nSe on t\u00e4ydennysrehu (rehuseos).<br \/>\nSe voidaan sekoittaa pisaraan vett\u00e4, ja sen s\u00e4ilyvyysaika on m\u00e4rk\u00e4n\u00e4 3 p\u00e4iv\u00e4\u00e4. Puhdista ruokintakuppi\/tuubi huolellisesti ennen uudelleenk\u00e4ytt\u00f6\u00e4.<br \/>\nAvattu pakkaus on k\u00e4ytett\u00e4v\u00e4 hyvin suljettuna (jos sit\u00e4 s\u00e4ilytet\u00e4\u00e4n kuivana) ilmoitettuun p\u00e4iv\u00e4m\u00e4\u00e4r\u00e4\u00e4n asti (parasta ennen -p\u00e4iv\u00e4ys).<\/p>\n<p>Hedelm\u00e4ruoka = hedelmi\u00e4 sy\u00f6ville muurahaislajeille (frugivoreille).<br \/>\nSe on t\u00e4ydennysrehu (kertaruokinta).<br \/>\nSe voidaan sekoittaa pisaraan vett\u00e4, ja sen s\u00e4ilyvyysaika on m\u00e4rk\u00e4n\u00e4 3 p\u00e4iv\u00e4\u00e4. Puhdista ruokintakuppi\/tuubi huolellisesti ennen uudelleenk\u00e4ytt\u00f6\u00e4.<br \/>\nAvattu pakkaus on k\u00e4ytett\u00e4v\u00e4 hyvin suljettuna (jos sit\u00e4 s\u00e4ilytet\u00e4\u00e4n kuivana) ilmoitettuun p\u00e4iv\u00e4m\u00e4\u00e4r\u00e4\u00e4n asti (parasta ennen -p\u00e4iv\u00e4ys).<\/p>\n<p>Kukkien siitep\u00f6ly = kukkien siitep\u00f6ly\u00e4 sy\u00f6ville muurahaislajeille.<br \/>\nSe on t\u00e4ydennysrehu (kertaruokinta).<br \/>\nSit\u00e4 voidaan tarjota el\u00e4imille toimitetussa tilassa. Koska kosteus pehment\u00e4\u00e4 koostumusta, ruoka on vaihdettava 5 p\u00e4iv\u00e4n v\u00e4lein. Puhdista ruokintakuppi\/tuubi huolellisesti ennen uudelleenk\u00e4ytt\u00f6\u00e4.<br \/>\nAvattu pakkaus on k\u00e4ytett\u00e4v\u00e4 hyvin suljettuna (jos sit\u00e4 s\u00e4ilytet\u00e4\u00e4n kuivana) ilmoitettuun parasta ennen -p\u00e4iv\u00e4m\u00e4\u00e4r\u00e4\u00e4n asti.<\/p>\n<p>Viljarehu V\u00e4h\u00e4inen<br \/>\nViljarehu Media<br \/>\nViljaravinto Major = viljaa sy\u00f6ville muurahaislajeille = (jyv\u00e4sy\u00f6j\u00e4t).<br \/>\nSe on t\u00e4ydennysrehu (seosrehu).<br \/>\nSit\u00e4 voidaan tarjota el\u00e4imille toimitetussa tilassa. Ruokinta-astia\/-putki on sijoitettava kuivaan paikkaan. Kosteassa tilassa jyv\u00e4t (siemenet) voivat alkaa it\u00e4\u00e4. Jos t\u00e4m\u00e4 huomataan, rehu on vaihdettava.<br \/>\nAvattu pakkaus on k\u00e4ytett\u00e4v\u00e4 hyvin suljettuna (jos sit\u00e4 s\u00e4ilytet\u00e4\u00e4n kuivana) ilmoitettuun parasta ennen -p\u00e4iv\u00e4m\u00e4\u00e4r\u00e4\u00e4n asti.<\/p>\n<p><strong>Ilmoitus:<\/strong><br \/>\nTietoa sy\u00f6tt\u00f6putkien k\u00e4yt\u00f6st\u00e4 l\u00f6yd\u00e4t t\u00e4\u00e4lt\u00e4: Linkki<br \/>\nT\u00e4ysrehu granivorisille muurahaisille.<br \/>\nKatso pakkausselosteesta koostumus, analyyttiset ainesosat, parasta ennen -p\u00e4iv\u00e4ys ja er\u00e4numero.<\/p>\n<p>Tietopuhelin +49 30 439703870<\/p>\n<p>Vastaava el\u00e4inl\u00e4\u00e4kint\u00e4- ja elintarvikevalvontaviranomainen:<br \/>\nSteglitzin el\u00e4inl\u00e4\u00e4k\u00e4rintoimisto<br \/>\nK\u00f6nigin-Luise-Str. 92<br \/>\n14195 Berliini<\/p>\n<p>&nbsp;<\/p>","protected":false},"excerpt":{"rendered":"<p>T\u00e4ysrehu<\/p>","protected":false},"featured_media":308,"comment_status":"open","ping_status":"closed","template":"","meta":{"_acf_changed":false,"content-type":"","_monsterinsights_skip_tracking":false,"_monsterinsights_sitenote_active":false,"_monsterinsights_sitenote_note":"","_monsterinsights_sitenote_category":0},"product_brand":[],"product_cat":[115,116],"product_tag":[],"class_list":{"0":"post-2824","1":"product","2":"type-product","3":"status-publish","4":"has-post-thumbnail","6":"product_cat-food-and-feeding","7":"product_cat-food","9":"first","10":"instock","11":"taxable","12":"shipping-taxable","13":"purchasable","14":"product-type-simple"},"acf":[],"aioseo_notices":[],"jetpack_sharing_enabled":true,"_links":{"self":[{"href":"https:\/\/antcube.shop\/fi\/wp-json\/wp\/v2\/product\/2824","targetHints":{"allow":["GET"]}}],"collection":[{"href":"https:\/\/antcube.shop\/fi\/wp-json\/wp\/v2\/product"}],"about":[{"href":"https:\/\/antcube.shop\/fi\/wp-json\/wp\/v2\/types\/product"}],"replies":[{"embeddable":true,"href":"https:\/\/antcube.shop\/fi\/wp-json\/wp\/v2\/comments?post=2824"}],"wp:featuredmedia":[{"embeddable":true,"href":"https:\/\/antcube.shop\/fi\/wp-json\/wp\/v2\/media\/308"}],"wp:attachment":[{"href":"https:\/\/antcube.shop\/fi\/wp-json\/wp\/v2\/media?parent=2824"}],"wp:term":[{"taxonomy":"product_brand","embeddable":true,"href":"https:\/\/antcube.shop\/fi\/wp-json\/wp\/v2\/product_brand?post=2824"},{"taxonomy":"product_cat","embeddable":true,"href":"https:\/\/antcube.shop\/fi\/wp-json\/wp\/v2\/product_cat?post=2824"},{"taxonomy":"product_tag","embeddable":true,"href":"https:\/\/antcube.shop\/fi\/wp-json\/wp\/v2\/product_tag?post=2824"}],"curies":[{"name":"wp","href":"https:\/\/api.w.org\/{rel}","templated":true}]}}