{"id":2823,"date":"2021-10-13T18:33:03","date_gmt":"2021-10-13T16:33:03","guid":{"rendered":"https:\/\/antcube.shop\/produkt\/becken-schlauchverbinder-27mm-14-16-20-mm-transparent\/"},"modified":"2026-04-12T18:45:14","modified_gmt":"2026-04-12T16:45:14","slug":"becken-schlauchverbinder-27mm-14-16-20-mm-lapinakyva","status":"publish","type":"product","link":"https:\/\/antcube.shop\/fi\/tuote\/becken-schlauchverbinder-27mm-14-16-20-mm-lapinakyva\/","title":{"rendered":"Altaan letkuliitin 27mm - 14, 16, 20 mm - l\u00e4pin\u00e4kyv\u00e4"},"content":{"rendered":"<p><strong>Mitat:\u00a0<\/strong><br \/>\nSis\u00e4halkaisija = 14mm<br \/>\nUlkohalkaisija = 16 mm (ensimm\u00e4inen vaihe), 20 mm (toinen vaihe).<br \/>\nPituus = 36mm<\/p>\n<p><strong>Sis\u00e4lt\u00f6:<\/strong><br \/>\n1x altaan letkuliitin<br \/>\n1x kiristysrengas<\/p>\n<p><strong>Yhteys:<\/strong><br \/>\nAllas : Sopii 27mm (3\/4\u2033) reikiin, joiden sein\u00e4m\u00e4n paksuus on 4mm!<br \/>\nLetkut: 14\/10-letku ty\u00f6nnet\u00e4\u00e4n tiukasti 14 mm:n pistorasiaan.<br \/>\n20\/16 letku on tiukasti asennettu ensimm\u00e4iseen 16 mm:n askeleeseen.<br \/>\n22\/18-letku kiinnitet\u00e4\u00e4n toiseen 20 mm:n askeleeseen.<br \/>\n24\/20-letku asennetaan l\u00f6ys\u00e4sti toiselle 20 mm:n askelmalle.<\/p>\n<p><strong>Kuvaus:<\/strong><br \/>\nT\u00e4m\u00e4 altaan liitin tulpataan 27 mm:n rei\u00e4n l\u00e4pi, jonka lasisein\u00e4n paksuus on 4 mm. Kiinnitysrengas kiinnitt\u00e4\u00e4 liittimen lasialtaaseen. L\u00e4piviennin toiseen p\u00e4\u00e4h\u00e4n voidaan kiinnitt\u00e4\u00e4 putki, jonka ulkohalkaisija on 14mm tai sis\u00e4halkaisija 16mm tai 20mm.<\/p>","protected":false},"excerpt":{"rendered":"<p>Mitat: Sis\u00e4halkaisija = 14mm Ulkohalkaisija = 16mm (ensimm\u00e4inen vaihe), 20mm (toinen vaihe) Pituus = 36mm Sis\u00e4lt\u00f6: Sis\u00e4halkaisija = 16mm (ensimm\u00e4inen vaihe), pituus = 36mm: 1x altaan letkuliitin 1x kiristysrengas Kytkent\u00e4: Allas : Sopii 27mm (3\/4\") reikiin, joiden sein\u00e4m\u00e4n paksuus on 4mm! Letkut: 14\/10-letku ty\u00f6nnet\u00e4\u00e4n tiiviisti pistorasiaan 14mm 20\/16-letku asennetaan tiiviisti kiinni.","protected":false},"featured_media":357,"comment_status":"open","ping_status":"closed","template":"","meta":{"_acf_changed":false,"content-type":"","_monsterinsights_skip_tracking":false,"_monsterinsights_sitenote_active":false,"_monsterinsights_sitenote_note":"","_monsterinsights_sitenote_category":0},"product_brand":[],"product_cat":[121],"product_tag":[],"class_list":{"0":"post-2823","1":"product","2":"type-product","3":"status-publish","4":"has-post-thumbnail","6":"product_cat-connectors","8":"first","9":"instock","10":"taxable","11":"shipping-taxable","12":"purchasable","13":"product-type-simple"},"acf":[],"aioseo_notices":[],"jetpack_sharing_enabled":true,"_links":{"self":[{"href":"https:\/\/antcube.shop\/fi\/wp-json\/wp\/v2\/product\/2823","targetHints":{"allow":["GET"]}}],"collection":[{"href":"https:\/\/antcube.shop\/fi\/wp-json\/wp\/v2\/product"}],"about":[{"href":"https:\/\/antcube.shop\/fi\/wp-json\/wp\/v2\/types\/product"}],"replies":[{"embeddable":true,"href":"https:\/\/antcube.shop\/fi\/wp-json\/wp\/v2\/comments?post=2823"}],"wp:featuredmedia":[{"embeddable":true,"href":"https:\/\/antcube.shop\/fi\/wp-json\/wp\/v2\/media\/357"}],"wp:attachment":[{"href":"https:\/\/antcube.shop\/fi\/wp-json\/wp\/v2\/media?parent=2823"}],"wp:term":[{"taxonomy":"product_brand","embeddable":true,"href":"https:\/\/antcube.shop\/fi\/wp-json\/wp\/v2\/product_brand?post=2823"},{"taxonomy":"product_cat","embeddable":true,"href":"https:\/\/antcube.shop\/fi\/wp-json\/wp\/v2\/product_cat?post=2823"},{"taxonomy":"product_tag","embeddable":true,"href":"https:\/\/antcube.shop\/fi\/wp-json\/wp\/v2\/product_tag?post=2823"}],"curies":[{"name":"wp","href":"https:\/\/api.w.org\/{rel}","templated":true}]}}