{"id":2822,"date":"2021-10-13T18:31:19","date_gmt":"2021-10-13T16:31:19","guid":{"rendered":"https:\/\/antcube.shop\/produkt\/schlauch-transparent-10-06-mm\/"},"modified":"2026-04-02T20:28:07","modified_gmt":"2026-04-02T18:28:07","slug":"schlauch-lapinakyva-10-06-mm","status":"publish","type":"product","link":"https:\/\/antcube.shop\/fi\/tuote\/schlauch-lapinakyva-10-06-mm\/","title":{"rendered":"Letku l\u00e4pin\u00e4kyv\u00e4 10\/06 mm"},"content":{"rendered":"<p><strong>Mitat:<\/strong><br \/>\nUlkohalkaisija: 10 mm<br \/>\nSis\u00e4halkaisija: 6 mm<br \/>\nSein\u00e4m\u00e4n paksuus: 2 mm<\/p>\n<p><strong>Pituus:<\/strong> 1 metri (jopa 100 metri\u00e4 yhdess\u00e4 kappaleessa mahdollista)<\/p>\n<p><strong>Kuvaus:<\/strong> l\u00e4pin\u00e4kyv\u00e4t PVC-putket <strong>ilman merkint\u00f6j\u00e4<\/strong>. Ihanteellinen muurahaispolkujen rakentamiseen tai formikarioiden yhdist\u00e4miseen.<\/p>\n<p><strong>Huom:<\/strong> N\u00e4m\u00e4 ovat myrkytt\u00f6mi\u00e4 elintarvikeletkuja.<\/p>","protected":false},"excerpt":{"rendered":"<p><img decoding=\"async\" src=\"\/shop\/images\/rolle-1m.gif\" alt=\"\" \/><\/p>","protected":false},"featured_media":358,"comment_status":"open","ping_status":"closed","template":"","meta":{"_acf_changed":false,"content-type":"","_monsterinsights_skip_tracking":false,"_monsterinsights_sitenote_active":false,"_monsterinsights_sitenote_note":"","_monsterinsights_sitenote_category":0},"product_brand":[],"product_cat":[120],"product_tag":[],"class_list":{"0":"post-2822","1":"product","2":"type-product","3":"status-publish","4":"has-post-thumbnail","6":"product_cat-hoses","8":"first","9":"instock","10":"taxable","11":"shipping-taxable","12":"purchasable","13":"product-type-simple"},"acf":[],"aioseo_notices":[],"jetpack_sharing_enabled":true,"_links":{"self":[{"href":"https:\/\/antcube.shop\/fi\/wp-json\/wp\/v2\/product\/2822","targetHints":{"allow":["GET"]}}],"collection":[{"href":"https:\/\/antcube.shop\/fi\/wp-json\/wp\/v2\/product"}],"about":[{"href":"https:\/\/antcube.shop\/fi\/wp-json\/wp\/v2\/types\/product"}],"replies":[{"embeddable":true,"href":"https:\/\/antcube.shop\/fi\/wp-json\/wp\/v2\/comments?post=2822"}],"wp:featuredmedia":[{"embeddable":true,"href":"https:\/\/antcube.shop\/fi\/wp-json\/wp\/v2\/media\/358"}],"wp:attachment":[{"href":"https:\/\/antcube.shop\/fi\/wp-json\/wp\/v2\/media?parent=2822"}],"wp:term":[{"taxonomy":"product_brand","embeddable":true,"href":"https:\/\/antcube.shop\/fi\/wp-json\/wp\/v2\/product_brand?post=2822"},{"taxonomy":"product_cat","embeddable":true,"href":"https:\/\/antcube.shop\/fi\/wp-json\/wp\/v2\/product_cat?post=2822"},{"taxonomy":"product_tag","embeddable":true,"href":"https:\/\/antcube.shop\/fi\/wp-json\/wp\/v2\/product_tag?post=2822"}],"curies":[{"name":"wp","href":"https:\/\/api.w.org\/{rel}","templated":true}]}}