{"id":2821,"date":"2021-10-13T18:28:32","date_gmt":"2021-10-13T16:28:32","guid":{"rendered":"https:\/\/antcube.shop\/produkt\/handlupe-2fach-30mm\/"},"modified":"2026-04-16T17:07:38","modified_gmt":"2026-04-16T15:07:38","slug":"handlupe-2fach-30mm","status":"publish","type":"product","link":"https:\/\/antcube.shop\/fi\/tuote\/handlupe-2fach-30mm\/","title":{"rendered":"K\u00e4sisuurennuslasi - 2x - 30mm"},"content":{"rendered":"<p><strong>Mitat (LxSxK):<\/strong> 80x36x2 mm<\/p>\n<p><strong>Materiaali:<\/strong> muovi<\/p>\n<p><strong>V\u00e4ri:<\/strong> l\u00e4pin\u00e4kyv\u00e4<\/p>\n<p><strong>Sis\u00e4lt\u00f6:<\/strong><br \/>\n<strong>1x<\/strong> k\u00e4sisuurennuslasi<\/p>\n<p><strong>Tekniset tiedot:<\/strong><br \/>\nSuurennus = 2x<\/p>\n<p><strong>Kuvaus \/ Sovellus:<\/strong><br \/>\nK\u00e4sisuurennuslasi muurahaisten tai hy\u00f6nteisten ruokinnan tarkistamiseen.<\/p>\n<p><strong>Ilmoitus:<\/strong><br \/>\nYksinkertainen k\u00e4sittely ja yksinkertainen laatu, koska se on valmistettu muovista ja on herkk\u00e4 naarmuille.<\/p>","protected":false},"excerpt":{"rendered":"<p>Mitat (LxSxK): 80x36x2 mm Materiaali: muovi V\u00e4ri: l\u00e4pin\u00e4kyv\u00e4 Sis\u00e4lt\u00f6: Pakkaus sis\u00e4lt\u00e4\u00e4: Tekniset tiedot: 1x k\u00e4sisuurennuslasi: Suurennus = 2x Kuvaus \/ Sovellus: K\u00e4sin suurennuslasi muurahaisten tai hy\u00f6nteisten ruokinnan tarkistamiseen. Huom: Yksinkertainen k\u00e4sittely ja yksinkertainen laatu, koska se on valmistettu muovista ja on herkk\u00e4 naarmuille.<\/p>","protected":false},"featured_media":310,"comment_status":"open","ping_status":"closed","template":"","meta":{"_acf_changed":false,"content-type":"","_monsterinsights_skip_tracking":false,"_monsterinsights_sitenote_active":false,"_monsterinsights_sitenote_note":"","_monsterinsights_sitenote_category":0},"product_brand":[],"product_cat":[237],"product_tag":[],"class_list":{"0":"post-2821","1":"product","2":"type-product","3":"status-publish","4":"has-post-thumbnail","6":"product_cat-tools","8":"first","9":"instock","10":"taxable","11":"shipping-taxable","12":"purchasable","13":"product-type-simple"},"acf":[],"aioseo_notices":[],"jetpack_sharing_enabled":true,"_links":{"self":[{"href":"https:\/\/antcube.shop\/fi\/wp-json\/wp\/v2\/product\/2821","targetHints":{"allow":["GET"]}}],"collection":[{"href":"https:\/\/antcube.shop\/fi\/wp-json\/wp\/v2\/product"}],"about":[{"href":"https:\/\/antcube.shop\/fi\/wp-json\/wp\/v2\/types\/product"}],"replies":[{"embeddable":true,"href":"https:\/\/antcube.shop\/fi\/wp-json\/wp\/v2\/comments?post=2821"}],"wp:featuredmedia":[{"embeddable":true,"href":"https:\/\/antcube.shop\/fi\/wp-json\/wp\/v2\/media\/310"}],"wp:attachment":[{"href":"https:\/\/antcube.shop\/fi\/wp-json\/wp\/v2\/media?parent=2821"}],"wp:term":[{"taxonomy":"product_brand","embeddable":true,"href":"https:\/\/antcube.shop\/fi\/wp-json\/wp\/v2\/product_brand?post=2821"},{"taxonomy":"product_cat","embeddable":true,"href":"https:\/\/antcube.shop\/fi\/wp-json\/wp\/v2\/product_cat?post=2821"},{"taxonomy":"product_tag","embeddable":true,"href":"https:\/\/antcube.shop\/fi\/wp-json\/wp\/v2\/product_tag?post=2821"}],"curies":[{"name":"wp","href":"https:\/\/api.w.org\/{rel}","templated":true}]}}