{"id":2820,"date":"2021-10-13T18:28:23","date_gmt":"2021-10-13T16:28:23","guid":{"rendered":"https:\/\/antcube.shop\/produkt\/ameisen-ausbruchsschutz-ol-10ml\/"},"modified":"2026-04-21T20:58:11","modified_gmt":"2026-04-21T18:58:11","slug":"ameisen-ausbruchsschutz-ol-10ml","status":"publish","type":"product","link":"https:\/\/antcube.shop\/fi\/tuote\/ameisen-ausbruchsschutz-ol-10ml\/","title":{"rendered":"Muurahaisten pakenemissuoja\u00f6ljy 10ml"},"content":{"rendered":"<p><strong>Sis\u00e4lt\u00f6:<\/strong> 10 ml (riitt\u00e4\u00e4 noin 10-15 metrin pituiseen 2 cm leve\u00e4\u00e4n kaistaleeseen).<\/p>\n<p><strong>V\u00e4ri:<\/strong> l\u00e4pin\u00e4kyv\u00e4, v\u00e4rit\u00f6n<\/p>\n<p><strong>Materiaali:<\/strong> parafiini\u00f6ljypohjainen<\/p>\n<p><strong>Etu:<\/strong> Voidaan levitt\u00e4\u00e4 kaikille sileille pinnoille, kuten lasille tai muoville:<\/p>\n<p><strong>Haitta:<\/strong> Suurten kolonioiden tapauksessa el\u00e4imet voivat levitt\u00e4\u00e4 \u00f6ljy\u00e4 levylle k\u00e4velem\u00e4ll\u00e4 \u00f6ljypinnalla, joten levy on puhdistettava ajan mittaan.<\/p>\n<p><strong>Sovellus:<\/strong> Kalvon on oltava sis\u00e4reunastaan noin kolme kertaa niin leve\u00e4 kuin muurahaiset ovat pitki\u00e4, ja se on levitett\u00e4v\u00e4 tippumatta.<\/p>\n<p><strong>Uudistaminen:<\/strong> 2-4 kuukautta pes\u00e4kkeen koosta ja vuodenajasta riippuen.<\/p>\n<p><strong>Huom:<\/strong> El\u00e4inten tulisi olla kosketuksissa \u00f6ljyn kanssa vain \"jalkojensa\" kanssa. Jos tippa on suuri, on olemassa vaara, ett\u00e4 el\u00e4imet joutuvat p\u00e4\u00e4llisin puolin tippaan ja tukehtuvat \u00f6ljyyn.<\/p>\n<p><a href=\"https:\/\/antcube.shop\/wp-content\/uploads\/2022\/02\/ant_escape_protection_oil_en.pdf\">K\u00e4ytt\u00f6turvallisuustiedote muurahaisten torjunta\u00f6ljyst\u00e4, (PDF 0,1 MB)<\/a><br \/>\n(Sis\u00e4lt\u00e4\u00e4: Turvallisuusohjeet)<\/p>\n<p>&nbsp;<\/p>","protected":false},"excerpt":{"rendered":"<p>Sis\u00e4lt\u00f6:  Voidaan levitt\u00e4\u00e4 kaikille sileille pinnoille, kuten lasille tai muoville: Haitta: Suurten kolonioiden tapauksessa el\u00e4imet voivat levitt\u00e4\u00e4 \u00f6ljy\u00e4 lasille k\u00e4velem\u00e4ll\u00e4 \u00f6ljypinnan p\u00e4\u00e4ll\u00e4,","protected":false},"featured_media":303,"comment_status":"open","ping_status":"closed","template":"","meta":{"_acf_changed":false,"content-type":"","_monsterinsights_skip_tracking":false,"_monsterinsights_sitenote_active":false,"_monsterinsights_sitenote_note":"","_monsterinsights_sitenote_category":0},"product_brand":[],"product_cat":[237],"product_tag":[],"class_list":{"0":"post-2820","1":"product","2":"type-product","3":"status-publish","4":"has-post-thumbnail","6":"product_cat-tools","8":"first","9":"instock","10":"taxable","11":"shipping-taxable","12":"purchasable","13":"product-type-simple"},"acf":[],"aioseo_notices":[],"jetpack_sharing_enabled":true,"_links":{"self":[{"href":"https:\/\/antcube.shop\/fi\/wp-json\/wp\/v2\/product\/2820","targetHints":{"allow":["GET"]}}],"collection":[{"href":"https:\/\/antcube.shop\/fi\/wp-json\/wp\/v2\/product"}],"about":[{"href":"https:\/\/antcube.shop\/fi\/wp-json\/wp\/v2\/types\/product"}],"replies":[{"embeddable":true,"href":"https:\/\/antcube.shop\/fi\/wp-json\/wp\/v2\/comments?post=2820"}],"wp:featuredmedia":[{"embeddable":true,"href":"https:\/\/antcube.shop\/fi\/wp-json\/wp\/v2\/media\/303"}],"wp:attachment":[{"href":"https:\/\/antcube.shop\/fi\/wp-json\/wp\/v2\/media?parent=2820"}],"wp:term":[{"taxonomy":"product_brand","embeddable":true,"href":"https:\/\/antcube.shop\/fi\/wp-json\/wp\/v2\/product_brand?post=2820"},{"taxonomy":"product_cat","embeddable":true,"href":"https:\/\/antcube.shop\/fi\/wp-json\/wp\/v2\/product_cat?post=2820"},{"taxonomy":"product_tag","embeddable":true,"href":"https:\/\/antcube.shop\/fi\/wp-json\/wp\/v2\/product_tag?post=2820"}],"curies":[{"name":"wp","href":"https:\/\/api.w.org\/{rel}","templated":true}]}}