{"id":2754,"date":"2021-10-08T12:07:33","date_gmt":"2021-10-08T10:07:33","guid":{"rendered":"https:\/\/antcube.shop\/produkt\/antcube-starter-set-m-20x20-digfix\/"},"modified":"2026-04-16T19:23:48","modified_gmt":"2026-04-16T17:23:48","slug":"antcube-kaynnistyssetti-m-20x20-digfix","status":"publish","type":"product","link":"https:\/\/antcube.shop\/fi\/tuote\/antcube-kaynnistyssetti-m-20x20-digfix\/","title":{"rendered":"ANTCUBE Starter Set M - 20\u00d720 - Digfix"},"content":{"rendered":"<p><strong>Sis\u00e4lt\u00f6:<\/strong><br \/>\n1x ANTCUBE - Arena 20x20x10 - tasainen<br \/>\n1x Muurahaisareenan kehys 20\u00d720<br \/>\n1x muurahaisareenan kansi 20\u00d720<br \/>\n4x kiinnityspiste areenan suojusta varten<br \/>\n1x ANTCUBE - muurahaisfarmi - L - 20\u00d720 - pystyasennossa<\/p>\n<p>1x ANTCUBE - Digfix-levy 20\u00d720 - M<br \/>\n1x 0,5m putki l\u00e4pin\u00e4kyv\u00e4 14\/10 mm<br \/>\n1x ANTCUBE - Punainen folio 20\u00d720 - suodatin<br \/>\n1x tarrakiinnikkeet - l\u00e4pin\u00e4kyv\u00e4 2 kpl.<br \/>\n1x kasvualusta - hiekka-savi beige - 200g<\/p>\n<p>2x Grid insert acrylic &#8211; 50 mm with sealing ring<br \/>\n1x Grid insert acrylic &#8211; 27 mm with sealing ring<br \/>\n1x Grid cap &#8211; 10mm &#8211; stainless steel<\/p>\n<p>1x s\u00e4ili\u00f6letkun liitin 27-14,16,20 mm - l\u00e4pin\u00e4kyv\u00e4<br \/>\n1x Muurahaisten pakenemissuoja\u00f6ljy 10ml<br \/>\n1x Pinsetit jousiter\u00e4st\u00e4 - leve\u00e4 - pehme\u00e4<br \/>\n1x Pinsetit muovinen l\u00e4pin\u00e4kyv\u00e4<br \/>\n1x Muovipipetti 3ml<br \/>\n1x k\u00e4sisuurennuslasi - 2x - 30mm<br \/>\n1x vaahtomuovipyyhin 150x18x2.5mm<\/p>\n<p>1x drinking clear 5ml &#8211; sponge<br \/>\n1x Feeding dish white rectangle &#8211; 3 compartments<br \/>\n1x Juomakaukalo 2ml - 360 astetta<br \/>\n1x Foil thermometer &#8211; farm<br \/>\n1x Foil thermometer display<\/p>\n<p><strong>Kuvaus:<\/strong><br \/>\nThis Digfix starter set is suitable for various species of ants, especially those that nest in sand and\/or dead wood. It can be kept dry or slightly moist.<\/p>\n<p>The &#8220;ANTCUBE &#8211; Digfix plate&#8221; can be inserted into the fully transparent farm. The ants dig their tunnels and chambers into the material themselves. If required, additional modules can be connected via the 50 mm holes in the cover, e.g. the separately available foggers, fans or lights. Alternatively, suitable formicarium plugs are included to close the openings. If desired, the formicarium can also be operated open by simply attaching the removable frame and applying the ant escape protection oil to the edge. The &#8220;Drinking trough 2ml &#8211; 360 degrees&#8221; is intended for honey\/sugar solution, the &#8220;Drinking trough clear 5ml &#8211; sponge&#8221; for water. The &#8220;Foil thermometer display&#8221; can be attached to the frame or the cover and displays the climate values.<\/p>\n<p><strong>T\u00e4rke\u00e4\u00e4:<\/strong> Kostuta alustaa ennen k\u00e4ytt\u00f6\u00e4, jotta seos voi sitoutua ja saada lujan otteen muurahaispes\u00e4ss\u00e4. Jos alusta on liian kuiva ja p\u00f6lyinen, muurahaisten hengitystiet voivat tukkeutua ja pahimmassa tapauksessa el\u00e4imet voivat tukehtua.<\/p>\n<p><strong>Suositus:<\/strong> Suosittelemme 2 mm:n korkuista substraattikerrosta, jotta el\u00e4imet eiv\u00e4t voi kaivautua areenalle, vaan k\u00e4ytt\u00e4v\u00e4t sit\u00e4 varten varattua tarhaa. Suosittelemme my\u00f6s, ett\u00e4 tarhassa oleva pes\u00e4materiaali (hiekka\/savi, Digfix jne.) on kevyesti pistetty yhteen paikkaan, jotta el\u00e4inten kaivaminen olisi helpompaa.<\/p>\n<p><strong>Huom: <\/strong>Pes\u00e4\u00e4 voidaan k\u00e4ytt\u00e4\u00e4 kuivissa ja kosteissa formikarioissa. Jos pes\u00e4 pidet\u00e4\u00e4n jatkuvasti kosteana (liian m\u00e4rk\u00e4n\u00e4), ruokaj\u00e4\u00e4m\u00e4t voivat aiheuttaa homekasvustoa.<\/p>\n<p><strong>Digfixi\u00e4 koskeva huomautus: <\/strong>Luonnollinen v\u00e4ri voi vaihdella vihre\u00e4n\/harmaanruskean ja maanruskean v\u00e4lill\u00e4. V\u00e4ris\u00e4vyll\u00e4 ei ole vaikutusta laatuun.<\/p>\n<p><strong>Tuotantoa koskevat huomautukset<\/strong><br \/>\nLasi leikataan DIN 1249 -standardin mukaisesti +\/- 1 mm:n toleranssilla. Eritt\u00e4in pienille muurahaislajeille tarvitaan lis\u00e4suojausta.<\/p>\n<p><strong>Tilaa koskeva huomautus<\/strong><br \/>\nKun kiinnit\u00e4t tai irrotat letkuja, ota huomioon seuraavat asiat:<br \/>\nJos putkea on hyvin vaikea sovittaa liit\u00e4nt\u00e4muhviin, muhvi on hierottava kevyesti pisaralla irtoamissuoja\u00f6ljy\u00e4 tai -jauhetta. T\u00e4m\u00e4n j\u00e4lkeen letku on ty\u00f6nnett\u00e4v\u00e4 pistorasiaan kiert\u00e4m\u00e4ll\u00e4 tai ruuvaamalla ilman, ett\u00e4 pistorasiaa rasitetaan yl\u00f6s- ja alasp\u00e4in suuntautuvilla liikkeill\u00e4. Sama p\u00e4tee, kun letkut irrotetaan maatilan liit\u00e4nt\u00e4muhvista. \u00c4l\u00e4 yksinkertaisesti ved\u00e4 sit\u00e4 irti!<\/p>\n<p><strong>Ohjeet: <\/strong>(Versio 2023, p\u00e4ivitetty versio vuodelle 2024 on saatavilla viimeist\u00e4\u00e4n 04\/2024).<\/p>\n<p>- DE <a href=\"https:\/\/www.antstore.net\/shop\/images\/info\/de\/Gebrauchsanweisung%20Starter%20Set%20Digfix.pdf\" data-cke-saved-href=\"https:\/\/www.antstore.net\/shop\/images\/info\/de\/Gebrauchsanweisung%20Starter%20Set%20Digfix.pdf\">Gebrauchsanweisung Starter Set Digfix<\/a> (PDF 3,03 MB)<\/p>\n<p>- FI <a href=\"https:\/\/www.antstore.net\/shop\/images\/info\/en\/Instructions%20for%20use%20-%20Starter%20Set%20Digfix.pdf\" data-cke-saved-href=\"https:\/\/www.antstore.net\/shop\/images\/info\/en\/Instructions%20for%20use%20-%20Starter%20Set%20Digfix.pdf\">K\u00e4ytt\u00f6ohjeet - Aloitussarja Digfix<\/a> (PDF 3,03 MB)<\/p>\n<p>- ES <a href=\"https:\/\/www.antstore.net\/shop\/images\/info\/es\/Manual%20de%20instrucciones%20-%20Set%20de%20inicio%20Digfix.pdf\" data-cke-saved-href=\"https:\/\/www.antstore.net\/shop\/images\/info\/es\/Manual%20de%20instrucciones%20-%20Set%20de%20inicio%20Digfix.pdf\">K\u00e4ytt\u00f6ohjeet - Digfix Set de inicio Digfix<\/a> (PDF 3,03 MB)<\/p>\n<p>- FR <a href=\"https:\/\/www.antstore.net\/shop\/images\/info\/fr\/Manuel%20d'instruction%20-%20Kit%20de%20d%C3%A9marrage%20Digfix.pdf\" data-cke-saved-href=\"https:\/\/www.antstore.net\/shop\/images\/info\/fr\/Manuel%20d'instruction%20-%20Kit%20de%20d%C3%A9marrage%20Digfix.pdf\">K\u00e4ytt\u00f6ohjeet - Digfixin irrotussarja (Kit de d\u00e9marrage Digfix)<\/a> (PDF 3,03 MB)<\/p>","protected":false},"excerpt":{"rendered":"<p>The set consists of 25 parts and is suitable for various species of ants, especially those that nest in sand and\/or dead wood. It can be kept dry or slightly moist.<br \/>\nKoko: <strong>M<\/strong><\/p>","protected":false},"featured_media":5446,"comment_status":"open","ping_status":"closed","template":"","meta":{"_acf_changed":false,"content-type":"","_monsterinsights_skip_tracking":false,"_monsterinsights_sitenote_active":false,"_monsterinsights_sitenote_note":"","_monsterinsights_sitenote_category":0},"product_brand":[],"product_cat":[73,75],"product_tag":[],"class_list":{"0":"post-2754","1":"product","2":"type-product","3":"status-publish","4":"has-post-thumbnail","6":"product_cat-starter-sets","7":"product_cat-starter-sets-digfix","9":"first","10":"instock","11":"taxable","12":"shipping-taxable","13":"purchasable","14":"product-type-simple"},"acf":[],"aioseo_notices":[],"jetpack_sharing_enabled":true,"_links":{"self":[{"href":"https:\/\/antcube.shop\/fi\/wp-json\/wp\/v2\/product\/2754","targetHints":{"allow":["GET"]}}],"collection":[{"href":"https:\/\/antcube.shop\/fi\/wp-json\/wp\/v2\/product"}],"about":[{"href":"https:\/\/antcube.shop\/fi\/wp-json\/wp\/v2\/types\/product"}],"replies":[{"embeddable":true,"href":"https:\/\/antcube.shop\/fi\/wp-json\/wp\/v2\/comments?post=2754"}],"wp:featuredmedia":[{"embeddable":true,"href":"https:\/\/antcube.shop\/fi\/wp-json\/wp\/v2\/media\/5446"}],"wp:attachment":[{"href":"https:\/\/antcube.shop\/fi\/wp-json\/wp\/v2\/media?parent=2754"}],"wp:term":[{"taxonomy":"product_brand","embeddable":true,"href":"https:\/\/antcube.shop\/fi\/wp-json\/wp\/v2\/product_brand?post=2754"},{"taxonomy":"product_cat","embeddable":true,"href":"https:\/\/antcube.shop\/fi\/wp-json\/wp\/v2\/product_cat?post=2754"},{"taxonomy":"product_tag","embeddable":true,"href":"https:\/\/antcube.shop\/fi\/wp-json\/wp\/v2\/product_tag?post=2754"}],"curies":[{"name":"wp","href":"https:\/\/api.w.org\/{rel}","templated":true}]}}