{"id":2744,"date":"2021-10-08T12:05:54","date_gmt":"2021-10-08T10:05:54","guid":{"rendered":"https:\/\/antcube.shop\/produkt\/antcube-starter-set-s-20x20-wald\/"},"modified":"2026-04-04T18:58:20","modified_gmt":"2026-04-04T16:58:20","slug":"antcube-starter-set-s-20x20-wald","status":"publish","type":"product","link":"https:\/\/antcube.shop\/fi\/tuote\/antcube-starter-set-s-20x20-wald\/","title":{"rendered":"ANTCUBE Starter Set S - 20\u00d720 - Mets\u00e4puu"},"content":{"rendered":"<p><strong>Sis\u00e4lt\u00f6:<\/strong><br \/>\n1x Sirkkahillo 25g<br \/>\n1x Mets\u00e4hunaja (Wa) - t\u00e4ydennys 10ml<\/p>\n<p>1x ANTCUBE - Arena 20x20x10 - tasainen<br \/>\n1x Muurahaisareenan kehys 20\u00d720<br \/>\n1x muurahaisareenan kansi 20\u00d720<br \/>\n4x kiinnityspiste areenan suojusta varten<br \/>\n1x ANTCUBE - muurahaisfarmi - L - 20\u00d720 - pystyasennossa<\/p>\n<p>1x 0,5m putki l\u00e4pin\u00e4kyv\u00e4 10\/06 mm<br \/>\n1x ANTCUBE - Punainen folio 20\u00d720 - suodatin<br \/>\n1x tarrakiinnikkeet - l\u00e4pin\u00e4kyv\u00e4 2 kpl.<br \/>\n1x kasvualusta - mets\u00e4 - 1kg<br \/>\n1x Formicarien rakeet 200 ml - musta<\/p>\n<p>1x ritil\u00e4paneeli - 50mm - ruostumatonta ter\u00e4st\u00e4<br \/>\n1x Formicarium-tulppa 50mm reik\u00e4\u00e4n<br \/>\n1x Formicarium-tulppa 27mm reik\u00e4\u00e4n<br \/>\n1x Formicarium-korkki 6mm pistorasiaan<\/p>\n<p>1x Altaan liitin B-27 ja S-10-16 mm M25 - sarja<br \/>\n1x Juomakaukalo 2ml - 360 astetta<br \/>\n1x juomakaukalo kirkas 20ml - sieni<br \/>\n1x kulho kirkas 1\u00d720 - sieni<br \/>\n1x Mini l\u00e4mp\u00f6- ja kosteusmittari analoginen - n\u00e4ytt\u00f6 - ripustettava<br \/>\n1x Muurahais\u00f6ljy 10ml<br \/>\n1x Pinsetit jousiter\u00e4st\u00e4 - leve\u00e4 - pehme\u00e4<br \/>\n1x Pinsetit muovinen l\u00e4pin\u00e4kyv\u00e4<br \/>\n1x muovipipetti 3ml<br \/>\n1x k\u00e4sisuurennuslasi - 2x - 30mm<br \/>\n1x vaahtomuovipyyhin 150x18x2,5mm<br \/>\n1x valokuvaselk\u00e4 - mets\u00e4 - 20\u00d710<\/p>\n<p><strong>Kuvaus:<\/strong><br \/>\nT\u00e4m\u00e4 mets\u00e4n aloitussarja sopii kaikille mets\u00e4npohjassa el\u00e4ville muurahaislajeille.<\/p>\n<p>T\u00e4ysin l\u00e4pin\u00e4kyv\u00e4ss\u00e4 tilassa (pes\u00e4) tilan t\u00e4ytt\u00e4miseen k\u00e4ytet\u00e4\u00e4n \"Soil - Desert\" -materiaalia. Tarvittaessa lis\u00e4moduuleja voidaan liitt\u00e4\u00e4 kannessa olevien 50 mm:n reikien kautta, esim. erikseen saatavia sumuttimia, tuulettimia tai valoja. Vaihtoehtoisesti mukana toimitetaan sopivat formicarium-tulpat aukkojen sulkemiseksi. Haluttaessa formikaari voidaan k\u00e4ytt\u00e4\u00e4 my\u00f6s avoimena kiinnitt\u00e4m\u00e4ll\u00e4 irrotettava kehys ja levitt\u00e4m\u00e4ll\u00e4 muurahaispoistosuoja\u00f6ljy\u00e4 reunaan. \"Juomakaukalo 2ml - 360 astetta\" on tarkoitettu hunaja\/sokeriliuokselle, \"Juomakaukalo kirkas 20ml - sieni\" vedelle. \"Mini thermo-hygrometer\" voidaan kiinnitt\u00e4\u00e4 kehikkoon tai kanteen, ja se n\u00e4ytt\u00e4\u00e4 ilmastoarvot.<\/p>\n<p><strong>T\u00e4rke\u00e4\u00e4:<\/strong> Kostuta alustaa ennen k\u00e4ytt\u00f6\u00e4, jotta seos voi sitoutua ja saada lujan otteen muurahaispes\u00e4ss\u00e4. Jos alusta on liian kuiva ja p\u00f6lyinen, muurahaisten hengitystiet voivat tukkeutua ja pahimmassa tapauksessa el\u00e4imet voivat tukehtua.<\/p>\n<p><strong>Suositus:<\/strong> Suosittelemme 2 mm:n korkuista substraattikerrosta, jotta el\u00e4imet eiv\u00e4t voi kaivautua areenalle, vaan k\u00e4ytt\u00e4v\u00e4t sit\u00e4 varten varattua tarhaa. Suosittelemme my\u00f6s, ett\u00e4 tarhassa oleva pes\u00e4materiaali (hiekka\/savi, Digfix jne.) on kevyesti pistetty yhteen paikkaan, jotta el\u00e4inten kaivaminen olisi helpompaa.<\/p>\n<p><strong>Tuotantoa koskevat huomautukset<\/strong><br \/>\nLasi leikataan DIN 1249 -standardin mukaisesti +\/- 1 mm:n toleranssilla. Eritt\u00e4in pienten muurahaislajien kohdalla on v\u00e4ltt\u00e4m\u00e4t\u00f6nt\u00e4 k\u00e4ytt\u00e4\u00e4 lis\u00e4suojaa.<\/p>\n<p><strong>Maatilaa koskevat muistiinpanot<\/strong><br \/>\nKun kiinnit\u00e4t tai irrotat letkuja, ota huomioon seuraavat asiat:<br \/>\nJos putkea on hyvin vaikea sovittaa liit\u00e4nt\u00e4muhviin, muhvi on hierottava kevyesti pisaralla irtoamissuoja\u00f6ljy\u00e4 tai -jauhetta. T\u00e4m\u00e4n j\u00e4lkeen letku on ty\u00f6nnett\u00e4v\u00e4 pistorasiaan kiert\u00e4m\u00e4ll\u00e4 tai ruuvaamalla ilman, ett\u00e4 pistorasiaa rasitetaan yl\u00f6s- ja alasp\u00e4in suuntautuvilla liikkeill\u00e4. Sama p\u00e4tee, kun letkut irrotetaan maatilan liit\u00e4nt\u00e4muhvista. \u00c4l\u00e4 yksinkertaisesti ved\u00e4 sit\u00e4 irti!<\/p>\n<p><strong>Ohjeet:<\/strong> (Versio 2023, p\u00e4ivitetty versio vuodelle 2024 on saatavilla viimeist\u00e4\u00e4n 04\/2024).<\/p>\n<p>- DE <a href=\"https:\/\/www.antstore.net\/shop\/images\/info\/de\/Gebrauchsanweisung%20Starter%20Set%20Habitat.pdf\">Gebrauchsanweisung Starter Set Habitat<\/a> (PDF 3,21 MB)<\/p>\n<p>- FI <a href=\"https:\/\/www.antstore.net\/shop\/images\/info\/en\/Instructions%20for%20use%20-%20Starter%20Set%20Habitat.pdf\">K\u00e4ytt\u00f6ohjeet - Aloitussarja Habitat<\/a> (PDF 3,21 MB)<\/p>\n<p>- ES <a href=\"https:\/\/www.antstore.net\/shop\/images\/info\/es\/Manual%20de%20instrucciones%20-%20Set%20de%20inicio%20H%C3%A1bitat.pdf\">K\u00e4ytt\u00f6ohjeet - Set de inicio H\u00e1bitat<\/a> (PDF 3,21 MB)<\/p>\n<p>- FR <a href=\"https:\/\/www.antstore.net\/shop\/images\/info\/fr\/Manuel%20d'instruction%20-%20Kit%20de%20d%C3%A9marrage%20Habitat.pdf\">Manuel d'instruction - Kit de d\u00e9marrage Habitat (Asuinymp\u00e4rist\u00f6)<\/a> (PDF 3,21 MB)<\/p>\n<p><strong>Notes on Forest Honey (Wa) - t\u00e4ydennyspakkaus 10ml<\/strong><br \/>\nSis\u00e4lt\u00f6: 10 ml<\/p>\n<p><strong>Kuvaus:<\/strong> T\u00e4m\u00e4 on puhtaasti luonnollinen tuote. Hunaja on per\u00e4isin metsist\u00e4, ja se sopii siksi erinomaisesti mets\u00e4ss\u00e4 el\u00e4ville muurahaislajeille.<br \/>\nRuokaputki voidaan sijoittaa kokonaisena formikaarioon, tai vaihtoehtoisesti lis\u00e4t\u00e4 pienempi\u00e4 m\u00e4\u00e4ri\u00e4 ruokakuppiin tarpeen mukaan\/pes\u00e4kkeen koon mukaan. Ruoka tulisi sy\u00f6d\u00e4 noin 3 p\u00e4iv\u00e4n kuluessa, muuten on olemassa homehtumisvaara, ja samasta syyst\u00e4 ruokakuppi tulisi puhdistaa ennen uudelleen t\u00e4ytt\u00e4mist\u00e4.<\/p>\n<p><strong>K\u00e4yt\u00e4:<\/strong><br \/>\nSademets\u00e4hunaja = hunajaa sy\u00f6v\u00e4t muurahaislajit (Meliphagidae).<br \/>\nT\u00e4m\u00e4 on lis\u00e4rehu<br \/>\nSit\u00e4 voidaan tarjota el\u00e4imille toimitettuna. Koska kosteus v\u00e4hent\u00e4\u00e4 sokeripitoisuutta ja k\u00e4ymisprosessi alkaa, ruoka on vaihdettava 3 p\u00e4iv\u00e4n v\u00e4lein. Puhdista ruokintakuppi\/putki huolellisesti ennen uudelleenk\u00e4ytt\u00f6\u00e4.<br \/>\nKun pakkaus on avattu, se on s\u00e4ilytett\u00e4v\u00e4 tiiviisti suljettuna viimeiseen k\u00e4ytt\u00f6p\u00e4iv\u00e4\u00e4n asti.<\/p>\n<p><strong>Sis\u00e4lt\u00e4\u00e4:<\/strong> Hunajan ainesosat yleens\u00e4, suhteet vaihtelevat hunajatyypist\u00e4 riippuen.<br \/>\n- noin 38 % hedelm\u00e4sokeri (fruktoosi)<br \/>\n- noin 32 % dekstroosi (glukoosi)<br \/>\n- noin 20 % vett\u00e4<br \/>\n- noin 5 % polysakkaridit<br \/>\n- noin 5 %-vitamiinia (B1, B2, B6, C, H).<br \/>\nKivenn\u00e4isaineet (kalium, kalsium, kupari, rauta, natrium, magnesium, fosfori, sinkki ja muut hivenaineet). Aminohapot (proliini, leusiini, fenyylialaniini, alaniini, histidiini, isoleusiini, glutamiinihappo, arginiini, asparagiinihappo jne.) Orgaaniset hapot Entsyymit (fermentit)Aromit Inhibiinit (antibakteeriset aineet) Kukat Siitep\u00f6ly<\/p>\n<p><strong>Varastointi:<\/strong> Rehun laadun varmistamiseksi rehu on s\u00e4ilytett\u00e4v\u00e4 pime\u00e4ss\u00e4 ja kuivassa paikassa.<\/p>\n<p><strong>Huom:<\/strong><br \/>\nHunajaa sy\u00f6vien muurahaisten lis\u00e4rehu.<br \/>\nKatso pakkausselosteesta koostumus, analyyttiset ainesosat, parasta ennen -p\u00e4iv\u00e4ys ja er\u00e4numero.<\/p>\n<p>Tietopuhelin +49 30 439703870<\/p>\n<p><strong>Vastaava el\u00e4inl\u00e4\u00e4kint\u00e4- ja elintarvikevirasto:<\/strong><br \/>\nSteglitzin el\u00e4inl\u00e4\u00e4k\u00e4rintoimisto<br \/>\nK\u00f6nigin-Luise-Str. 92<br \/>\n14195 Berliini<\/p>\n<p><strong>Muistiinpanoja krikettijamista:<\/strong><br \/>\nBlanchoidut sirkkamme ovat helppo tapa tarjota muurahaisillesi tuoretta s\u00e4il\u00f6tty\u00e4 proteiiniruokaa ilman, ett\u00e4 sinun tarvitsee sy\u00f6tt\u00e4\u00e4 el\u00e4vi\u00e4 hy\u00f6nteisi\u00e4. Sis\u00e4lt\u00e4m\u00e4t sirkat (Acheta domesticus) on blanchoitu hell\u00e4varaisesti, jotta ravintoarvot, maku ja aromi s\u00e4ilyv\u00e4t. Lis\u00e4ksi hy\u00f6nteisten kitiininen kuori on pehmennetty t\u00e4ll\u00e4 tavoin, jotta se on helpommin sulavaa. Kollageeniproteiinien sidokset hajotetaan, jotta muurahaiset voivat hy\u00f6dynt\u00e4\u00e4 niit\u00e4 paremmin. Acheta domesticus -s\u00e4ilykkeill\u00e4 on sama ravintoarvo kuin el\u00e4vill\u00e4 sirkoilla, mutta ne ovat helpommin sulavia.<\/p>\n<p>Cricket Jam ei sovellu sellaisten muurahaislajien mets\u00e4stykseen, jotka vaativat el\u00e4v\u00e4\u00e4 ravintoa (esim. poneriinit, kuten Harpegnathos tai Odontomachus).<\/p>\n<p><strong>Muita etuja:<\/strong><br \/>\nTaatusti punkkivapaa<br \/>\nVoidaan annostella ja laimentaa vedell\u00e4<br \/>\nSteriloitu ja tyhji\u00f6pakattu<br \/>\nIlman lis\u00e4aineita<br \/>\nSirkat, jotka ovat per\u00e4isin kest\u00e4v\u00e4st\u00e4, puhtaasti luonnonmukaisesta kasvatuksesta ja joita ruokitaan orgaanisella j\u00e4tteell\u00e4.<\/p>\n<p><strong>Huom:<\/strong><br \/>\nS\u00e4ilyy j\u00e4\u00e4kaapissa noin nelj\u00e4 p\u00e4iv\u00e4\u00e4 avaamisen j\u00e4lkeen. Pidempi s\u00e4ilyvyys pakastettuna.<br \/>\nHuomio: Ensin annostellaan, sitten j\u00e4\u00e4dytet\u00e4\u00e4n.<\/p>","protected":false},"excerpt":{"rendered":"<p>Sarjaan kuuluu 42 palaa, ja se on tarkoitettu kaikille mets\u00e4maassa el\u00e4ville muurahaislajeille.<br \/>\nKoko: <span style=\"color: #ff8c00;\"><strong>S<\/strong><\/span><\/p>","protected":false},"featured_media":5450,"comment_status":"open","ping_status":"closed","template":"","meta":{"_acf_changed":false,"content-type":"","_monsterinsights_skip_tracking":false,"_monsterinsights_sitenote_active":false,"_monsterinsights_sitenote_note":"","_monsterinsights_sitenote_category":0},"product_brand":[],"product_cat":[73,74],"product_tag":[],"class_list":{"0":"post-2744","1":"product","2":"type-product","3":"status-publish","4":"has-post-thumbnail","6":"product_cat-starter-sets","7":"product_cat-starter-sets-habitat","9":"first","10":"outofstock","11":"taxable","12":"shipping-taxable","13":"purchasable","14":"product-type-simple"},"acf":[],"aioseo_notices":[],"jetpack_sharing_enabled":true,"_links":{"self":[{"href":"https:\/\/antcube.shop\/fi\/wp-json\/wp\/v2\/product\/2744","targetHints":{"allow":["GET"]}}],"collection":[{"href":"https:\/\/antcube.shop\/fi\/wp-json\/wp\/v2\/product"}],"about":[{"href":"https:\/\/antcube.shop\/fi\/wp-json\/wp\/v2\/types\/product"}],"replies":[{"embeddable":true,"href":"https:\/\/antcube.shop\/fi\/wp-json\/wp\/v2\/comments?post=2744"}],"wp:featuredmedia":[{"embeddable":true,"href":"https:\/\/antcube.shop\/fi\/wp-json\/wp\/v2\/media\/5450"}],"wp:attachment":[{"href":"https:\/\/antcube.shop\/fi\/wp-json\/wp\/v2\/media?parent=2744"}],"wp:term":[{"taxonomy":"product_brand","embeddable":true,"href":"https:\/\/antcube.shop\/fi\/wp-json\/wp\/v2\/product_brand?post=2744"},{"taxonomy":"product_cat","embeddable":true,"href":"https:\/\/antcube.shop\/fi\/wp-json\/wp\/v2\/product_cat?post=2744"},{"taxonomy":"product_tag","embeddable":true,"href":"https:\/\/antcube.shop\/fi\/wp-json\/wp\/v2\/product_tag?post=2744"}],"curies":[{"name":"wp","href":"https:\/\/api.w.org\/{rel}","templated":true}]}}