{"id":2737,"date":"2021-10-08T12:04:45","date_gmt":"2021-10-08T10:04:45","guid":{"rendered":"https:\/\/antcube.shop\/produkt\/antcube-starter-set-fur-blattschneiderarten-gros\/"},"modified":"2026-04-15T12:56:37","modified_gmt":"2026-04-15T10:56:37","slug":"antcube-starter-set-fur-blattschneiderarten-gros","status":"publish","type":"product","link":"https:\/\/antcube.shop\/fi\/tuote\/antcube-starter-set-fur-blattschneiderarten-gros\/","title":{"rendered":"ANTCUBE - Aloitussarja lehtileikkurimuurahaisille - Suuri"},"content":{"rendered":"<p><span data-text-color=\"alert\"><strong>Toimitus mahdollista vain paletin v\u00e4lityksell\u00e4.<\/strong><\/span><\/p>\n<p><strong>Sis\u00e4lt\u00e4\u00e4:<\/strong><\/p>\n<p>1x ANTCUBE Arena 30x30x60, jossa on liukuovi.<br \/>\n1x liukuoven kehys<br \/>\n2x ANTCUBE Arena 30x30x30cm<br \/>\n3x muurahaisareenan kehys 30x30cm<br \/>\n3x muurahaisareenan kansi 30x30cm<br \/>\n12 kiinnityspistett\u00e4 areenan suojusta varten<\/p>\n<p>1x muurahaisputki - kristallinkirkas 50mm - 1m (puolitettu)<br \/>\n1x kasvualusta - sademets\u00e4 - 1 kg<br \/>\n1x Formicarium rakeet 200ml - beige<br \/>\n3x Formicariumin pohja 30\u00d730<\/p>\n<p>3x Formicarium plug for 50mm hole<br \/>\n10x Grid insert acrylic &#8211; 50 mm with sealing ring<br \/>\n4x s\u00e4ili\u00f6liitin 1 1\/2\" - 50mm - kristallinkirkas<br \/>\n4x Formicarium mutteri 1 1\/2 tuumaa - kristallinkirkas<\/p>\n<p>1x Foil thermometer Display<br \/>\n1x drinking clear 5ml &#8211; sponge<br \/>\n1x pinsetit jousiter\u00e4st\u00e4 - leve\u00e4 - pehme\u00e4<br \/>\n1x Formicarium-pinsetit - muovia<br \/>\n1x k\u00e4sisuurennuslasi - 2x - 30mm<br \/>\n1x muurahaisten pakenemissuoja\u00f6ljy 10ml<br \/>\n1x vaahtomuovipyyhin 150x18x2,5mm<br \/>\n1x suihkepullo Suihkupullo 0,5 litraa - messinkinen suutin<br \/>\n1x Ruusun ter\u00e4lehdet 100g - kuivatut<br \/>\n2x valokuvataustasein\u00e4 - sademets\u00e4 - 30 \u00d7 30<br \/>\n1x valokuvan taustasein\u00e4 - sademets\u00e4 - 30\u00d760 - korkea<\/p>\n<p><strong>Kuvaus:<\/strong><br \/>\nThis expandable starter set for all leafcutter ant species contains, in addition to the optimally adapted formicarium, the appropriate accessories for keeping these ants. The voluminous basins allow easy handling for feeding and cleaning. The large holes (50 mm) and tubes not only make it easy to observe the ants, they also allow the animals to remove large pieces of leaf. The stainless steel mesh inserts ensure good ventilation and are robust against mechanical impact. Even large colonies of leaf-cutter ants, which are very fond of cutting, are unable to penetrate them. The sturdy screw sockets are also absolutely bite-proof.. If necessary, the humidity can be increased using the spray bottle.<\/p>\n<p><strong>T\u00e4rke\u00e4\u00e4:<\/strong> Kostuta alustaa ennen k\u00e4ytt\u00f6\u00e4, jotta seos voi sitoutua ja saada lujan otteen muurahaispes\u00e4ss\u00e4. Jos alusta on liian kuiva ja p\u00f6lyinen, muurahaisten hengitystiet voivat tukkeutua ja pahimmassa tapauksessa el\u00e4imet voivat tukehtua.<\/p>\n<p><strong>Tuotantoa koskevat huomautukset<\/strong><br \/>\nLasi leikataan DIN 1249 -standardin mukaisesti +\/- 1 mm:n toleranssilla. Lis\u00e4suoja on v\u00e4ltt\u00e4m\u00e4t\u00f6n eritt\u00e4in pienille muurahaislajeille.<\/p>\n<p><strong>Kuvaus liukuoviareenasta: <\/strong>ANTCUBE-areenamme 30x30x60, jossa on liukuovi, on kehitetty siten, ett\u00e4 siell\u00e4 voi ty\u00f6skennell\u00e4 mukavasti jopa t\u00e4ydess\u00e4 formikariassa. Ne ovat erityisen k\u00e4ytt\u00f6kelpoisia muurahaisten (Polyrhachis ja Oecophylla) formikaarioina, koska ne rakentavat mielell\u00e4\u00e4n yl\u00f6sp\u00e4in ja tarvitsevat is\u00e4nt\u00e4kasvin. Joskus voi olla hankalaa poistaa esimerkiksi formikariumin pohjalla olevien el\u00e4inten j\u00e4t\u00f6kset. T\u00e4m\u00e4 ei ole ongelma t\u00e4ss\u00e4 erityisesti mukautetussa s\u00e4ili\u00f6ss\u00e4. Liukuovi on eritt\u00e4in k\u00e4yt\u00e4nn\u00f6llinen my\u00f6s Acromyrmex- tai Atta-lehtileikkurimuurahaisten ruokinta-altaissa, sill\u00e4 kasvinj\u00e4\u00e4nn\u00f6kset ja muut j\u00e4tteet voidaan h\u00e4vitt\u00e4\u00e4 helposti. Voit my\u00f6s k\u00e4ytt\u00e4\u00e4 liukuoven kehyst\u00e4 (tuotenro 1005648) est\u00e4m\u00e4\u00e4n el\u00e4inten karkaamisen ty\u00f6skentelyn aikana.<\/p>","protected":false},"excerpt":{"rendered":"<p>The set consists of 47 parts and is suitable for all leaf cutter ant species.<br \/>\nKoko: <span style=\"color: #ed1c24;\"><strong>XL<\/strong><\/span><\/p>","protected":false},"featured_media":7665,"comment_status":"open","ping_status":"closed","template":"","meta":{"_acf_changed":false,"content-type":"","_monsterinsights_skip_tracking":false,"_monsterinsights_sitenote_active":false,"_monsterinsights_sitenote_note":"","_monsterinsights_sitenote_category":0},"product_brand":[484],"product_cat":[73,79],"product_tag":[],"class_list":{"0":"post-2737","1":"product","2":"type-product","3":"status-publish","4":"has-post-thumbnail","6":"product_brand-antcube","7":"product_cat-starter-sets","8":"product_cat-starter-sets-for-leafcutter-ants","9":"product_shipping_class-forwarding-on-pallet","11":"first","12":"instock","13":"taxable","14":"shipping-taxable","15":"purchasable","16":"product-type-simple"},"acf":[],"aioseo_notices":[],"jetpack_sharing_enabled":true,"_links":{"self":[{"href":"https:\/\/antcube.shop\/fi\/wp-json\/wp\/v2\/product\/2737","targetHints":{"allow":["GET"]}}],"collection":[{"href":"https:\/\/antcube.shop\/fi\/wp-json\/wp\/v2\/product"}],"about":[{"href":"https:\/\/antcube.shop\/fi\/wp-json\/wp\/v2\/types\/product"}],"replies":[{"embeddable":true,"href":"https:\/\/antcube.shop\/fi\/wp-json\/wp\/v2\/comments?post=2737"}],"wp:featuredmedia":[{"embeddable":true,"href":"https:\/\/antcube.shop\/fi\/wp-json\/wp\/v2\/media\/7665"}],"wp:attachment":[{"href":"https:\/\/antcube.shop\/fi\/wp-json\/wp\/v2\/media?parent=2737"}],"wp:term":[{"taxonomy":"product_brand","embeddable":true,"href":"https:\/\/antcube.shop\/fi\/wp-json\/wp\/v2\/product_brand?post=2737"},{"taxonomy":"product_cat","embeddable":true,"href":"https:\/\/antcube.shop\/fi\/wp-json\/wp\/v2\/product_cat?post=2737"},{"taxonomy":"product_tag","embeddable":true,"href":"https:\/\/antcube.shop\/fi\/wp-json\/wp\/v2\/product_tag?post=2737"}],"curies":[{"name":"wp","href":"https:\/\/api.w.org\/{rel}","templated":true}]}}