{"id":2733,"date":"2021-10-08T12:04:06","date_gmt":"2021-10-08T10:04:06","guid":{"rendered":"https:\/\/antcube.shop\/produkt\/antcube-arena-20x20x20-combi-m\/"},"modified":"2026-04-02T17:07:17","modified_gmt":"2026-04-02T15:07:17","slug":"antcube-arena-20x20x20-combi-m","status":"publish","type":"product","link":"https:\/\/antcube.shop\/fi\/tuote\/antcube-arena-20x20x20-combi-m\/","title":{"rendered":"ANTCUBE - Arena 20x20x20 - Combi M"},"content":{"rendered":"<p><strong>Mitat:<\/strong> 20x20x20 cm; lasin paksuus 4 mm<\/p>\n<p><strong>Materiaali:<\/strong> silikonilla liimattu lasi<\/p>\n<p><strong>Yhteys:<\/strong> 2x poraus 27mm (2x 10mm poraus pes\u00e4n alueella).<\/p>\n<p><strong>Levyjen v\u00e4linen et\u00e4isyys pes\u00e4alueella:<\/strong> noin 10mm<\/p>\n<p><strong>Kuvaus:<\/strong> Muurahaisareenassa - Combi on farmi- tai pes\u00e4alue, joka on integroitu formicariumiin. Muurahaiset p\u00e4\u00e4sev\u00e4t pes\u00e4alueelle areenasta kahden sis\u00e4isen 10 mm:n aukon kautta.<\/p>\n<p><strong>Ilmoitus:<\/strong><br \/>\nKun k\u00e4yt\u00e4t pes\u00e4paikkoja (esim. korkki, kipsi), huomioi, ett\u00e4 ne ovat 8 mm kapeampia, koska ne on alun perin suunniteltu sopimaan kapeampiin muurahaisfarmeihimme sek\u00e4 areena-paikkoihin! T\u00e4ll\u00f6in v\u00e4liin j\u00e4\u00e4v\u00e4 tila olisi t\u00e4ytett\u00e4v\u00e4 t\u00e4ytt\u00f6materiaalilla, kuten kipsill\u00e4 tai savella.<\/p>\n<p>&nbsp;<\/p>","protected":false},"excerpt":{"rendered":"<p>Liit\u00e4nt\u00e4: 2x reik\u00e4 27 mm<br \/>\nKoko: <span style=\"color: #008000;\"><strong>M<\/strong><\/span><\/p>","protected":false},"featured_media":329,"comment_status":"open","ping_status":"closed","template":"","meta":{"_acf_changed":false,"content-type":"","_monsterinsights_skip_tracking":false,"_monsterinsights_sitenote_active":false,"_monsterinsights_sitenote_note":"","_monsterinsights_sitenote_category":0},"product_brand":[],"product_cat":[85,82,86],"product_tag":[],"class_list":{"0":"post-2733","1":"product","2":"type-product","3":"status-publish","4":"has-post-thumbnail","6":"product_cat-ant-arenas","7":"product_cat-antfarms-m","8":"product_cat-formicariums","10":"first","11":"instock","12":"taxable","13":"shipping-taxable","14":"purchasable","15":"product-type-simple"},"acf":[],"aioseo_notices":[],"jetpack_sharing_enabled":true,"_links":{"self":[{"href":"https:\/\/antcube.shop\/fi\/wp-json\/wp\/v2\/product\/2733","targetHints":{"allow":["GET"]}}],"collection":[{"href":"https:\/\/antcube.shop\/fi\/wp-json\/wp\/v2\/product"}],"about":[{"href":"https:\/\/antcube.shop\/fi\/wp-json\/wp\/v2\/types\/product"}],"replies":[{"embeddable":true,"href":"https:\/\/antcube.shop\/fi\/wp-json\/wp\/v2\/comments?post=2733"}],"wp:featuredmedia":[{"embeddable":true,"href":"https:\/\/antcube.shop\/fi\/wp-json\/wp\/v2\/media\/329"}],"wp:attachment":[{"href":"https:\/\/antcube.shop\/fi\/wp-json\/wp\/v2\/media?parent=2733"}],"wp:term":[{"taxonomy":"product_brand","embeddable":true,"href":"https:\/\/antcube.shop\/fi\/wp-json\/wp\/v2\/product_brand?post=2733"},{"taxonomy":"product_cat","embeddable":true,"href":"https:\/\/antcube.shop\/fi\/wp-json\/wp\/v2\/product_cat?post=2733"},{"taxonomy":"product_tag","embeddable":true,"href":"https:\/\/antcube.shop\/fi\/wp-json\/wp\/v2\/product_tag?post=2733"}],"curies":[{"name":"wp","href":"https:\/\/api.w.org\/{rel}","templated":true}]}}