{"id":2728,"date":"2021-10-08T12:02:35","date_gmt":"2021-10-08T10:02:35","guid":{"rendered":"https:\/\/antcube.shop\/produkt\/antcube-starter-set-fur-blattschneiderarten-klein\/"},"modified":"2026-04-01T13:27:59","modified_gmt":"2026-04-01T11:27:59","slug":"antcube-starter-set-fur-blattschneiderarten-klein","status":"publish","type":"product","link":"https:\/\/antcube.shop\/fi\/tuote\/antcube-starter-set-fur-blattschneiderarten-klein\/","title":{"rendered":"ANTCUBE - Aloitussarja lehtileikkurimuurahaisia varten - pieni"},"content":{"rendered":"<p><span data-text-color=\"alert\"><strong>UUSI 04\/2024 alkaen:<\/strong><\/span><br \/>\n<strong>Ruokinta-allas toimitetaan nyt 20x20x40cm korkeana areenana. T\u00e4m\u00e4 j\u00e4tt\u00e4\u00e4 enemm\u00e4n tilaa ruoalle.<\/strong><br \/>\n<strong>Olemme korvanneet vanhat liittimet t\u00e4ysin l\u00e4pin\u00e4kyvill\u00e4 uusilla liittimill\u00e4, mukaan lukien t\u00e4ysin l\u00e4pin\u00e4kyv\u00e4t mutterit.<\/strong><br \/>\n<strong>Olemme my\u00f6s lis\u00e4nneet formicarium-tyynyj\u00e4 kaikkiin altaisiin (kalusteiden ja altaiden suojaus ja t\u00e4rin\u00e4n torjunta).<\/strong><\/p>\n<p>&nbsp;<\/p>\n<p><strong>Sis\u00e4lt\u00e4\u00e4:<\/strong><\/p>\n<p>2x ANTCUBE Arena 20x20x20cm<br \/>\n1x ANTCUBE Arena 20x20x40cm korkea<br \/>\n3x muurahaisareenan kehys 20x20cm<br \/>\n3x muurahaisareenan kansi 20x20cm<br \/>\n12 kiinnityspistett\u00e4 areenan suojusta varten<\/p>\n<p>1x muurahaisputki - kristallinkirkas 32mm - 1m (puolitettu)<br \/>\n1x kasvualusta - sademets\u00e4 - 1 kg<br \/>\n1x Formicarium rakeet 200ml - beige<br \/>\n3x formicariumin pohja 20\u00d720<\/p>\n<p>2x formicarium-tulpat 50mm reik\u00e4\u00e4n<br \/>\n5x Grid insert acrylic &#8211; 50 mm with sealing ring<br \/>\n2x Grid insert acrylic &#8211; 27 mm with sealing ring<br \/>\n4x s\u00e4ili\u00f6liitin 3\/4\" - 32mm - kristallinkirkas<br \/>\n4x Formicarium mutteri 3\/4 tuumaa - kristallinkirkas<\/p>\n<p>1x Foil thermometer Display<br \/>\n1x drinking clear 5ml &#8211; sponge<br \/>\n1x Pinsetit jousiter\u00e4st\u00e4 - leve\u00e4 - pehme\u00e4<br \/>\n1x Formicarium-pinsetit - muovia<br \/>\n1x k\u00e4sisuurennuslasi - 2x - 30mm<br \/>\n1x muurahaisten taudinpurkauksen torjunta\u00f6ljy 10ml<br \/>\n1x vaahtomuovipyyhin 150x18x2,5mm<br \/>\n1x suihkepullo Suihkupullo 0,5 litraa - messinkinen suutin<br \/>\n1x Ruusun ter\u00e4lehdet 100g - kuivatut<br \/>\n2x valokuvan taustasein\u00e4 - sademets\u00e4 - 20\u00d720<br \/>\n1x valokuvan taustasein\u00e4 - sademets\u00e4 - 20\u00d740 korkea<\/p>\n<p><strong>Kuvaus:<\/strong><br \/>\nThis expandable starter set for all leafcutter ant species contains, in addition to the optimally adapted formicarium, the appropriate accessories for keeping these ants. The basins are easy to use for feeding and cleaning. The large holes (27 mm) and tubes not only make it easy to observe the ants, they also allow the animals to remove large pieces of leaf. The stainless steel mesh inserts ensure good ventilation and are robust against mechanical impact. Even large colonies of leaf-cutter ants, which are very fond of cutting, are unable to penetrate them. The sturdy tube connectors are also absolutely bite-proof. The humidity can be increased using the spray bottle.<\/p>\n<p><strong>T\u00e4rke\u00e4\u00e4:<\/strong> Kostuta alustaa ennen k\u00e4ytt\u00f6\u00e4, jotta seos voi sitoutua ja saada lujan otteen muurahaispes\u00e4ss\u00e4. Jos alusta on liian kuiva ja p\u00f6lyinen, muurahaisten hengitystiet voivat tukkeutua ja pahimmassa tapauksessa el\u00e4imet voivat tukehtua.<\/p>\n<p><strong>Tuotantoa koskevat huomautukset<\/strong><br \/>\nLasi leikataan DIN 1249 -standardin mukaisesti +\/- 1 mm:n toleranssilla. Lis\u00e4suoja on v\u00e4ltt\u00e4m\u00e4t\u00f6n eritt\u00e4in pienille muurahaislajeille.<\/p>","protected":false},"excerpt":{"rendered":"<p>Sarja koostuu 43 osasta<br \/>\nKoko: <span style=\"color: #ed1c24;\"><strong>XL<\/strong><\/span><\/p>","protected":false},"featured_media":7666,"comment_status":"open","ping_status":"closed","template":"","meta":{"_acf_changed":false,"content-type":"","_monsterinsights_skip_tracking":false,"_monsterinsights_sitenote_active":false,"_monsterinsights_sitenote_note":"","_monsterinsights_sitenote_category":0},"product_brand":[],"product_cat":[73,79],"product_tag":[],"class_list":{"0":"post-2728","1":"product","2":"type-product","3":"status-publish","4":"has-post-thumbnail","6":"product_cat-starter-sets","7":"product_cat-starter-sets-for-leafcutter-ants","9":"first","10":"instock","11":"taxable","12":"shipping-taxable","13":"purchasable","14":"product-type-simple"},"acf":[],"aioseo_notices":[],"jetpack_sharing_enabled":true,"_links":{"self":[{"href":"https:\/\/antcube.shop\/fi\/wp-json\/wp\/v2\/product\/2728","targetHints":{"allow":["GET"]}}],"collection":[{"href":"https:\/\/antcube.shop\/fi\/wp-json\/wp\/v2\/product"}],"about":[{"href":"https:\/\/antcube.shop\/fi\/wp-json\/wp\/v2\/types\/product"}],"replies":[{"embeddable":true,"href":"https:\/\/antcube.shop\/fi\/wp-json\/wp\/v2\/comments?post=2728"}],"wp:featuredmedia":[{"embeddable":true,"href":"https:\/\/antcube.shop\/fi\/wp-json\/wp\/v2\/media\/7666"}],"wp:attachment":[{"href":"https:\/\/antcube.shop\/fi\/wp-json\/wp\/v2\/media?parent=2728"}],"wp:term":[{"taxonomy":"product_brand","embeddable":true,"href":"https:\/\/antcube.shop\/fi\/wp-json\/wp\/v2\/product_brand?post=2728"},{"taxonomy":"product_cat","embeddable":true,"href":"https:\/\/antcube.shop\/fi\/wp-json\/wp\/v2\/product_cat?post=2728"},{"taxonomy":"product_tag","embeddable":true,"href":"https:\/\/antcube.shop\/fi\/wp-json\/wp\/v2\/product_tag?post=2728"}],"curies":[{"name":"wp","href":"https:\/\/api.w.org\/{rel}","templated":true}]}}