{"id":2706,"date":"2021-10-08T11:59:10","date_gmt":"2021-10-08T09:59:10","guid":{"rendered":"https:\/\/antcube.shop\/produkt\/oecophylla-smaragdina-asiatische-weberameisen\/"},"modified":"2023-12-21T17:43:03","modified_gmt":"2023-12-21T16:43:03","slug":"oecophylla-smaragdina-asiatische-weberameisen","status":"publish","type":"product","link":"https:\/\/antcube.shop\/fi\/tuote\/oecophylla-smaragdina-asiatische-weberameisen\/","title":{"rendered":"Oecophylla smaragdina (aasialainen kutomuurahainen)"},"content":{"rendered":"<table border=\"1\" cellspacing=\"1\" cellpadding=\"1\">\n<tbody>\n<tr>\n<td><strong>Latinankielinen nimi:<\/strong><\/td>\n<td><strong><img data-recalc-dims=\"1\" loading=\"lazy\" decoding=\"async\" src=\"https:\/\/i0.wp.com\/www.antstore.net\/shop\/images\/icons\/ants\/lateinname.jpg?resize=30%2C30&#038;ssl=1\" alt=\"\" width=\"30\" height=\"30\" \/><\/strong><\/td>\n<td><em>Oecophylla smaragdina<\/em><\/td>\n<\/tr>\n<tr>\n<td><strong>Trivialname:<\/strong><\/td>\n<td><strong><img data-recalc-dims=\"1\" loading=\"lazy\" decoding=\"async\" src=\"https:\/\/i0.wp.com\/www.antstore.net\/shop\/images\/icons\/ants\/trivialname.jpg?resize=30%2C30&#038;ssl=1\" alt=\"\" width=\"30\" height=\"30\" \/><\/strong><\/td>\n<td>Red Treeant, Weaverant<\/td>\n<\/tr>\n<tr>\n<td><strong>Taksonomia:<\/strong><\/td>\n<td><strong><img data-recalc-dims=\"1\" loading=\"lazy\" decoding=\"async\" src=\"https:\/\/i0.wp.com\/www.antstore.net\/shop\/images\/icons\/ants\/taxonomie.jpg?resize=30%2C30&#038;ssl=1\" alt=\"\" width=\"30\" height=\"30\" \/><\/strong><\/td>\n<td><strong>Alaperhe:<\/strong> Formicinae <strong>Heimo:<\/strong> Oecophyllini<\/td>\n<\/tr>\n<tr>\n<td><strong>Tasoa pidet\u00e4\u00e4n yll\u00e4:<\/strong><\/td>\n<td><strong><img data-recalc-dims=\"1\" loading=\"lazy\" decoding=\"async\" src=\"https:\/\/i0.wp.com\/www.antstore.net\/shop\/images\/icons\/ants\/haltungsklasse.jpg?resize=30%2C30&#038;ssl=1\" alt=\"\" width=\"30\" height=\"30\" \/><\/strong><\/td>\n<td><strong>(2)<\/strong> korkeammat vaatimukset ilmastoa ja pakenemisen est\u00e4mist\u00e4 kohtaan<\/td>\n<\/tr>\n<tr>\n<td><strong>Jakelu:<\/strong><\/td>\n<td><strong><img data-recalc-dims=\"1\" loading=\"lazy\" decoding=\"async\" src=\"https:\/\/i0.wp.com\/www.antstore.net\/shop\/images\/icons\/ants\/verbreitung.jpg?resize=30%2C30&#038;ssl=1\" alt=\"\" width=\"30\" height=\"30\" \/><\/strong><\/td>\n<td>Kaakkois-Aasia<\/td>\n<\/tr>\n<tr>\n<td><span style=\"font-family: Arial;\"><b>Elinymp\u00e4rist\u00f6:<\/b><\/span><\/td>\n<td><strong><img data-recalc-dims=\"1\" loading=\"lazy\" decoding=\"async\" src=\"https:\/\/i0.wp.com\/www.antstore.net\/shop\/images\/icons\/ants\/habitat.jpg?resize=30%2C30&#038;ssl=1\" alt=\"\" width=\"30\" height=\"30\" \/><\/strong><\/td>\n<td><span style=\"font-family: Arial;\">trooppinen sademets\u00e4<\/span><\/td>\n<\/tr>\n<tr>\n<td><strong>Colonyform:<\/strong><\/td>\n<td><strong><img data-recalc-dims=\"1\" loading=\"lazy\" decoding=\"async\" src=\"https:\/\/i0.wp.com\/www.antstore.net\/shop\/images\/icons\/ants\/Kolonieform.jpg?resize=30%2C30&#038;ssl=1\" alt=\"\" width=\"30\" height=\"30\" \/><\/strong><\/td>\n<td>monogyne<\/td>\n<\/tr>\n<tr>\n<td><strong>Kuningatar:<\/strong><\/td>\n<td><strong><img data-recalc-dims=\"1\" loading=\"lazy\" decoding=\"async\" src=\"https:\/\/i0.wp.com\/www.antstore.net\/shop\/images\/icons\/ants\/koenigin.jpg?resize=30%2C30&#038;ssl=1\" alt=\"\" width=\"30\" height=\"30\" \/><\/strong><\/td>\n<td><strong>Koko:<\/strong> 15 - 17mm <strong>V\u00e4ri:<\/strong>\u00a0voimakas, usein vihre\u00e4, ruskea<\/td>\n<\/tr>\n<tr>\n<td><strong>Ty\u00f6ntekij\u00e4:<\/strong><\/td>\n<td><img data-recalc-dims=\"1\" loading=\"lazy\" decoding=\"async\" src=\"https:\/\/i0.wp.com\/www.antstore.net\/shop\/images\/icons\/ants\/arbeiterin.jpg?resize=30%2C30&#038;ssl=1\" alt=\"\" width=\"30\" height=\"30\" \/><\/td>\n<td><strong>Koko:<\/strong><span style=\"font-family: Arial;\"> 6 - 14mm <\/span><strong>V\u00e4ri:<\/strong><span style=\"font-family: Arial;\"> punertavan ruskeasta <\/span>ruskea, hoikka, pitk\u00e4t raajat<\/td>\n<\/tr>\n<tr>\n<td><strong>Sotilas:<\/strong><\/td>\n<td><img data-recalc-dims=\"1\" loading=\"lazy\" decoding=\"async\" src=\"https:\/\/i0.wp.com\/www.antstore.net\/shop\/images\/icons\/ants\/soldaten.jpg?resize=30%2C30&#038;ssl=1\" alt=\"\" width=\"30\" height=\"30\" \/><\/td>\n<td>ei l\u00e4sn\u00e4<\/td>\n<\/tr>\n<tr>\n<td><strong>Miehet:<\/strong><\/td>\n<td><img data-recalc-dims=\"1\" loading=\"lazy\" decoding=\"async\" src=\"https:\/\/i0.wp.com\/www.antstore.net\/shop\/images\/icons\/ants\/maennchen.jpg?resize=30%2C30&#038;ssl=1\" alt=\"\" width=\"30\" height=\"30\" \/><\/td>\n<td><strong>Koko:<\/strong> &#8211;<strong> V\u00e4ri:<\/strong> &#8211;<\/td>\n<\/tr>\n<tr>\n<td><b><span style=\"font-family: Arial;\">Ravitsemus<\/span><\/b><\/td>\n<td><img data-recalc-dims=\"1\" loading=\"lazy\" decoding=\"async\" src=\"https:\/\/i0.wp.com\/www.antstore.net\/shop\/images\/icons\/ants\/nahrung.jpg?resize=30%2C30&#038;ssl=1\" alt=\"\" width=\"30\" height=\"30\" \/><\/td>\n<td>Hunajavesi, hy\u00f6nteiset, esim. vesiperhoset, kuten k\u00e4rp\u00e4set, tai\u00a0<span style=\"font-family: Arial;\">Hyttyset<\/span><\/td>\n<\/tr>\n<tr>\n<td><strong>Ilman kosteus:<\/strong><\/td>\n<td><strong><img data-recalc-dims=\"1\" loading=\"lazy\" decoding=\"async\" src=\"https:\/\/i0.wp.com\/www.antstore.net\/shop\/images\/icons\/ants\/feuchtigkeit.jpg?resize=30%2C30&#038;ssl=1\" alt=\"\" width=\"30\" height=\"30\" \/><\/strong><\/td>\n<td><strong>Areena:<\/strong> 30 &#8211; 50% <strong>Nestpart:<\/strong> 50 &#8211; 70%<\/td>\n<\/tr>\n<tr>\n<td><strong>L\u00e4mp\u00f6tila:<\/strong><\/td>\n<td><strong><img data-recalc-dims=\"1\" loading=\"lazy\" decoding=\"async\" src=\"https:\/\/i0.wp.com\/www.antstore.net\/shop\/images\/icons\/ants\/temperatur.jpg?resize=30%2C30&#038;ssl=1\" alt=\"\" width=\"30\" height=\"30\" \/><\/strong><\/td>\n<td><strong>Areena:<\/strong> 21 - 35\u00b0C <strong>Nestpart:<\/strong> 24 - 28\u00b0C<\/td>\n<\/tr>\n<tr>\n<td><strong>Talvihorros:<\/strong><\/td>\n<td><img data-recalc-dims=\"1\" loading=\"lazy\" decoding=\"async\" src=\"https:\/\/i0.wp.com\/www.antstore.net\/shop\/images\/icons\/ants\/winterruhe.jpg?resize=30%2C30&#038;ssl=1\" alt=\"\" width=\"30\" height=\"30\" \/><\/td>\n<td>ei<\/td>\n<\/tr>\n<tr>\n<td><strong>Nestform:<\/strong><\/td>\n<td><img data-recalc-dims=\"1\" loading=\"lazy\" decoding=\"async\" src=\"https:\/\/i0.wp.com\/www.antstore.net\/shop\/images\/icons\/ants\/nestform.jpg?resize=30%2C30&#038;ssl=1\" alt=\"\" width=\"30\" height=\"30\" \/><\/td>\n<td>Rakentavat pes\u00e4ns\u00e4 puiden latvustoon k\u00e4ytt\u00e4en j\u00e4lkel\u00e4istens\u00e4 silkki\u00e4.<\/td>\n<\/tr>\n<tr>\n<td><strong>Formicarian laji:<\/strong><\/td>\n<td><img data-recalc-dims=\"1\" loading=\"lazy\" decoding=\"async\" src=\"https:\/\/i0.wp.com\/www.antstore.net\/shop\/images\/icons\/ants\/formicarienart.jpg?resize=30%2C30&#038;ssl=1\" alt=\"\" width=\"30\" height=\"30\" \/><\/td>\n<td>Allas, kehysallas, saari, akryylisylinteri<\/td>\n<\/tr>\n<tr>\n<td><strong>Formicarian koko:<\/strong><\/td>\n<td><strong><img data-recalc-dims=\"1\" loading=\"lazy\" decoding=\"async\" src=\"https:\/\/i0.wp.com\/www.antstore.net\/shop\/images\/icons\/ants\/formicariengroesse.jpg?resize=30%2C30&#038;ssl=1\" alt=\"\" width=\"30\" height=\"30\" \/><\/strong><\/td>\n<td><strong>Koko:<\/strong> <strong>L<\/strong><strong> - XL <\/strong>valitusta is\u00e4nt\u00e4kasvista riippuen<\/td>\n<\/tr>\n<tr>\n<td><strong>Alusta:<\/strong><\/td>\n<td><strong><img data-recalc-dims=\"1\" loading=\"lazy\" decoding=\"async\" src=\"https:\/\/i0.wp.com\/www.antstore.net\/shop\/images\/icons\/ants\/substrat.jpg?resize=30%2C30&#038;ssl=1\" alt=\"\" width=\"30\" height=\"30\" \/><\/strong><\/td>\n<td><strong>Maatila:<\/strong> &#8211; <strong>Areena:<\/strong> Hiekka, hiekka- ja savi, joka soveltuu is\u00e4nt\u00e4kasveille.<\/td>\n<\/tr>\n<tr>\n<td><strong>Istutus:<\/strong><\/td>\n<td><img data-recalc-dims=\"1\" loading=\"lazy\" decoding=\"async\" src=\"https:\/\/i0.wp.com\/www.antstore.net\/shop\/images\/icons\/ants\/bepflanzung.jpg?resize=30%2C30&#038;ssl=1\" alt=\"\" width=\"30\" height=\"30\" \/><\/td>\n<td>samanlainen kuin trooppinen mets\u00e4, jossa on sammalta ja esim. rahapuu (Pachira aquatica), itkev\u00e4 viikuna (Ficus benjamini), kahvi (Coffea arabica), sitruskasvi (Citrus).<\/td>\n<\/tr>\n<tr>\n<td><strong>Koristelu:<\/strong><\/td>\n<td><img data-recalc-dims=\"1\" loading=\"lazy\" decoding=\"async\" src=\"https:\/\/i0.wp.com\/www.antstore.net\/shop\/images\/icons\/ants\/dekoration.jpg?resize=30%2C30&#038;ssl=1\" alt=\"\" width=\"30\" height=\"30\" \/><\/td>\n<td>Oksat, juuret<\/td>\n<\/tr>\n<tr>\n<td><strong>Kuvaus:<\/strong><\/td>\n<td><img data-recalc-dims=\"1\" loading=\"lazy\" decoding=\"async\" src=\"https:\/\/i0.wp.com\/www.antstore.net\/shop\/images\/icons\/ants\/beschreibung.jpg?resize=30%2C30&#038;ssl=1\" alt=\"\" width=\"30\" height=\"30\" \/><\/td>\n<td>T\u00e4m\u00e4 muurahaislaji el\u00e4\u00e4 eri kasvien latvoissa. Siell\u00e4 ne rakentavat pesi\u00e4 toukkien silkist\u00e4. Ty\u00f6ntekij\u00e4t muodostavat usein pitki\u00e4 ketjuja lehtien v\u00e4liin ja \"kutovat\" silkill\u00e4. Lehtien l\u00e4pihengityksen ansiosta pes\u00e4n sis\u00e4ll\u00e4 on aina sopiva ilmasto. Oecophylla on hyvin aggressiivinen ja puolustaa reviiri\u00e4\u00e4n kaikkia tunkeilijoita vastaan. Aasiassa niit\u00e4 k\u00e4ytettiin biologisena tekij\u00e4n\u00e4 satoja vuosia. Ne etsiv\u00e4t puuta ja maata.<br \/>\nYhdess\u00e4 lehtimuurahaisten kanssa ne ovat yksi kaikkien sosiaalisten hy\u00f6nteisten monimutkaisimmista viestint\u00e4j\u00e4rjestelmist\u00e4. Se sis\u00e4lt\u00e4\u00e4 feromoneja, tunto- ja optista viestint\u00e4\u00e4. Ruoan puutteessa tai muissa ep\u00e4sopivissa olosuhteissa ne pyrkiv\u00e4t usein pakenemaan. Suuret koloniat, joissa on satoja puremia ja muurahaishappoa, voivat my\u00f6s puolustaa suuria tunkeilijoita (Keeper).<\/td>\n<\/tr>\n<tr>\n<td><strong>Kehitys:<\/strong><\/td>\n<td><strong><img data-recalc-dims=\"1\" loading=\"lazy\" decoding=\"async\" src=\"https:\/\/i0.wp.com\/www.antstore.net\/shop\/images\/icons\/ants\/entwicklung.jpg?resize=30%2C30&#038;ssl=1\" alt=\"\" width=\"30\" height=\"30\" \/><\/strong><\/td>\n<td><strong>parittelulento:<\/strong> sateisen kauden alkaessa<br \/>\n<strong>perustaminen:<\/strong><span style=\"font-family: Arial;\">\u00a0 klaustraalinen (ilman ruokintaa) <\/span><br \/>\n<strong>kolonia:<\/strong><span style=\"font-family: Arial;\"> jopa 100 000 henkil\u00f6\u00e4<\/span><\/td>\n<\/tr>\n<tr>\n<td><strong>M\u00e4\u00e4r\u00e4:<\/strong><\/td>\n<td><img data-recalc-dims=\"1\" loading=\"lazy\" decoding=\"async\" src=\"https:\/\/i0.wp.com\/www.antstore.net\/shop\/images\/icons\/ants\/menge.jpg?resize=30%2C30&#038;ssl=1\" alt=\"\" width=\"30\" height=\"30\" \/><\/td>\n<td>yksi hedelm\u00f6ittynyt kuningatar ja ty\u00f6l\u00e4iset (ks. valinta); pesue (vuodenajasta ja kehityksest\u00e4 riippuen).<\/td>\n<\/tr>\n<tr>\n<td><strong>Verkkolinkit:<\/strong><\/td>\n<td><a href=\"http:\/\/www.antstore.net\/viewforum.php?f=9\"><span style=\"color: #0000ff;\"><img data-recalc-dims=\"1\" loading=\"lazy\" decoding=\"async\" src=\"https:\/\/i0.wp.com\/www.antstore.net\/shop\/images\/icons\/ants\/weblinks.jpg?resize=30%2C30&#038;ssl=1\" alt=\"\" width=\"30\" height=\"30\" \/><\/span><\/a><\/td>\n<td><a href=\"http:\/\/www.antstore.net\/viewforum.php?f=130\"><span style=\"color: #0000ff;\">- Foorumi<\/span><\/a><\/p>\n<p><span style=\"color: #0000ff;\"><a href=\"http:\/\/www.antweb.org\/description.do?genus=oecophylla&amp;name=smaragdina&amp;rank=species&amp;project=allantwebants\">- Viite<\/a><\/span><\/td>\n<\/tr>\n<\/tbody>\n<\/table>","protected":false},"excerpt":{"rendered":"<p>S\u00e4ilytystaso 2 - Riskitaso 2<br \/>\nKoko:<span style=\"color: #000000;\"> <strong>L <\/strong><strong><span style=\"color: #339966;\">- XL\u00a0<\/span><\/strong><\/span><\/p>","protected":false},"featured_media":7016,"comment_status":"open","ping_status":"closed","template":"","meta":{"_acf_changed":false,"content-type":"","_monsterinsights_skip_tracking":false,"_monsterinsights_sitenote_active":false,"_monsterinsights_sitenote_note":"","_monsterinsights_sitenote_category":0},"product_brand":[],"product_cat":[107,112],"product_tag":[],"class_list":{"0":"post-2706","1":"product","2":"type-product","3":"status-publish","4":"has-post-thumbnail","6":"product_cat-ants","7":"product_cat-asia","9":"first","10":"instock","11":"product-type-external"},"acf":[],"aioseo_notices":[],"jetpack_sharing_enabled":true,"_links":{"self":[{"href":"https:\/\/antcube.shop\/fi\/wp-json\/wp\/v2\/product\/2706","targetHints":{"allow":["GET"]}}],"collection":[{"href":"https:\/\/antcube.shop\/fi\/wp-json\/wp\/v2\/product"}],"about":[{"href":"https:\/\/antcube.shop\/fi\/wp-json\/wp\/v2\/types\/product"}],"replies":[{"embeddable":true,"href":"https:\/\/antcube.shop\/fi\/wp-json\/wp\/v2\/comments?post=2706"}],"wp:featuredmedia":[{"embeddable":true,"href":"https:\/\/antcube.shop\/fi\/wp-json\/wp\/v2\/media\/7016"}],"wp:attachment":[{"href":"https:\/\/antcube.shop\/fi\/wp-json\/wp\/v2\/media?parent=2706"}],"wp:term":[{"taxonomy":"product_brand","embeddable":true,"href":"https:\/\/antcube.shop\/fi\/wp-json\/wp\/v2\/product_brand?post=2706"},{"taxonomy":"product_cat","embeddable":true,"href":"https:\/\/antcube.shop\/fi\/wp-json\/wp\/v2\/product_cat?post=2706"},{"taxonomy":"product_tag","embeddable":true,"href":"https:\/\/antcube.shop\/fi\/wp-json\/wp\/v2\/product_tag?post=2706"}],"curies":[{"name":"wp","href":"https:\/\/api.w.org\/{rel}","templated":true}]}}