{"id":2704,"date":"2021-10-08T11:58:53","date_gmt":"2021-10-08T09:58:53","guid":{"rendered":"https:\/\/antcube.shop\/produkt\/oecophylla-smaragdina-australische-weberameisen\/"},"modified":"2023-03-21T16:29:12","modified_gmt":"2023-03-21T15:29:12","slug":"oecophylla-smaragdina-australische-weberameisen","status":"publish","type":"product","link":"https:\/\/antcube.shop\/fi\/tuote\/oecophylla-smaragdina-australische-weberameisen\/","title":{"rendered":"Oecophylla smaragdina (australialainen kutomuurahainen)"},"content":{"rendered":"<p>&nbsp;<\/p>\n<table border=\"1\" cellspacing=\"1\" cellpadding=\"1\">\n<tbody>\n<tr>\n<td><strong>Latinankielinen nimi:<\/strong><\/td>\n<td><strong><img data-recalc-dims=\"1\" loading=\"lazy\" decoding=\"async\" src=\"https:\/\/i0.wp.com\/www.antstore.net\/shop\/images\/icons\/ants\/lateinname.jpg?resize=30%2C30&#038;ssl=1\" alt=\"\" width=\"30\" height=\"30\" \/><\/strong><\/td>\n<td>Oecophylla smaragdina<\/td>\n<\/tr>\n<tr>\n<td><strong>Trivialname:<\/strong><\/td>\n<td><strong><img data-recalc-dims=\"1\" loading=\"lazy\" decoding=\"async\" src=\"https:\/\/i0.wp.com\/www.antstore.net\/shop\/images\/icons\/ants\/trivialname.jpg?resize=30%2C30&#038;ssl=1\" alt=\"\" width=\"30\" height=\"30\" \/><\/strong><\/td>\n<td>Vihre\u00e4 puumuurahainen<\/td>\n<\/tr>\n<tr>\n<td><strong>Taksonomia:<\/strong><\/td>\n<td><strong><img data-recalc-dims=\"1\" loading=\"lazy\" decoding=\"async\" src=\"https:\/\/i0.wp.com\/www.antstore.net\/shop\/images\/icons\/ants\/taxonomie.jpg?resize=30%2C30&#038;ssl=1\" alt=\"\" width=\"30\" height=\"30\" \/><\/strong><\/td>\n<td><strong>Alaperhe:<\/strong> Formicinae<strong> Heimo:<\/strong> Oecophyllini<\/td>\n<\/tr>\n<tr>\n<td><strong>Tasoa pidet\u00e4\u00e4n yll\u00e4:<\/strong><\/td>\n<td><strong><img data-recalc-dims=\"1\" loading=\"lazy\" decoding=\"async\" src=\"https:\/\/i0.wp.com\/www.antstore.net\/shop\/images\/icons\/ants\/haltungsklasse.jpg?resize=30%2C30&#038;ssl=1\" alt=\"\" width=\"30\" height=\"30\" \/><\/strong><\/td>\n<td><strong>(2)<\/strong>\u00a0osoittavat suurempia vaatimuksia ilmastolle ja karkaamisen est\u00e4miselle.<\/td>\n<\/tr>\n<tr>\n<td><strong>Jakelu:<\/strong><\/td>\n<td><strong><img data-recalc-dims=\"1\" loading=\"lazy\" decoding=\"async\" src=\"https:\/\/i0.wp.com\/www.antstore.net\/shop\/images\/icons\/ants\/verbreitung.jpg?resize=30%2C30&#038;ssl=1\" alt=\"\" width=\"30\" height=\"30\" \/><\/strong><\/td>\n<td>Pohjois- ja Koillis-Australia<\/td>\n<\/tr>\n<tr>\n<td><strong>Tottua:<\/strong><\/td>\n<td><strong><img data-recalc-dims=\"1\" loading=\"lazy\" decoding=\"async\" src=\"https:\/\/i0.wp.com\/www.antstore.net\/shop\/images\/icons\/ants\/habitat.jpg?resize=30%2C30&#038;ssl=1\" alt=\"\" width=\"30\" height=\"30\" \/><\/strong><\/td>\n<td>trooppinen sademets\u00e4<\/td>\n<\/tr>\n<tr>\n<td><strong>Colonyform:<\/strong><\/td>\n<td><strong><img data-recalc-dims=\"1\" loading=\"lazy\" decoding=\"async\" src=\"https:\/\/i0.wp.com\/www.antstore.net\/shop\/images\/icons\/ants\/Kolonieform.jpg?resize=30%2C30&#038;ssl=1\" alt=\"\" width=\"30\" height=\"30\" \/><\/strong><\/td>\n<td>polygyne<\/td>\n<\/tr>\n<tr>\n<td><strong>Kuningatar:<\/strong><\/td>\n<td><strong><img data-recalc-dims=\"1\" loading=\"lazy\" decoding=\"async\" src=\"https:\/\/i0.wp.com\/www.antstore.net\/shop\/images\/icons\/ants\/koenigin.jpg?resize=30%2C30&#038;ssl=1\" alt=\"\" width=\"30\" height=\"30\" \/><\/strong><\/td>\n<td><strong>Koko:<\/strong> 20 - 22mm\u00a0<strong>V\u00e4ri:<\/strong> kellanvihre\u00e4st\u00e4 vihre\u00e4\u00e4n, kookas rintakeh\u00e4.<\/td>\n<\/tr>\n<tr>\n<td><strong>Ty\u00f6ntekij\u00e4:<\/strong><\/td>\n<td><img data-recalc-dims=\"1\" loading=\"lazy\" decoding=\"async\" src=\"https:\/\/i0.wp.com\/www.antstore.net\/shop\/images\/icons\/ants\/arbeiterin.jpg?resize=30%2C30&#038;ssl=1\" alt=\"\" width=\"30\" height=\"30\" \/><\/td>\n<td><strong>Koko:<\/strong> 8 - 12mm <strong>V\u00e4ri:<\/strong> P\u00e4\u00e4 ja sulkijalihakset vihre\u00e4st\u00e4 vihert\u00e4v\u00e4n ruskeaan, hoikka.<\/td>\n<\/tr>\n<tr>\n<td><strong>Sotilas:<\/strong><\/td>\n<td><img data-recalc-dims=\"1\" loading=\"lazy\" decoding=\"async\" src=\"https:\/\/i0.wp.com\/www.antstore.net\/shop\/images\/icons\/ants\/soldaten.jpg?resize=30%2C30&#038;ssl=1\" alt=\"\" width=\"30\" height=\"30\" \/><\/td>\n<td>ei l\u00e4sn\u00e4<\/td>\n<\/tr>\n<tr>\n<td><strong>Miehet:<\/strong><\/td>\n<td><img data-recalc-dims=\"1\" loading=\"lazy\" decoding=\"async\" src=\"https:\/\/i0.wp.com\/www.antstore.net\/shop\/images\/icons\/ants\/maennchen.jpg?resize=30%2C30&#038;ssl=1\" alt=\"\" width=\"30\" height=\"30\" \/><\/td>\n<td><strong>Koko:<\/strong> 7mm <strong>V\u00e4ri:<\/strong> punaruskea<\/td>\n<\/tr>\n<tr>\n<td><strong>Nutrion:<\/strong><\/td>\n<td><img data-recalc-dims=\"1\" loading=\"lazy\" decoding=\"async\" src=\"https:\/\/i0.wp.com\/www.antstore.net\/shop\/images\/icons\/ants\/nahrung.jpg?resize=30%2C30&#038;ssl=1\" alt=\"\" width=\"30\" height=\"30\" \/><\/td>\n<td>hunajavesi, hy\u00f6nteiset kuten sirkat, kotik\u00e4rp\u00e4set my\u00f6s hedelm\u00e4t, esim. viiniryp\u00e4leet.<\/td>\n<\/tr>\n<tr>\n<td><strong>Ilman kosteus:<\/strong><\/td>\n<td><strong><img data-recalc-dims=\"1\" loading=\"lazy\" decoding=\"async\" src=\"https:\/\/i0.wp.com\/www.antstore.net\/shop\/images\/icons\/ants\/feuchtigkeit.jpg?resize=30%2C30&#038;ssl=1\" alt=\"\" width=\"30\" height=\"30\" \/><\/strong><\/td>\n<td><strong>Areena:<\/strong> 50 &#8211; 70% <strong>Nestpart:<\/strong> 70 &#8211; 90%<\/td>\n<\/tr>\n<tr>\n<td><strong>L\u00e4mp\u00f6tila:<\/strong><\/td>\n<td><strong><img data-recalc-dims=\"1\" loading=\"lazy\" decoding=\"async\" src=\"https:\/\/i0.wp.com\/www.antstore.net\/shop\/images\/icons\/ants\/temperatur.jpg?resize=30%2C30&#038;ssl=1\" alt=\"\" width=\"30\" height=\"30\" \/><\/strong><\/td>\n<td><strong>Areena:<\/strong> 21 - 30\u00b0C <strong>Nestpart:<\/strong> 24 - 28\u00b0C<\/td>\n<\/tr>\n<tr>\n<td><strong>Talvihorros:<\/strong><\/td>\n<td><img data-recalc-dims=\"1\" loading=\"lazy\" decoding=\"async\" src=\"https:\/\/i0.wp.com\/www.antstore.net\/shop\/images\/icons\/ants\/winterruhe.jpg?resize=30%2C30&#038;ssl=1\" alt=\"\" width=\"30\" height=\"30\" \/><\/td>\n<td>ei<\/td>\n<\/tr>\n<tr>\n<td><strong>Nestform:<\/strong><\/td>\n<td><img data-recalc-dims=\"1\" loading=\"lazy\" decoding=\"async\" src=\"https:\/\/i0.wp.com\/www.antstore.net\/shop\/images\/icons\/ants\/nestform.jpg?resize=30%2C30&#038;ssl=1\" alt=\"\" width=\"30\" height=\"30\" \/><\/td>\n<td>silkki\u00e4ispes\u00e4kkeet is\u00e4nt\u00e4kasvin latvustossa.<\/td>\n<\/tr>\n<tr>\n<td><strong>Formicarian laji:<\/strong><\/td>\n<td><img data-recalc-dims=\"1\" loading=\"lazy\" decoding=\"async\" src=\"https:\/\/i0.wp.com\/www.antstore.net\/shop\/images\/icons\/ants\/formicarienart.jpg?resize=30%2C30&#038;ssl=1\" alt=\"\" width=\"30\" height=\"30\" \/><\/td>\n<td>Allas, kehysallas, saari, akryylisylinteri<\/td>\n<\/tr>\n<tr>\n<td><strong>Formicarian koko:<\/strong><\/td>\n<td><strong><img data-recalc-dims=\"1\" loading=\"lazy\" decoding=\"async\" src=\"https:\/\/i0.wp.com\/www.antstore.net\/shop\/images\/icons\/ants\/formicariengroesse.jpg?resize=30%2C30&#038;ssl=1\" alt=\"\" width=\"30\" height=\"30\" \/><\/strong><\/td>\n<td><strong>Koko: L -<\/strong><strong> XL <\/strong>valitusta is\u00e4nt\u00e4kasvista riippuen<\/td>\n<\/tr>\n<tr>\n<td><strong>Alusta:<\/strong><\/td>\n<td><strong><img data-recalc-dims=\"1\" loading=\"lazy\" decoding=\"async\" src=\"https:\/\/i0.wp.com\/www.antstore.net\/shop\/images\/icons\/ants\/substrat.jpg?resize=30%2C30&#038;ssl=1\" alt=\"\" width=\"30\" height=\"30\" \/><\/strong><\/td>\n<td><strong>Maatila:<\/strong> &#8211; <strong>Areena: <\/strong>Hiekkamulta, hostplantille sopiva humus<\/td>\n<\/tr>\n<tr>\n<td><strong>Istutus:<\/strong><\/td>\n<td><img data-recalc-dims=\"1\" loading=\"lazy\" decoding=\"async\" src=\"https:\/\/i0.wp.com\/www.antstore.net\/shop\/images\/icons\/ants\/bepflanzung.jpg?resize=30%2C30&#038;ssl=1\" alt=\"\" width=\"30\" height=\"30\" \/><\/td>\n<td>samanlainen kuin trooppinen mets\u00e4, jossa on sammalta ja esim. rahapuu (Pachira aquatica), itkev\u00e4 viikuna (Ficus benjamini), kahvi (Coffea arabica), sitruskasvi (Citrus spec.).<\/td>\n<\/tr>\n<tr>\n<td><strong>Koristelu:<\/strong><\/td>\n<td><img data-recalc-dims=\"1\" loading=\"lazy\" decoding=\"async\" src=\"https:\/\/i0.wp.com\/www.antstore.net\/shop\/images\/icons\/ants\/dekoration.jpg?resize=30%2C30&#038;ssl=1\" alt=\"\" width=\"30\" height=\"30\" \/><\/td>\n<td>Oksat, korkki, sammal<\/td>\n<\/tr>\n<tr>\n<td><strong>Kuvaus:<\/strong><\/td>\n<td><img data-recalc-dims=\"1\" loading=\"lazy\" decoding=\"async\" src=\"https:\/\/i0.wp.com\/www.antstore.net\/shop\/images\/icons\/ants\/beschreibung.jpg?resize=30%2C30&#038;ssl=1\" alt=\"\" width=\"30\" height=\"30\" \/><\/td>\n<td>T\u00e4m\u00e4 muurahaisk\u00e4rp\u00e4nen el\u00e4\u00e4 eri kasvien latvustossa. Siell\u00e4 ne rakentavat pesi\u00e4 toukkien silkist\u00e4. Ty\u00f6ntekij\u00e4 rakentaa usein pitki\u00e4 ketjuja lehtien v\u00e4liin ja \"kutoo\" silkill\u00e4. Lehtien haihtumisen ansiosta pes\u00e4n sis\u00e4ll\u00e4 on aina sopiva ilmasto. Oecophylla on hyvin aggressiivinen ja puolustaa reviiri\u00e4\u00e4n kaikkia tunkeilijoita vastaan. Aasiassa niit\u00e4 k\u00e4ytettiin biologisena tekij\u00e4n\u00e4 satoja vuosia. Ne etsiv\u00e4t puuta ja maata. Yhdess\u00e4 lehtihakkaajien kanssa niill\u00e4 on yksi kaikkien sosiaalisten hy\u00f6nteisten monimutkaisimmista viestint\u00e4j\u00e4rjestelmist\u00e4. Se sis\u00e4lt\u00e4\u00e4 feromoneja, tunto- ja optista viestint\u00e4\u00e4. Ruoan puutteessa tai muissa ep\u00e4sopivissa olosuhteissa ne yritt\u00e4v\u00e4t usein paeta. Suuret koloniat, joissa on satoja puremia ja muurahaishappoa, voivat my\u00f6s puolustaa suuria tunkeilijoita (Keeper).<\/td>\n<\/tr>\n<tr>\n<td><strong>Kehitys:<\/strong><\/td>\n<td><strong><img data-recalc-dims=\"1\" loading=\"lazy\" decoding=\"async\" src=\"https:\/\/i0.wp.com\/www.antstore.net\/shop\/images\/icons\/ants\/entwicklung.jpg?resize=30%2C30&#038;ssl=1\" alt=\"\" width=\"30\" height=\"30\" \/><\/strong><\/td>\n<td><strong>parittelulento:<\/strong> &#8211;<br \/>\n<strong>perustaminen:<\/strong>\u00a0 klaustraali<br \/>\n<strong>kolonia:<\/strong> muutama sata tuhatta ty\u00f6ntekij\u00e4\u00e4<\/td>\n<\/tr>\n<tr>\n<td><strong>M\u00e4\u00e4r\u00e4:<\/strong><\/td>\n<td><img data-recalc-dims=\"1\" loading=\"lazy\" decoding=\"async\" src=\"https:\/\/i0.wp.com\/www.antstore.net\/shop\/images\/icons\/ants\/menge.jpg?resize=30%2C30&#038;ssl=1\" alt=\"\" width=\"30\" height=\"30\" \/><\/td>\n<td>yksi hedelm\u00f6ittynyt kuningatar ja ty\u00f6l\u00e4iset (ks. valinta); pesue (vuodenajasta ja kehityksest\u00e4 riippuen).<\/td>\n<\/tr>\n<tr>\n<td><strong>Verkkolinkit:<\/strong><\/td>\n<td><a href=\"http:\/\/www.antstore.net\/viewforum.php?f=9\"><span style=\"color: #0000ff;\"><img data-recalc-dims=\"1\" loading=\"lazy\" decoding=\"async\" src=\"https:\/\/i0.wp.com\/www.antstore.net\/shop\/images\/icons\/ants\/weblinks.jpg?resize=30%2C30&#038;ssl=1\" alt=\"\" width=\"30\" height=\"30\" \/><\/span><\/a><\/td>\n<td><a href=\"http:\/\/www.antstore.net\/viewforum.php?f=130\"><span style=\"color: #0000ff;\">- Foorumi<\/span><\/a><\/p>\n<p><span style=\"color: #0000ff;\"><a href=\"http:\/\/www.antweb.org\/description.do?name=smaragdina&amp;genus=oecophylla&amp;rank=species&amp;project=allantwebants\">- Viite<\/a><\/span><\/td>\n<\/tr>\n<\/tbody>\n<\/table>","protected":false},"excerpt":{"rendered":"<p>S\u00e4ilytystaso 2 - Riskitaso 2<br \/>\nKoko: <strong>L<\/strong><strong> - XL<\/strong><strong>\u00a0<\/strong><\/p>","protected":false},"featured_media":3366,"comment_status":"open","ping_status":"closed","template":"","meta":{"_acf_changed":false,"content-type":"","_monsterinsights_skip_tracking":false,"_monsterinsights_sitenote_active":false,"_monsterinsights_sitenote_note":"","_monsterinsights_sitenote_category":0},"product_brand":[],"product_cat":[107,113],"product_tag":[],"class_list":{"0":"post-2704","1":"product","2":"type-product","3":"status-publish","4":"has-post-thumbnail","6":"product_cat-ants","7":"product_cat-australia","9":"first","10":"instock","11":"product-type-external"},"acf":[],"aioseo_notices":[],"jetpack_sharing_enabled":true,"_links":{"self":[{"href":"https:\/\/antcube.shop\/fi\/wp-json\/wp\/v2\/product\/2704","targetHints":{"allow":["GET"]}}],"collection":[{"href":"https:\/\/antcube.shop\/fi\/wp-json\/wp\/v2\/product"}],"about":[{"href":"https:\/\/antcube.shop\/fi\/wp-json\/wp\/v2\/types\/product"}],"replies":[{"embeddable":true,"href":"https:\/\/antcube.shop\/fi\/wp-json\/wp\/v2\/comments?post=2704"}],"wp:featuredmedia":[{"embeddable":true,"href":"https:\/\/antcube.shop\/fi\/wp-json\/wp\/v2\/media\/3366"}],"wp:attachment":[{"href":"https:\/\/antcube.shop\/fi\/wp-json\/wp\/v2\/media?parent=2704"}],"wp:term":[{"taxonomy":"product_brand","embeddable":true,"href":"https:\/\/antcube.shop\/fi\/wp-json\/wp\/v2\/product_brand?post=2704"},{"taxonomy":"product_cat","embeddable":true,"href":"https:\/\/antcube.shop\/fi\/wp-json\/wp\/v2\/product_cat?post=2704"},{"taxonomy":"product_tag","embeddable":true,"href":"https:\/\/antcube.shop\/fi\/wp-json\/wp\/v2\/product_tag?post=2704"}],"curies":[{"name":"wp","href":"https:\/\/api.w.org\/{rel}","templated":true}]}}