{"id":2672,"date":"2021-10-04T15:33:44","date_gmt":"2021-10-04T13:33:44","guid":{"rendered":"https:\/\/antcube.shop\/produkt\/antcube-starter-set-m-20x20-combi\/"},"modified":"2026-04-05T13:01:26","modified_gmt":"2026-04-05T11:01:26","slug":"antcube-starter-set-m-20x20-combi","status":"publish","type":"product","link":"https:\/\/antcube.shop\/fi\/tuote\/antcube-starter-set-m-20x20-combi\/","title":{"rendered":"ANTCUBE Starter Set M - 20\u00d720 - Combi"},"content":{"rendered":"<p>Sis\u00e4lt\u00f6:<br \/>\n1x ANTCUBE - Arena 20x20x20 - Combi M<br \/>\n1x muurahaisareenan kansi 20\u00d720<br \/>\n4x kiinnityspiste areenan suojusta varten<br \/>\n2x Formicarium-tulpat 27mm reik\u00e4\u00e4n<br \/>\n2x Formicarium-tulppa 50mm reik\u00e4\u00e4n<br \/>\n1x kasvualusta - hiekka-loam beige - 1000g<br \/>\n1x juomalaite 2ml - 360 astetta<br \/>\n1x dish clear 1&#215;20 &#8211; sponge<br \/>\n1x k\u00e4sisuurennuslasi - 2x - 30mm<br \/>\n1x pinsetit muovinen l\u00e4pin\u00e4kyv\u00e4<br \/>\n1x muovipipetti 3ml<br \/>\n1x Muurahaispako\u00f6ljy 10ml<br \/>\n1x vaahtomuovipyyhin 150x18x2,5mm<\/p>\n<p><strong>Kuvaus:<\/strong><br \/>\nT\u00e4m\u00e4 Starter Set - Combi sopii useimmille maassa pesiville muurahaislajeille.<br \/>\nSarja on hyvin kompakti, ja mukana olevat tarvikkeet on rajoitettu t\u00e4rkeimpiin.<br \/>\nKyseess\u00e4 on siis edullinen, laadukkaista materiaaleista valmistettu setti, joka sopii erinomaisesti muurahaiskasvatuksen aloittelijoille.<br \/>\nMukana oleva hiekka-savimultainen beige substraatti hyv\u00e4ksyt\u00e4\u00e4n hyvin useimpien kaivautuvien muurahaislajien keskuudessa.<\/p>\n<p>Vaihtoehtoisesti areenan pes\u00e4alueelle voidaan sijoittaa muita maa-aineksia tai pes\u00e4paikkoja.<br \/>\nEhdotusten alta (ks. alla) l\u00f6yd\u00e4t lis\u00e4\u00e4 hy\u00f6dyllisi\u00e4 lis\u00e4varusteita.<\/p>\n<p><strong>Suositus:<\/strong> Suosittelemme 2 mm:n korkuista substraattikerrosta, jotta el\u00e4imet eiv\u00e4t voi kaivautua areenalle, vaan k\u00e4ytt\u00e4v\u00e4t sit\u00e4 varten varattua tarhaa. Suosittelemme my\u00f6s, ett\u00e4 tarhassa oleva pes\u00e4materiaali (hiekka\/savi, Digfix jne.) on kevyesti pistetty yhteen paikkaan, jotta el\u00e4inten kaivaminen olisi helpompaa.<\/p>\n<p><strong>T\u00e4rke\u00e4\u00e4:<\/strong> Kostuta alustaa ennen k\u00e4ytt\u00f6\u00e4, jotta seos voi sitoutua ja saada lujan otteen muurahaispes\u00e4ss\u00e4. Lis\u00e4ksi liian kuiva ja p\u00f6lyinen alusta voi aiheuttaa muurahaisten hengitysteiden tukkeutumisen ja pahimmassa tapauksessa el\u00e4imet voivat tukehtua.<\/p>\n<p><strong>Ilmoitus:<\/strong><br \/>\nKun k\u00e4yt\u00e4t pes\u00e4pistokkeitamme, huomioi, ett\u00e4 ne ovat 8 mm kapeampia, koska ne on alun perin suunniteltu sopimaan kapeampiin muurahaisfarmeihimme sek\u00e4 areenapistokkeisiin! T\u00e4ll\u00f6in v\u00e4liin j\u00e4\u00e4v\u00e4 tila olisi t\u00e4ytett\u00e4v\u00e4 t\u00e4ytemateriaalilla, kuten kipsill\u00e4 tai savella.<\/p>\n<p><strong>Tuotantoa koskevat huomautukset<\/strong><br \/>\nLasi leikataan DIN 1249 -standardin mukaisesti +\/- 1 mm:n toleranssilla. Eritt\u00e4in pienille muurahaislajeille tarvitaan lis\u00e4suojaa.<\/p>\n<p><strong>Ohjeet:<\/strong><br \/>\n- DE Ohje Starter Set Combi (PDF 7,98 MB)<br \/>\n- FI K\u00e4ytt\u00f6ohjeet - Starter Set Combi (PDF 7,94 MB)<br \/>\n- ES K\u00e4ytt\u00f6opas - K\u00e4ynnistyssarja Combi (PDF 7,94 MB)<br \/>\n- FR K\u00e4ytt\u00f6ohjeet - Combi-pakkaus (PDF 7,95 MB)<\/p>","protected":false},"excerpt":{"rendered":"<p>Sarjassa on 18 osaa, ja se sopii kaikille muurahaislajeille.<br \/>\nKoko: <strong>M<\/strong><\/p>","protected":false},"featured_media":5445,"comment_status":"open","ping_status":"closed","template":"","meta":{"_acf_changed":false,"content-type":"","_monsterinsights_skip_tracking":false,"_monsterinsights_sitenote_active":false,"_monsterinsights_sitenote_note":"","_monsterinsights_sitenote_category":0},"product_brand":[],"product_cat":[73,78],"product_tag":[],"class_list":{"0":"post-2672","1":"product","2":"type-product","3":"status-publish","4":"has-post-thumbnail","6":"product_cat-starter-sets","7":"product_cat-starter-sets-combi","9":"first","10":"instock","11":"taxable","12":"shipping-taxable","13":"purchasable","14":"product-type-simple"},"acf":[],"aioseo_notices":[],"jetpack_sharing_enabled":true,"_links":{"self":[{"href":"https:\/\/antcube.shop\/fi\/wp-json\/wp\/v2\/product\/2672","targetHints":{"allow":["GET"]}}],"collection":[{"href":"https:\/\/antcube.shop\/fi\/wp-json\/wp\/v2\/product"}],"about":[{"href":"https:\/\/antcube.shop\/fi\/wp-json\/wp\/v2\/types\/product"}],"replies":[{"embeddable":true,"href":"https:\/\/antcube.shop\/fi\/wp-json\/wp\/v2\/comments?post=2672"}],"wp:featuredmedia":[{"embeddable":true,"href":"https:\/\/antcube.shop\/fi\/wp-json\/wp\/v2\/media\/5445"}],"wp:attachment":[{"href":"https:\/\/antcube.shop\/fi\/wp-json\/wp\/v2\/media?parent=2672"}],"wp:term":[{"taxonomy":"product_brand","embeddable":true,"href":"https:\/\/antcube.shop\/fi\/wp-json\/wp\/v2\/product_brand?post=2672"},{"taxonomy":"product_cat","embeddable":true,"href":"https:\/\/antcube.shop\/fi\/wp-json\/wp\/v2\/product_cat?post=2672"},{"taxonomy":"product_tag","embeddable":true,"href":"https:\/\/antcube.shop\/fi\/wp-json\/wp\/v2\/product_tag?post=2672"}],"curies":[{"name":"wp","href":"https:\/\/api.w.org\/{rel}","templated":true}]}}