{"id":12445,"date":"2025-09-30T10:08:52","date_gmt":"2025-09-30T08:08:52","guid":{"rendered":"https:\/\/antcube.shop\/en\/product\/ameisen-lebenszyklus-praparat-metamorphose-einer-ameise\/"},"modified":"2026-03-23T17:44:39","modified_gmt":"2026-03-23T16:44:39","slug":"muurahaisen-elinkaari-nayte-muurahaisen-metamorfoosi","status":"publish","type":"product","link":"https:\/\/antcube.shop\/fi\/tuote\/muurahaisen-elinkaari-nayte-muurahaisen-metamorfoosi\/","title":{"rendered":"Muurahaisen elinkaaren n\u00e4yte: Muurahaisen metamorfoosi"},"content":{"rendered":"<p><strong>Mitat:<\/strong> 30x30x10 mm<\/p>\n<p><strong>Materiaali:<\/strong> Synteettinen hartsi<\/p>\n<p><strong>Kuvaus:<\/strong> T\u00e4m\u00e4 yksil\u00f6 on valettu huolellisesti l\u00e4pin\u00e4kyv\u00e4\u00e4n synteettiseen hartsiin, ja se sopii erinomaisesti k\u00e4ytett\u00e4v\u00e4ksi kouluissa, yliopistoissa ja ker\u00e4ilij\u00f6ille. Siin\u00e4 n\u00e4kyv\u00e4t muurahaisen kehitysvaiheet - toukasta, nukasta ja t\u00e4ysin kehittyneest\u00e4 ty\u00f6muurahaisesta.<\/p>","protected":false},"excerpt":{"rendered":"<p>Mitat: Materiaali: 30x30x10 mm: Materiaali: Synteettinen hartsi Kuvaus: Materiaali: Synteettinen hartsi: Se sopii erinomaisesti k\u00e4ytett\u00e4v\u00e4ksi kouluissa, yliopistoissa ja ker\u00e4ilij\u00f6ille. Siin\u00e4 on esitetty muurahaisen kehitysvaiheet toukasta, nukasta ja t\u00e4ysin kehittyneest\u00e4 ty\u00f6muurahaisesta.<\/p>","protected":false},"featured_media":12562,"comment_status":"open","ping_status":"closed","template":"","meta":{"_acf_changed":false,"content-type":"","_monsterinsights_skip_tracking":false,"_monsterinsights_sitenote_active":false,"_monsterinsights_sitenote_note":"","_monsterinsights_sitenote_category":0},"product_brand":[484],"product_cat":[547,257,245],"product_tag":[],"class_list":{"0":"post-12445","1":"product","2":"type-product","3":"status-publish","4":"has-post-thumbnail","6":"product_brand-antcube","7":"product_cat-all-products","8":"product_cat-new-innovatve-products","9":"product_cat-merchandise","11":"first","12":"instock","13":"taxable","14":"shipping-taxable","15":"purchasable","16":"product-type-simple"},"acf":[],"aioseo_notices":[],"jetpack_sharing_enabled":true,"_links":{"self":[{"href":"https:\/\/antcube.shop\/fi\/wp-json\/wp\/v2\/product\/12445","targetHints":{"allow":["GET"]}}],"collection":[{"href":"https:\/\/antcube.shop\/fi\/wp-json\/wp\/v2\/product"}],"about":[{"href":"https:\/\/antcube.shop\/fi\/wp-json\/wp\/v2\/types\/product"}],"replies":[{"embeddable":true,"href":"https:\/\/antcube.shop\/fi\/wp-json\/wp\/v2\/comments?post=12445"}],"wp:featuredmedia":[{"embeddable":true,"href":"https:\/\/antcube.shop\/fi\/wp-json\/wp\/v2\/media\/12562"}],"wp:attachment":[{"href":"https:\/\/antcube.shop\/fi\/wp-json\/wp\/v2\/media?parent=12445"}],"wp:term":[{"taxonomy":"product_brand","embeddable":true,"href":"https:\/\/antcube.shop\/fi\/wp-json\/wp\/v2\/product_brand?post=12445"},{"taxonomy":"product_cat","embeddable":true,"href":"https:\/\/antcube.shop\/fi\/wp-json\/wp\/v2\/product_cat?post=12445"},{"taxonomy":"product_tag","embeddable":true,"href":"https:\/\/antcube.shop\/fi\/wp-json\/wp\/v2\/product_tag?post=12445"}],"curies":[{"name":"wp","href":"https:\/\/api.w.org\/{rel}","templated":true}]}}