{"id":12443,"date":"2025-09-30T10:07:55","date_gmt":"2025-09-30T08:07:55","guid":{"rendered":"https:\/\/antcube.shop\/en\/product\/poster-lasius-niger-lebensweise-100x70\/"},"modified":"2026-01-12T12:43:19","modified_gmt":"2026-01-12T11:43:19","slug":"juliste-lasius-niger-elamantapa-100x70","status":"publish","type":"product","link":"https:\/\/antcube.shop\/fi\/tuote\/juliste-lasius-niger-elamantapa-100x70\/","title":{"rendered":"Juliste - Lasius niger el\u00e4m\u00e4ntapa - 100\u00d770"},"content":{"rendered":"<p><strong>Mitat:<\/strong> 100\u00d770 cm<\/p>\n<p><strong>Materiaali:<\/strong> Lateksipaperi<br \/>\nT\u00e4m\u00e4 paperi on vedenpit\u00e4v\u00e4\u00e4, pyyhitt\u00e4v\u00e4\u00e4, kovaa kulutusta kest\u00e4v\u00e4\u00e4 ja ymp\u00e4rist\u00f6yst\u00e4v\u00e4llist\u00e4, sill\u00e4 se ei sis\u00e4ll\u00e4 ymp\u00e4rist\u00f6lle haitallisia liuottimia, ja sen tulostuslaatu on loistava.<\/p>\n<p><strong>Kuvaus:<\/strong> T\u00e4m\u00e4 juliste antaa selke\u00e4n yleiskuvan Lasius niger:n - mustan muurahaisen - el\u00e4m\u00e4ntavasta. Se on yksi Euroopan laajimmalle levinneist\u00e4 ja tunnetuimmista muurahaislajeista, ja se on ehk\u00e4 jopa yksi suvun suosituimmista edustajista maailmanlaajuisesti.<\/p>\n<p><strong>T\u00e4rke\u00e4\u00e4 - lis\u00e4tietoja:<\/strong> <a href=\"https:\/\/www.ants.de\/link\/1006\">T\u00e4ss\u00e4<\/a> l\u00f6yd\u00e4t julisteesta yksityiskohtaisen kuvauksen yksitt\u00e4isist\u00e4 kohtauksista. Ne eiv\u00e4t sis\u00e4lly kuvaan, mutta niihin voi tutustua ja ne voi tulostaa erikseen seuraavan linkin kautta. <a href=\"https:\/\/www.ants.de\/link\/1006\">https:\/\/www.ants.de\/link\/1006<\/a><\/p>","protected":false},"excerpt":{"rendered":"<p>Koko: 100\u00d770 cm<\/p>","protected":false},"featured_media":12453,"comment_status":"open","ping_status":"closed","template":"","meta":{"_acf_changed":false,"content-type":"","_monsterinsights_skip_tracking":false,"_monsterinsights_sitenote_active":false,"_monsterinsights_sitenote_note":"","_monsterinsights_sitenote_category":0},"product_brand":[484],"product_cat":[547,500,245],"product_tag":[],"class_list":{"0":"post-12443","1":"product","2":"type-product","3":"status-publish","4":"has-post-thumbnail","6":"product_brand-antcube","7":"product_cat-all-products","8":"product_cat-ant-posters-and-teaching-aids","9":"product_cat-merchandise","11":"first","12":"instock","13":"taxable","14":"shipping-taxable","15":"purchasable","16":"product-type-simple"},"acf":[],"aioseo_notices":[],"jetpack_sharing_enabled":true,"_links":{"self":[{"href":"https:\/\/antcube.shop\/fi\/wp-json\/wp\/v2\/product\/12443","targetHints":{"allow":["GET"]}}],"collection":[{"href":"https:\/\/antcube.shop\/fi\/wp-json\/wp\/v2\/product"}],"about":[{"href":"https:\/\/antcube.shop\/fi\/wp-json\/wp\/v2\/types\/product"}],"replies":[{"embeddable":true,"href":"https:\/\/antcube.shop\/fi\/wp-json\/wp\/v2\/comments?post=12443"}],"wp:featuredmedia":[{"embeddable":true,"href":"https:\/\/antcube.shop\/fi\/wp-json\/wp\/v2\/media\/12453"}],"wp:attachment":[{"href":"https:\/\/antcube.shop\/fi\/wp-json\/wp\/v2\/media?parent=12443"}],"wp:term":[{"taxonomy":"product_brand","embeddable":true,"href":"https:\/\/antcube.shop\/fi\/wp-json\/wp\/v2\/product_brand?post=12443"},{"taxonomy":"product_cat","embeddable":true,"href":"https:\/\/antcube.shop\/fi\/wp-json\/wp\/v2\/product_cat?post=12443"},{"taxonomy":"product_tag","embeddable":true,"href":"https:\/\/antcube.shop\/fi\/wp-json\/wp\/v2\/product_tag?post=12443"}],"curies":[{"name":"wp","href":"https:\/\/api.w.org\/{rel}","templated":true}]}}