{"id":12437,"date":"2025-09-30T10:02:33","date_gmt":"2025-09-30T08:02:33","guid":{"rendered":"https:\/\/antcube.shop\/en\/product\/poster-anatomie-der-ameisen-lasius-niger-70x100\/"},"modified":"2026-01-12T12:43:18","modified_gmt":"2026-01-12T11:43:18","slug":"juliste-muurahaisten-anatomia-lasius-niger-70x100","status":"publish","type":"product","link":"https:\/\/antcube.shop\/fi\/tuote\/juliste-muurahaisten-anatomia-lasius-niger-70x100\/","title":{"rendered":"Juliste - Muurahaisten anatomia - Lasius niger - 70\u00d7100"},"content":{"rendered":"<p><strong>Mitat:<\/strong> 70\u00d7100 cm<\/p>\n<p><strong>Materiaali:<\/strong> Lateksipaperi<br \/>\nT\u00e4m\u00e4 paperi on vedenpit\u00e4v\u00e4\u00e4, pyyhitt\u00e4v\u00e4\u00e4, kovaa kulutusta kest\u00e4v\u00e4\u00e4 ja ymp\u00e4rist\u00f6yst\u00e4v\u00e4llist\u00e4, sill\u00e4 se ei sis\u00e4ll\u00e4 ymp\u00e4rist\u00f6lle haitallisia liuottimia, ja sen tulostuslaatu on loistava.<\/p>\n<p><strong>Kuvaus:<\/strong> T\u00e4m\u00e4 juliste kuvaa mustamuurahaisen (Lasius niger) anatomiaa. Yksityiskohtaisissa kuvissa n\u00e4kyv\u00e4t t\u00e4rkeimm\u00e4t kehon sis\u00e4iset ja ulkoiset piirteet ja elimet, joten t\u00e4m\u00e4n laajalle levinneen muurahaislajin rakenne on helppo ymm\u00e4rt\u00e4\u00e4. Ihanteellinen opetusmateriaaliksi kouluihin ja yliopistoihin tai koristeelliseksi ker\u00e4ilyesineeksi.<\/p>\n<p><strong>T\u00e4rke\u00e4\u00e4 - lis\u00e4tietoja:<\/strong> <a href=\"https:\/\/www.ants.de\/link\/1101\">T\u00e4ss\u00e4<\/a> l\u00f6yd\u00e4t julisteesta yksityiskohtaisen kuvauksen yksitt\u00e4isist\u00e4 kohtauksista. Niit\u00e4 ei toimiteta julisteen mukana, vaan ne ovat saatavilla ja tulostettavissa erikseen seuraavan linkin kautta. <a href=\"https:\/\/www.ants.de\/link\/1101\">https:\/\/www.ants.de\/link\/1101<\/a><\/p>","protected":false},"excerpt":{"rendered":"<p>Koko: 70\u00d7100 cm<\/p>","protected":false},"featured_media":12454,"comment_status":"open","ping_status":"closed","template":"","meta":{"_acf_changed":false,"content-type":"","_monsterinsights_skip_tracking":false,"_monsterinsights_sitenote_active":false,"_monsterinsights_sitenote_note":"","_monsterinsights_sitenote_category":0},"product_brand":[484],"product_cat":[547,500,245],"product_tag":[],"class_list":{"0":"post-12437","1":"product","2":"type-product","3":"status-publish","4":"has-post-thumbnail","6":"product_brand-antcube","7":"product_cat-all-products","8":"product_cat-ant-posters-and-teaching-aids","9":"product_cat-merchandise","11":"first","12":"instock","13":"taxable","14":"shipping-taxable","15":"purchasable","16":"product-type-simple"},"acf":[],"aioseo_notices":[],"jetpack_sharing_enabled":true,"_links":{"self":[{"href":"https:\/\/antcube.shop\/fi\/wp-json\/wp\/v2\/product\/12437","targetHints":{"allow":["GET"]}}],"collection":[{"href":"https:\/\/antcube.shop\/fi\/wp-json\/wp\/v2\/product"}],"about":[{"href":"https:\/\/antcube.shop\/fi\/wp-json\/wp\/v2\/types\/product"}],"replies":[{"embeddable":true,"href":"https:\/\/antcube.shop\/fi\/wp-json\/wp\/v2\/comments?post=12437"}],"wp:featuredmedia":[{"embeddable":true,"href":"https:\/\/antcube.shop\/fi\/wp-json\/wp\/v2\/media\/12454"}],"wp:attachment":[{"href":"https:\/\/antcube.shop\/fi\/wp-json\/wp\/v2\/media?parent=12437"}],"wp:term":[{"taxonomy":"product_brand","embeddable":true,"href":"https:\/\/antcube.shop\/fi\/wp-json\/wp\/v2\/product_brand?post=12437"},{"taxonomy":"product_cat","embeddable":true,"href":"https:\/\/antcube.shop\/fi\/wp-json\/wp\/v2\/product_cat?post=12437"},{"taxonomy":"product_tag","embeddable":true,"href":"https:\/\/antcube.shop\/fi\/wp-json\/wp\/v2\/product_tag?post=12437"}],"curies":[{"name":"wp","href":"https:\/\/api.w.org\/{rel}","templated":true}]}}