{"id":12436,"date":"2025-09-30T10:01:57","date_gmt":"2025-09-30T08:01:57","guid":{"rendered":"https:\/\/antcube.shop\/en\/product\/antcube-digfix-20x20-liegend\/"},"modified":"2026-03-31T15:11:54","modified_gmt":"2026-03-31T13:11:54","slug":"antcube-digfix-20x20-makuulla","status":"publish","type":"product","link":"https:\/\/antcube.shop\/fi\/tuote\/antcube-digfix-20x20-makuulla\/","title":{"rendered":"ANTCUBE - Digfix 20\u00d720 - makuuasennossa"},"content":{"rendered":"<p><strong>Mitat:<\/strong> 180x180x28mm<\/p>\n<p><strong>Materiaali:<\/strong> Digfix<\/p>\n<p><strong>Sovellus:<\/strong><br \/>\nSopii vain ANTCUBE - Nest 20\u00d720 - vaakasuoraan.<\/p>\n<p><strong>Kuvaus:<\/strong><br \/>\nT\u00e4m\u00e4 Digfix-pes\u00e4, joka on valmistettu erityisest\u00e4 materiaalista, johon voidaan kaivautua, on suunniteltu sopimaan t\u00e4ydellisesti ANTCUBE 20\u00d720 -vaakapesiin. Levy\u00e4 voidaan k\u00e4ytt\u00e4\u00e4 joko kuivana tai kostutettuna, ja se sopii monille muurahaislajeille - erityisesti niille, jotka pesiv\u00e4t hiekassa tai (kuolleessa) puussa. Se on k\u00e4yt\u00e4nn\u00f6llinen vaihtoehto hiekka-saviseoksille tai korkkipes\u00e4levyille.<\/p>\n<p>Erityinen etu on se, ett\u00e4 kosteustasoa on helppo valvoa: levy muuttaa v\u00e4ri\u00e4\u00e4n n\u00e4kyv\u00e4sti, jolloin kosteustaso voidaan arvioida optimaalisesti. Toisin kuin hiekka-saviseoksissa, muurahaispes\u00e4n sis\u00e4levyt pysyv\u00e4t puhtaina, koska niihin ei tartu irtonaista substraattia.<\/p>\n<p>Kiinte\u00e4n rakenteensa ansiosta materiaali s\u00e4ilytt\u00e4\u00e4 pysyv\u00e4sti muurahaisten luomat tunnelit ja kammiot sortumatta - turvallinen ja luonnollinen kaivauskokemus.<\/p>","protected":false},"excerpt":{"rendered":"<p>Ma\u00dfe: 180x180x28mm<\/p>","protected":false},"featured_media":0,"comment_status":"open","ping_status":"closed","template":"","meta":{"_acf_changed":false,"content-type":"","_monsterinsights_skip_tracking":false,"_monsterinsights_sitenote_active":false,"_monsterinsights_sitenote_note":"","_monsterinsights_sitenote_category":0},"product_brand":[484],"product_cat":[547,257,87,88],"product_tag":[],"class_list":{"0":"post-12436","1":"product","2":"type-product","3":"status-publish","5":"product_brand-antcube","6":"product_cat-all-products","7":"product_cat-new-innovatve-products","8":"product_cat-nest-insets","9":"product_cat-digfix","11":"first","12":"instock","13":"taxable","14":"shipping-taxable","15":"purchasable","16":"product-type-simple"},"acf":[],"aioseo_notices":[],"jetpack_sharing_enabled":true,"_links":{"self":[{"href":"https:\/\/antcube.shop\/fi\/wp-json\/wp\/v2\/product\/12436","targetHints":{"allow":["GET"]}}],"collection":[{"href":"https:\/\/antcube.shop\/fi\/wp-json\/wp\/v2\/product"}],"about":[{"href":"https:\/\/antcube.shop\/fi\/wp-json\/wp\/v2\/types\/product"}],"replies":[{"embeddable":true,"href":"https:\/\/antcube.shop\/fi\/wp-json\/wp\/v2\/comments?post=12436"}],"wp:attachment":[{"href":"https:\/\/antcube.shop\/fi\/wp-json\/wp\/v2\/media?parent=12436"}],"wp:term":[{"taxonomy":"product_brand","embeddable":true,"href":"https:\/\/antcube.shop\/fi\/wp-json\/wp\/v2\/product_brand?post=12436"},{"taxonomy":"product_cat","embeddable":true,"href":"https:\/\/antcube.shop\/fi\/wp-json\/wp\/v2\/product_cat?post=12436"},{"taxonomy":"product_tag","embeddable":true,"href":"https:\/\/antcube.shop\/fi\/wp-json\/wp\/v2\/product_tag?post=12436"}],"curies":[{"name":"wp","href":"https:\/\/api.w.org\/{rel}","templated":true}]}}