{"id":12287,"date":"2025-09-02T09:53:14","date_gmt":"2025-09-02T07:53:14","guid":{"rendered":"https:\/\/antcube.shop\/en\/product\/antcube-nest-20x20-liegend\/"},"modified":"2026-04-01T13:28:22","modified_gmt":"2026-04-01T11:28:22","slug":"muurahaiskuutio-pesa-20x20-makaa","status":"publish","type":"product","link":"https:\/\/antcube.shop\/fi\/tuote\/muurahaiskuutio-pesa-20x20-makaa\/","title":{"rendered":"ANTCUBE - Pes\u00e4 20\u00d720 - makaa"},"content":{"rendered":"<p><strong>Mitat:<\/strong><br \/>\nPes\u00e4: 190 x 190 x 28mm<br \/>\nLasinen kansi: 190 x 190 x 4mm<\/p>\n<p><strong>Materiaali:<\/strong><br \/>\nFloat-lasi, muovi<\/p>\n<p><strong>V\u00e4ri:<\/strong><br \/>\nKristallinkirkas<\/p>\n<p><strong>Sis\u00e4lt\u00f6:<\/strong><br \/>\n1x ANTCUBE - Nest 20\u00d720 - vaakasuora kahdella liit\u00e4nt\u00e4pistokkeella L 20\/16.<br \/>\n1x lasikansi 27mm rei\u00e4ll\u00e4<\/p>\n<p><strong>Yhteys:<\/strong> 2x 14\/16\/18\/20 x 20mm hylsyj\u00e4<\/p>\n<p>14\/10 letku ty\u00f6nnet\u00e4\u00e4n tiukasti 14 mm:n pistorasiaan.<br \/>\n20\/16 letku on kiinnitetty tiukasti ensimm\u00e4iseen 16 mm:n askeleeseen.<br \/>\n22\/18 letku sopii tiiviisti toiselle 20 mm:n askelmalle.<\/p>\n<p><strong>Kuvaus: <\/strong>Vaakasuorassa pes\u00e4ss\u00e4mme on kaksi liit\u00e4nt\u00e4liit\u00e4nt\u00e4\u00e4, joihin voidaan kiinnitt\u00e4\u00e4 letkuja tai putkia. Vaihtoehtoisesti ne voidaan sulkea turvallisesti yhteensopivilla muovi- tai verkkokorkilla.<\/p>\n<p>Suurempien muurahaislajien, kuten erilaisten Camponotus-lajien, kohdalla suosittelemme sen yhdist\u00e4mist\u00e4 johonkin erikseen saatavista korkkipesist\u00e4. Pes\u00e4 voidaan kuitenkin t\u00e4ytt\u00e4\u00e4 my\u00f6s maa-alustalla.<\/p>\n<p>Kansi voidaan irrottaa, ja se istuu tiukasti ja turvallisesti muurahaisfarmilla kumitetun reunan ansiosta. Keskell\u00e4 on 27 mm:n reik\u00e4, jota k\u00e4ytet\u00e4\u00e4n pes\u00e4n sis\u00e4puolen kostuttamiseen. Halutun kosteuden mukaan t\u00e4m\u00e4 aukko voidaan sulkea joko verkkopalalla tai formicarium-tulpalla.<\/p>\n<p>Lis\u00e4varusteena on saatavana punainen kansi, joka tummentaa pes\u00e4n ja voi kasvatettavasta lajista riippuen vaikuttaa my\u00f6nteisesti pes\u00e4kolon kehitykseen.<\/p>\n<p><strong>Valmistusta koskevat tiedot<\/strong><br \/>\nLasi on leikattu DIN 1249 -standardin mukaisesti +\/- 1 mm:n toleranssilla. Eritt\u00e4in pienille muurahaislajeille tarvitaan lis\u00e4suojaus.<\/p>\n<p><strong>Huomautus liit\u00e4nt\u00e4pistokkeista<\/strong><br \/>\nKun kiinnit\u00e4t tai irrotat letkuja, ota huomioon seuraavat asiat:<br \/>\nJos letkua on hyvin vaikea sovittaa liit\u00e4nt\u00e4muhviin, muhvi on hierottava kevyesti pisaralla irtoamissuoja\u00f6ljy\u00e4 tai -jauhetta. T\u00e4m\u00e4n j\u00e4lkeen letku on ty\u00f6nnett\u00e4v\u00e4 liittimeen k\u00e4\u00e4nt\u00e4m\u00e4ll\u00e4 tai ruuvaamalla sit\u00e4, ilman ett\u00e4 liittimeen kohdistetaan painetta yl\u00f6s- tai alasp\u00e4in. Sama p\u00e4tee, kun letkut irrotetaan liittimest\u00e4. \u00c4l\u00e4 yksinkertaisesti ved\u00e4 niit\u00e4 irti!<\/p>","protected":false},"excerpt":{"rendered":"<p>Liit\u00e4nt\u00e4: 2x 14\/16\/18\/20 mm pistorasiaa<br \/>\nKoko: L<\/p>","protected":false},"featured_media":12292,"comment_status":"open","ping_status":"closed","template":"","meta":{"_acf_changed":false,"content-type":"","_monsterinsights_skip_tracking":false,"_monsterinsights_sitenote_active":false,"_monsterinsights_sitenote_note":"","_monsterinsights_sitenote_category":0},"product_brand":[484],"product_cat":[257,80,83,86],"product_tag":[],"class_list":{"0":"post-12287","1":"product","2":"type-product","3":"status-publish","4":"has-post-thumbnail","6":"product_brand-antcube","7":"product_cat-new-innovatve-products","8":"product_cat-antfarms","9":"product_cat-antfarms-l","10":"product_cat-formicariums","12":"first","13":"instock","14":"taxable","15":"shipping-taxable","16":"purchasable","17":"product-type-simple"},"acf":[],"aioseo_notices":[],"jetpack_sharing_enabled":true,"_links":{"self":[{"href":"https:\/\/antcube.shop\/fi\/wp-json\/wp\/v2\/product\/12287","targetHints":{"allow":["GET"]}}],"collection":[{"href":"https:\/\/antcube.shop\/fi\/wp-json\/wp\/v2\/product"}],"about":[{"href":"https:\/\/antcube.shop\/fi\/wp-json\/wp\/v2\/types\/product"}],"replies":[{"embeddable":true,"href":"https:\/\/antcube.shop\/fi\/wp-json\/wp\/v2\/comments?post=12287"}],"wp:featuredmedia":[{"embeddable":true,"href":"https:\/\/antcube.shop\/fi\/wp-json\/wp\/v2\/media\/12292"}],"wp:attachment":[{"href":"https:\/\/antcube.shop\/fi\/wp-json\/wp\/v2\/media?parent=12287"}],"wp:term":[{"taxonomy":"product_brand","embeddable":true,"href":"https:\/\/antcube.shop\/fi\/wp-json\/wp\/v2\/product_brand?post=12287"},{"taxonomy":"product_cat","embeddable":true,"href":"https:\/\/antcube.shop\/fi\/wp-json\/wp\/v2\/product_cat?post=12287"},{"taxonomy":"product_tag","embeddable":true,"href":"https:\/\/antcube.shop\/fi\/wp-json\/wp\/v2\/product_tag?post=12287"}],"curies":[{"name":"wp","href":"https:\/\/api.w.org\/{rel}","templated":true}]}}