{"id":12285,"date":"2025-09-02T09:52:58","date_gmt":"2025-09-02T07:52:58","guid":{"rendered":"https:\/\/antcube.shop\/en\/product\/antcube-korknest-20x20-liegend\/"},"modified":"2026-04-07T16:26:43","modified_gmt":"2026-04-07T14:26:43","slug":"antcube-corknest-20x20-makuulla","status":"publish","type":"product","link":"https:\/\/antcube.shop\/fi\/tuote\/antcube-corknest-20x20-makuulla\/","title":{"rendered":"ANTCUBE - Corknest 20\u00d720 - makaa"},"content":{"rendered":"<p><strong>Mitat:<\/strong> 180x180x28mm<\/p>\n<p><strong>Materiaali: <\/strong>Korkki (hieno)<\/p>\n<p><strong>Sovellus:<\/strong><br \/>\nSopii vain ANTCUBE - Nest 20\u00d720 - vaakasuoraan.<\/p>\n<p><strong>Kuvaus:\u00a0<\/strong><br \/>\nT\u00e4m\u00e4 korkkipes\u00e4, jossa on valmiiksi rakennettuja tunneleita ja kammioita, sopii monille muurahaislajeille, erityisesti niille, jotka pesiv\u00e4t (kuolleessa) puussa. Siin\u00e4 on kaksi reik\u00e4\u00e4, jotka toimivat pes\u00e4n sis\u00e4\u00e4nk\u00e4yntein\u00e4.<\/p>\n<p>Korkki on luonnollinen, kemiallisesti neutraali materiaali. Sen rakenne on nesteit\u00e4 l\u00e4p\u00e4isem\u00e4t\u00f6n, se ei reagoi kemiallisesti ja s\u00e4ilyy siksi pitk\u00e4\u00e4n. Pysyv\u00e4sti korkea kosteuspitoisuus voi kuitenkin edist\u00e4\u00e4 lahoa ja lyhent\u00e4\u00e4 pes\u00e4n k\u00e4ytt\u00f6ik\u00e4\u00e4. Yleisesti ottaen korkki kest\u00e4\u00e4 hyvin lahoamista sek\u00e4 sieni- ja hometartuntoja. Sen erityinen pinta ja rakenne tarjoavat sienille vain v\u00e4h\u00e4n sopivaa kasvualustaa. Ruokaj\u00e4\u00e4m\u00e4t, ulosteet tai muut orgaaniset aineet voivat kuitenkin edist\u00e4\u00e4 homeen kasvua.<\/p>\n<p>Siksi suosittelemme, ett\u00e4 korkkipesiss\u00e4 pidet\u00e4\u00e4n kuivemmilta alueilta per\u00e4isin olevia muurahaislajeja. Niiss\u00e4 voidaan kuitenkin pit\u00e4\u00e4 my\u00f6s kosteammilta alueilta per\u00e4isin olevia lajeja - useimmilla lajeilla m\u00e4t\u00e4neminen ei ole ongelma. Monet Pohjois-Euroopassa tavattavat muurahaislajit, kuten Camponotus herculeanus tai Formica fusca, ovat jopa luonnostaan sopeutuneet lahonneeseen tai osittain lahonneeseen puuhun.<\/p>","protected":false},"excerpt":{"rendered":"<p>Koko: 180x180x28mm<\/p>","protected":false},"featured_media":12290,"comment_status":"open","ping_status":"closed","template":"","meta":{"_acf_changed":false,"content-type":"","_monsterinsights_skip_tracking":false,"_monsterinsights_sitenote_active":false,"_monsterinsights_sitenote_note":"","_monsterinsights_sitenote_category":0},"product_brand":[484],"product_cat":[257,87,89],"product_tag":[],"class_list":{"0":"post-12285","1":"product","2":"type-product","3":"status-publish","4":"has-post-thumbnail","6":"product_brand-antcube","7":"product_cat-new-innovatve-products","8":"product_cat-nest-insets","9":"product_cat-cork","11":"first","12":"outofstock","13":"taxable","14":"shipping-taxable","15":"purchasable","16":"product-type-simple"},"acf":[],"aioseo_notices":[],"jetpack_sharing_enabled":true,"_links":{"self":[{"href":"https:\/\/antcube.shop\/fi\/wp-json\/wp\/v2\/product\/12285","targetHints":{"allow":["GET"]}}],"collection":[{"href":"https:\/\/antcube.shop\/fi\/wp-json\/wp\/v2\/product"}],"about":[{"href":"https:\/\/antcube.shop\/fi\/wp-json\/wp\/v2\/types\/product"}],"replies":[{"embeddable":true,"href":"https:\/\/antcube.shop\/fi\/wp-json\/wp\/v2\/comments?post=12285"}],"wp:featuredmedia":[{"embeddable":true,"href":"https:\/\/antcube.shop\/fi\/wp-json\/wp\/v2\/media\/12290"}],"wp:attachment":[{"href":"https:\/\/antcube.shop\/fi\/wp-json\/wp\/v2\/media?parent=12285"}],"wp:term":[{"taxonomy":"product_brand","embeddable":true,"href":"https:\/\/antcube.shop\/fi\/wp-json\/wp\/v2\/product_brand?post=12285"},{"taxonomy":"product_cat","embeddable":true,"href":"https:\/\/antcube.shop\/fi\/wp-json\/wp\/v2\/product_cat?post=12285"},{"taxonomy":"product_tag","embeddable":true,"href":"https:\/\/antcube.shop\/fi\/wp-json\/wp\/v2\/product_tag?post=12285"}],"curies":[{"name":"wp","href":"https:\/\/api.w.org\/{rel}","templated":true}]}}