{"id":11857,"date":"2025-06-20T14:40:22","date_gmt":"2025-06-20T12:40:22","guid":{"rendered":"https:\/\/antcube.shop\/en\/product\/bundle-offer-tetraponera-rufonigra\/"},"modified":"2026-04-14T19:51:12","modified_gmt":"2026-04-14T17:51:12","slug":"nipputarjous-tetraponera-rufonigra","status":"publish","type":"product","link":"https:\/\/antcube.shop\/fi\/tuote\/nipputarjous-tetraponera-rufonigra\/","title":{"rendered":"Pakettitarjous - Tetraponera rufonigra"},"content":{"rendered":"<p><strong><span data-text-color=\"secondary\">Pakettitarjous sis\u00e4lt\u00e4\u00e4 Tetraponera rufonigra -muurahaispes\u00e4n (kuningatar + 5-10 ty\u00f6l\u00e4ist\u00e4 + poikaset), korkkisen aloitussarjan, 2x formicarium-tyynyj\u00e4, 10 ml:n hunajakastike-lis\u00e4pakkauksen ja purkin erityisi\u00e4 blanchoituja sirkkoja (kosteaa proteiinia).<\/span><\/strong><\/p>\n<p><span data-text-color=\"alert\"><strong>Vain niin kauan kuin varastoa riitt\u00e4\u00e4.<\/strong><\/span><\/p>\n<p><strong>Kaikki mit\u00e4 tarvitset Tetraponera rufonigra -muurahaispes\u00e4\u00e4 varten.<\/strong><br \/>\nT\u00e4m\u00e4 paketti sis\u00e4lt\u00e4\u00e4 kaikki olennaiset osat Tetraponera rufonigra -siirtokunnan menestyksekk\u00e4\u00e4seen perustamiseen ja hoitamiseen sen varhaisen kehityksen aikana. Se on aloittelijayst\u00e4v\u00e4llinen ja helposti laajennettavissa, kun pes\u00e4kkeesi kasvaa.<\/p>\n<p><strong>Muurahaislajit: Tetraponera rufonigra<\/strong><br \/>\nTetraponera rufonigra on hoikka, arboreaalinen muurahaislaji, joka tunnetaan silmiinpist\u00e4v\u00e4st\u00e4 punamustasta v\u00e4rityksest\u00e4\u00e4n. Se on kotoisin Etel\u00e4- ja Kaakkois-Aasiasta, ja se pesii yleens\u00e4 kuolleissa oksissa tai onttoissa kasvien varsissa, ja se on sopeutunut l\u00e4mpimiin, kosteisiin trooppisiin ymp\u00e4rist\u00f6ihin. Vaikka sit\u00e4 ei pidet\u00e4 yht\u00e4 yleisesti kuin joitakin maassa pesivi\u00e4 lajeja, se on erinomainen valinta aktiivisempaa ja visuaalisesti mielenkiintoisempaa pes\u00e4koloniaa etsiville el\u00e4intenhoitajille. <span data-text-color=\"alert\"><strong>Huomautus: T\u00e4ll\u00e4 lajilla on pistin, ja se k\u00e4ytt\u00e4ytyy puolustavammin, joten sit\u00e4 on k\u00e4sitelt\u00e4v\u00e4 varovasti.<\/strong><\/span><\/p>\n<p><strong>Tetraponera rufonigra -lajin ravinto<\/strong><br \/>\nN\u00e4m\u00e4 muurahaiset tarvitsevat runsaasti sokeria ja proteiineja sis\u00e4lt\u00e4v\u00e4\u00e4 ravintoa. Tarjoa hiilihydraatteja varten hunajakasteseosta tai hunajaliuosta sek\u00e4 proteiinia varten pieni\u00e4 hy\u00f6nteisi\u00e4 (el\u00e4vi\u00e4 tai kuolleita). Ne hy\u00f6tyv\u00e4t erityisesti pehme\u00e4runkoisista saaliista, kuten hedelm\u00e4k\u00e4rp\u00e4sist\u00e4, jauhomatoista tai meid\u00e4n blanchoiduista sirkoista. Satunnaisesti voidaan tarjota my\u00f6s hedelmi\u00e4, kuten banaania tai omenaa. Varmista aina, ett\u00e4 saatavilla on raikasta vett\u00e4.<\/p>\n<p><strong>Tetraponera rufonigra -lajin formicarium<\/strong><br \/>\nLuonnossa Tetraponera rufonigra rakentaa pes\u00e4ns\u00e4 kapeisiin koloihin puun tai onttojen runkojen sis\u00e4\u00e4n. Suosittelemme vankeudessa pidett\u00e4v\u00e4ksi Starter Set L -setti\u00e4mme, jossa on korkki- tai bambupes\u00e4kkeet, jotka j\u00e4ljittelev\u00e4t hyvin niiden luonnollista pes\u00e4ymp\u00e4rist\u00f6\u00e4. Pystysuorat tai puoliksi pystysuorat pes\u00e4vaihtoehdot ovat ihanteellisia simuloimaan niiden arboreaalista el\u00e4m\u00e4ntapaa. Varmista, ett\u00e4 formikariumissa on riitt\u00e4v\u00e4 ilmanvaihto ja ett\u00e4 ilmankosteus on kohtalainen tai korkea, erityisesti pes\u00e4alueella.<\/p>\n<p><strong>Sis\u00e4lt\u00f6:<\/strong><br \/>\n1x Tetraponera rufonigra (kuningatar + 5-10 ty\u00f6l\u00e4ist\u00e4 + poikanen)<br \/>\n1x Sirkkahillo 25g<br \/>\n1x Honeydew Mix (HT) - t\u00e4ydennyspakkaus 10ml<br \/>\n1x Formicarium pohja - 20x20cm<br \/>\n1x Formicarium pohja - 20x6cm<\/p>\n<p>1x ANTCUBE - Arena 20x20x10 - tasainen<br \/>\n1x muurahaisareenan kehys 20\u00d720<br \/>\n1x muurahaisareenan kansi 20\u00d720<br \/>\n4x kiinnityspiste areenan suojusta varten<br \/>\n1x ANTCUBE - muurahaisfarmi - L - 20\u00d720 - pystyasennossa<\/p>\n<p>1x ANTCUBE - korkkipes\u00e4 20\u00d720 - pystyasennossa<br \/>\n1x 0,5m letku l\u00e4pin\u00e4kyv\u00e4 20\/16 mm<br \/>\n1x ANTCUBE - Punainen folio 20\u00d720 - suodatin<br \/>\n1x tarrakiinnikkeet - l\u00e4pin\u00e4kyv\u00e4 2 kpl.<br \/>\n1x kasvualusta - hiekka-savi beige - 1000g<\/p>\n<p>2x Grid insert acrylic &#8211; 50 mm with sealing ring<br \/>\n1x Grid insert acrylic &#8211; 27 mm with sealing ring<br \/>\n1x Ristikkokorkki - 16mm - ruostumaton ter\u00e4s<\/p>\n<p>1x s\u00e4ili\u00f6letkun liitin 27-14,16,20 mm - l\u00e4pin\u00e4kyv\u00e4<br \/>\n1x Foil thermometer &#8211; farm<br \/>\n1x Foil thermometer Display<br \/>\n1x drinking clear 5ml &#8211; sponge<br \/>\n1x Feeding dish white rectangle &#8211; 3 compartments<br \/>\n1x Drinking trough 2ml &#8211; 360 Degrees<br \/>\n1x Muurahais\u00f6ljy 10ml<br \/>\n1x Pinsetit jousiter\u00e4st\u00e4 - leve\u00e4 - pehme\u00e4<br \/>\n1x Pinsetit muovinen l\u00e4pin\u00e4kyv\u00e4<br \/>\n1x muovipipetti 3ml<br \/>\n1x k\u00e4sisuurennuslasi - 2x - 30mm<br \/>\n1x vaahtomuovipyyhin 150x18x2,5mm<\/p>\n<p><strong>Kuvaus Starter set:<\/strong><br \/>\nT\u00e4m\u00e4 korkista valmistettu aloitussarja, jossa on valmiiksi valmistettuja k\u00e4yt\u00e4vi\u00e4 ja kammioita, sopii eri muurahaislajeille, erityisesti lajeille, jotka pesiv\u00e4t (kuolleessa) puussa.<\/p>\n<p>\"ANTCUBE - Cork Nest\" voidaan asettaa t\u00e4ysin l\u00e4pin\u00e4kyv\u00e4\u00e4n tilaan. Vaihtoehtoisesti voit my\u00f6s k\u00e4ytt\u00e4\u00e4 \"Sand-clay beige\" -substraattia tilan t\u00e4ytt\u00e4miseen tai korkkipes\u00e4n joidenkin kammioiden sulkemiseen. Lis\u00e4moduulit voidaan tarvittaessa liitt\u00e4\u00e4 kannessa olevien 50 mm:n reikien kautta, esim. erikseen saatavissa olevat sumuttimet, tuulettimet tai valot. Vaihtoehtoisesti sopivat ritil\u00e4pellit ja formicarium-tulpat aukkojen sulkemiseksi sis\u00e4ltyv\u00e4t toimitukseen. Haluttaessa formicariumia voidaan k\u00e4ytt\u00e4\u00e4 my\u00f6s avoimena yksinkertaisesti asettamalla irrotettava kehys p\u00e4\u00e4lle ja levitt\u00e4m\u00e4ll\u00e4 muurahaisten pakenemissuoja\u00f6ljy\u00e4 reunaan.<\/p>\n<p><strong>T\u00e4rke\u00e4\u00e4:<\/strong> Kostuta alustaa ennen k\u00e4ytt\u00f6\u00e4, jotta seos voi sitoutua ja saada lujan otteen muurahaispes\u00e4ss\u00e4. Jos alusta on liian kuiva ja p\u00f6lyinen, muurahaisten hengitystiet voivat tukkeutua ja pahimmassa tapauksessa el\u00e4imet voivat tukehtua.<\/p>\n<p><strong>Suositus: <\/strong>Suosittelemme 2 mm:n korkuista substraattikerrosta, jotta el\u00e4imet eiv\u00e4t voi kaivautua areenalle, vaan ne k\u00e4ytt\u00e4v\u00e4t t\u00e4h\u00e4n tarkoitukseen varattua tarhaa.<\/p>\n<p><strong>Lasinvalmistusta koskevat huomautukset<\/strong><br \/>\nLasi leikataan DIN 1249 -standardin mukaisesti +\/- 1 mm:n toleranssilla. Eritt\u00e4in pienten muurahaislajien kohdalla on v\u00e4ltt\u00e4m\u00e4t\u00f6nt\u00e4 k\u00e4ytt\u00e4\u00e4 lis\u00e4suojaa.<\/p>\n<p><strong>Maatilaa koskevat muistiinpanot<\/strong><br \/>\nPes\u00e4\u00e4 tulisi k\u00e4ytt\u00e4\u00e4 ainoastaan kuivassa formikartiossa. Jos pes\u00e4 pidet\u00e4\u00e4n jatkuvasti kosteana, materiaali voi homehtua.<\/p>\n<p><strong>Kun kiinnit\u00e4t tai irrotat letkuja, ota huomioon seuraavat asiat:<\/strong><br \/>\nJos putkea on hyvin vaikea sovittaa liit\u00e4nt\u00e4muhviin, muhvi on hierottava kevyesti pisaralla irtoamissuoja\u00f6ljy\u00e4 tai -jauhetta. T\u00e4m\u00e4n j\u00e4lkeen letku on ty\u00f6nnett\u00e4v\u00e4 pistorasiaan kiert\u00e4m\u00e4ll\u00e4 tai ruuvaamalla ilman, ett\u00e4 pistorasiaa rasitetaan yl\u00f6s- ja alasp\u00e4in suuntautuvilla liikkeill\u00e4. Sama p\u00e4tee, kun letkut irrotetaan maatilan liit\u00e4nt\u00e4muhvista. \u00c4l\u00e4 yksinkertaisesti ved\u00e4 sit\u00e4 irti!<\/p>\n<p><strong>Ohjeet:<\/strong><br \/>\n&#8211; <a href=\"https:\/\/www.antstore.net\/shop\/images\/info\/en\/Instructions%20for%20use%20-%20Starter%20Set%20Cork.pdf\" data-cke-saved-href=\"https:\/\/www.antstore.net\/shop\/images\/info\/en\/Instructions%20for%20use%20-%20Starter%20Set%20Cork.pdf\">FI K\u00e4ytt\u00f6ohjeet - Starter Set Cork (PDF 3.79 MB)<\/a><br \/>\n&#8211; <a href=\"https:\/\/www.antstore.net\/shop\/images\/info\/es\/Manual%20de%20instrucciones%20-%20Set%20de%20inicio%20de%20corcho.pdf\" data-cke-saved-href=\"https:\/\/www.antstore.net\/shop\/images\/info\/es\/Manual%20de%20instrucciones%20-%20Set%20de%20inicio%20de%20corcho.pdf\">ES K\u00e4ytt\u00f6ohjeet - Aloitussarja (PDF 3,79 MB)<\/a><br \/>\n&#8211; <a href=\"https:\/\/www.antstore.net\/shop\/images\/info\/fr\/Manuel%20d'instruction%20-%20Kit%20de%20d%C3%A9marrage%20en%20li%C3%A8ge.pdf\" data-cke-saved-href=\"https:\/\/www.antstore.net\/shop\/images\/info\/fr\/Manuel%20d'instruction%20-%20Kit%20de%20d%C3%A9marrage%20en%20li%C3%A8ge.pdf\">FR Manuel d'instruction - Kit de d\u00e9marrage en li\u00e8ge (PDF 3,79 MB)<\/a><\/p>\n<p><strong>Muistiinpanoja krikettijamista:<\/strong><br \/>\nBlanchoidut sirkkamme ovat helppo tapa tarjota muurahaisillesi tuoretta s\u00e4il\u00f6tty\u00e4 proteiiniruokaa ilman, ett\u00e4 sinun tarvitsee sy\u00f6tt\u00e4\u00e4 el\u00e4vi\u00e4 hy\u00f6nteisi\u00e4. Sis\u00e4lt\u00e4m\u00e4t sirkat (Acheta domesticus) on blanchoitu hell\u00e4varaisesti, jotta ravintoarvot, maku ja aromi s\u00e4ilyv\u00e4t. Lis\u00e4ksi hy\u00f6nteisten kitiininen kuori on pehmennetty t\u00e4ll\u00e4 tavoin, jotta se on helpommin sulavaa. Kollageeniproteiinien sidokset hajotetaan, jotta muurahaiset voivat hy\u00f6dynt\u00e4\u00e4 niit\u00e4 paremmin. Acheta domesticus -s\u00e4ilykkeill\u00e4 on sama ravintoarvo kuin el\u00e4vill\u00e4 sirkoilla, mutta ne ovat helpommin sulavia.<\/p>\n<p>Cricket Jam ei sovellu sellaisten muurahaislajien mets\u00e4stykseen, jotka vaativat el\u00e4v\u00e4\u00e4 ravintoa (esim. poneriinit, kuten Harpegnathos tai Odontomachus).<\/p>\n<p><strong>Muita etuja:<\/strong><br \/>\nTaatusti punkkivapaa<br \/>\nVoidaan annostella ja laimentaa vedell\u00e4<br \/>\nSteriloitu ja tyhji\u00f6pakattu<br \/>\nIlman lis\u00e4aineita<br \/>\nSirkat, jotka ovat per\u00e4isin kest\u00e4v\u00e4st\u00e4, puhtaasti luonnonmukaisesta kasvatuksesta ja joita ruokitaan orgaanisella j\u00e4tteell\u00e4.<\/p>\n<p><strong>Huom:<\/strong><br \/>\nS\u00e4ilyy j\u00e4\u00e4kaapissa noin nelj\u00e4 p\u00e4iv\u00e4\u00e4 avaamisen j\u00e4lkeen. Pidempi s\u00e4ilyvyys pakastettuna.<br \/>\nHuomio: Ensin annostellaan, sitten j\u00e4\u00e4dytet\u00e4\u00e4n.<\/p>\n<p><strong>Huomautus hunajakastikkeesta:<\/strong><br \/>\nSis\u00e4lt\u00f6: 10 ml<br \/>\nT\u00e4m\u00e4 on luonnontuote, jota olemme jalostaneet laboratoriossamme tehtyjen laajojen testien j\u00e4lkeen ja kehitt\u00e4neet muurahaisten hyvin hyv\u00e4ksym\u00e4ksi ruoaksi. Syyn\u00e4 on se, ett\u00e4 muurahaiset ja niiden aineenvaihdunta eiv\u00e4t hyv\u00e4ksy hyvin k\u00e4sittelem\u00e4t\u00f6nt\u00e4 hunajamehua sen alkuper\u00e4isess\u00e4, tiivistetyss\u00e4 muodossa.<br \/>\nHunajamehumme ker\u00e4ttiin Bulgarian saastuttamattomista luonnonvaraisista vuoristometsist\u00e4. Hunajakastetta tuotetaan vain hyvin rajoitetun ajan, noin kaksi kuukautta kes\u00e4ll\u00e4. Siksi se on hyvin harvinaista. Metsien maaper\u00e4n erityispiirteiden ja ilmaston vuoksi puiden lehtiin varastoituu v\u00e4ltt\u00e4m\u00e4tt\u00f6mi\u00e4 ravinteita, jotka kirvat imev\u00e4t itseens\u00e4. T\u00e4m\u00e4 tekee t\u00e4st\u00e4 hunajakasteseoksesta muurahaisten kannalta niin haluttavan.<\/p>\n<p><strong>Sovellus:<\/strong><br \/>\nRuokam\u00e4\u00e4r\u00e4 tulisi kuluttaa noin 3 p\u00e4iv\u00e4n kuluessa.<\/p>\n<p><strong>Kuvaus:<\/strong><br \/>\nToisin kuin kukkahunajaa, hunajamehua saadaan kasveja imevien hy\u00f6nteisten, kuten kirvojen, eritteist\u00e4. Kuusimehu on suosittu ravinnonl\u00e4hde monille hy\u00f6nteisille, kuten muurahaisille, mehil\u00e4isille ja kimalaisille. Mehil\u00e4iset ja kimalaiset nuolevat sit\u00e4 eri puiden lehdist\u00e4 tai neulasista. Muurahaiset, kuten Lasius niger, kirjaimellisesti pit\u00e4v\u00e4t kirvoja. Ne jopa puolustavat niit\u00e4 saalistajilta ja kuljettavat ne tuoreisiin versoihin.<\/p>\n<p>Hunajamehu on erityisen suosittua muurahaisten keskuudessa sen hieman erilaisten ainesosien vuoksi. Kuusimehun t\u00e4rkeimm\u00e4t sokerit ovat sakkaroosi ja fruktoosi, mutta siin\u00e4 on my\u00f6s pienempi\u00e4 m\u00e4\u00e4ri\u00e4 maltoosia, trehaloosia, melesitoosia, raffinoosia ja muita oligosakkarideja. Sokerin ja veden lis\u00e4ksi hunajakastike sis\u00e4lt\u00e4\u00e4 my\u00f6s v\u00e4ltt\u00e4m\u00e4tt\u00f6mi\u00e4 aminohappoja, kivenn\u00e4isaineita, hivenaineita, adenosiinia, fosfaatteja ja muita ainesosia, kuten vitamiineja.<\/p>\n<p><strong>K\u00e4yt\u00e4:<\/strong><br \/>\nHunajaa sy\u00f6vien muurahaislajien (Meliphagidae) osalta.<br \/>\nT\u00e4m\u00e4 on lis\u00e4rehu<br \/>\nSit\u00e4 voidaan tarjota el\u00e4imille toimitettuna. Koska kosteus v\u00e4hent\u00e4\u00e4 sokeripitoisuutta ja k\u00e4ymisprosessi alkaa, ruoka on vaihdettava 3 p\u00e4iv\u00e4n v\u00e4lein. Puhdista ruokintakuppi\/putki huolellisesti ennen uudelleenk\u00e4ytt\u00f6\u00e4.<br \/>\nKun pakkaus on avattu, se on s\u00e4ilytett\u00e4v\u00e4 tiiviisti suljettuna viimeiseen k\u00e4ytt\u00f6p\u00e4iv\u00e4\u00e4n asti.<\/p>\n<p><strong>Ravintosis\u00e4lt\u00f6 100 g:aa kohti:<\/strong><br \/>\nnoin 2,7 % rasvat<br \/>\njosta kyll\u00e4stetty noin 0,45 % %<br \/>\nnoin 95 % hiilihydraatteja.<br \/>\njosta sokeria noin 71<br \/>\nnoin 2,85% proteiinia<br \/>\nKivenn\u00e4isaineet (kalium, kalsium, kupari, rauta, natrium, magnesium, fosfori, sinkki ja muut hivenaineet). Aminohapot (proliini, leusiini, fenyylialaniini, alaniini, histidiini, isoleusiini, glutamiinihappo, arginiini, asparagiinihappo jne.) Orgaaniset hapot Entsyymit (fermentit)Aromit Inhibiinit (antibakteeriset aineet) Kukat Siitep\u00f6ly<\/p>\n<p><strong>Varastointi:<\/strong><br \/>\nRehun laadun varmistamiseksi rehu on s\u00e4ilytett\u00e4v\u00e4 pime\u00e4ss\u00e4 ja kuivassa paikassa.<\/p>\n<p><strong>Huom:<\/strong><br \/>\nHunajaa sy\u00f6vien muurahaisten lis\u00e4rehu.<br \/>\nKatso pakkausselosteesta koostumus, analyyttiset ainesosat, parasta ennen -p\u00e4iv\u00e4ys ja er\u00e4numero.<\/p>\n<p>Tietopuhelin +49 30 439703870<\/p>\n<p><strong>Vastaava el\u00e4inl\u00e4\u00e4kint\u00e4- ja elintarvikevirasto:<\/strong><br \/>\nSteglitzin el\u00e4inl\u00e4\u00e4k\u00e4rintoimisto<br \/>\nK\u00f6nigin-Luise-Str. 92<br \/>\n14195 Berliini<\/p>","protected":false},"excerpt":{"rendered":"<p>Sarjaan kuuluu 33 kappaletta<br \/>\nKoko: L<\/p>","protected":false},"featured_media":11858,"comment_status":"open","ping_status":"closed","template":"","meta":{"_acf_changed":false,"content-type":"","_monsterinsights_skip_tracking":false,"_monsterinsights_sitenote_active":false,"_monsterinsights_sitenote_note":"","_monsterinsights_sitenote_category":0},"product_brand":[484],"product_cat":[355,73],"product_tag":[],"class_list":{"0":"post-11857","1":"product","2":"type-product","3":"status-publish","4":"has-post-thumbnail","6":"product_brand-antcube","7":"product_cat-bundle-offers","8":"product_cat-starter-sets","10":"first","11":"instock","12":"taxable","13":"shipping-taxable","14":"purchasable","15":"product-type-simple"},"acf":[],"aioseo_notices":[],"jetpack_sharing_enabled":true,"_links":{"self":[{"href":"https:\/\/antcube.shop\/fi\/wp-json\/wp\/v2\/product\/11857","targetHints":{"allow":["GET"]}}],"collection":[{"href":"https:\/\/antcube.shop\/fi\/wp-json\/wp\/v2\/product"}],"about":[{"href":"https:\/\/antcube.shop\/fi\/wp-json\/wp\/v2\/types\/product"}],"replies":[{"embeddable":true,"href":"https:\/\/antcube.shop\/fi\/wp-json\/wp\/v2\/comments?post=11857"}],"wp:featuredmedia":[{"embeddable":true,"href":"https:\/\/antcube.shop\/fi\/wp-json\/wp\/v2\/media\/11858"}],"wp:attachment":[{"href":"https:\/\/antcube.shop\/fi\/wp-json\/wp\/v2\/media?parent=11857"}],"wp:term":[{"taxonomy":"product_brand","embeddable":true,"href":"https:\/\/antcube.shop\/fi\/wp-json\/wp\/v2\/product_brand?post=11857"},{"taxonomy":"product_cat","embeddable":true,"href":"https:\/\/antcube.shop\/fi\/wp-json\/wp\/v2\/product_cat?post=11857"},{"taxonomy":"product_tag","embeddable":true,"href":"https:\/\/antcube.shop\/fi\/wp-json\/wp\/v2\/product_tag?post=11857"}],"curies":[{"name":"wp","href":"https:\/\/api.w.org\/{rel}","templated":true}]}}