{"id":11495,"date":"2025-04-25T14:48:03","date_gmt":"2025-04-25T12:48:03","guid":{"rendered":"https:\/\/antcube.shop\/en\/product\/poster-feinde-der-ameisen-100x70\/"},"modified":"2026-01-12T12:41:48","modified_gmt":"2026-01-12T11:41:48","slug":"juliste-vihollisia-muurahaisia-100x70","status":"publish","type":"product","link":"https:\/\/antcube.shop\/fi\/tuote\/juliste-vihollisia-muurahaisia-100x70\/","title":{"rendered":"Juliste - Muurahaisten viholliset - 100\u00d770"},"content":{"rendered":"<p>Muurahaisten viholliset - Muurahaisjuliste ja opetusmateriaali kouluille\/p\u00e4iv\u00e4kodeille.<\/p>\n<p><strong>Kuvaus saatavilla saksaksi, englanniksi, espanjaksi ja ranskaksi<\/strong><\/p>\n<p><strong>Mitat:<\/strong> 100\u00d770 cm<\/p>\n<p><strong>Materiaali:<\/strong> Lateksipaperi<br \/>\nT\u00e4m\u00e4 paperi on vedenpit\u00e4v\u00e4\u00e4, pyyhitt\u00e4v\u00e4\u00e4, kovaa kulutusta kest\u00e4v\u00e4\u00e4 ja ymp\u00e4rist\u00f6yst\u00e4v\u00e4llist\u00e4, sill\u00e4 se ei sis\u00e4ll\u00e4 ymp\u00e4rist\u00f6lle haitallisia liuottimia, ja sen tulostuslaatu on loistava.<\/p>\n<p><strong>Kuvaus:<\/strong> T\u00e4m\u00e4 juliste antaa yleiskatsauksen muurahaisten luonnollisista vihollisista, pienest\u00e4 muurahaisleijonasta meihin ihmisiin.<\/p>\n<p><strong>T\u00e4rke\u00e4\u00e4 - lis\u00e4tietoja:<\/strong> <a href=\"https:\/\/www.ants.de\/link\/1010\">T\u00e4ss\u00e4 <\/a>l\u00f6yd\u00e4t julisteesta yksityiskohtaisen kuvauksen yksitt\u00e4isist\u00e4 kohtauksista. Ne eiv\u00e4t sis\u00e4lly kuvaan, mutta niihin voi tutustua ja ne voi tulostaa erikseen seuraavan linkin kautta. <a href=\"https:\/\/www.ants.de\/link\/1010\">https:\/\/www.ants.de\/link\/1010<\/a><\/p>","protected":false},"excerpt":{"rendered":"<p>Muurahaisten viholliset - Muurahaisjuliste ja opetusmateriaali kouluille\/p\u00e4iv\u00e4kodeille. Kuvaus saatavana saksaksi, englanniksi, espanjaksi ja ranskaksi Mitat: Materiaali: 100x70 cm: Materiaali: Lateksipaperi T\u00e4m\u00e4 paperi on vedenpit\u00e4v\u00e4\u00e4, pyyhitt\u00e4v\u00e4\u00e4, kovaa kulutusta kest\u00e4v\u00e4\u00e4, ymp\u00e4rist\u00f6yst\u00e4v\u00e4llist\u00e4, koska se ei sis\u00e4ll\u00e4 ymp\u00e4rist\u00f6lle haitallisia liuottimia ja tuottaa loistavan tulostuslaadun. Kuvaus: T\u00e4m\u00e4 juliste antaa yleiskatsauksen","protected":false},"featured_media":11404,"comment_status":"open","ping_status":"closed","template":"","meta":{"_acf_changed":false,"content-type":"","_monsterinsights_skip_tracking":false,"_monsterinsights_sitenote_active":false,"_monsterinsights_sitenote_note":"","_monsterinsights_sitenote_category":0},"product_brand":[484],"product_cat":[500],"product_tag":[],"class_list":{"0":"post-11495","1":"product","2":"type-product","3":"status-publish","4":"has-post-thumbnail","6":"product_brand-antcube","7":"product_cat-ant-posters-and-teaching-aids","9":"first","10":"instock","11":"taxable","12":"shipping-taxable","13":"purchasable","14":"product-type-simple"},"acf":[],"aioseo_notices":[],"jetpack_sharing_enabled":true,"_links":{"self":[{"href":"https:\/\/antcube.shop\/fi\/wp-json\/wp\/v2\/product\/11495","targetHints":{"allow":["GET"]}}],"collection":[{"href":"https:\/\/antcube.shop\/fi\/wp-json\/wp\/v2\/product"}],"about":[{"href":"https:\/\/antcube.shop\/fi\/wp-json\/wp\/v2\/types\/product"}],"replies":[{"embeddable":true,"href":"https:\/\/antcube.shop\/fi\/wp-json\/wp\/v2\/comments?post=11495"}],"wp:featuredmedia":[{"embeddable":true,"href":"https:\/\/antcube.shop\/fi\/wp-json\/wp\/v2\/media\/11404"}],"wp:attachment":[{"href":"https:\/\/antcube.shop\/fi\/wp-json\/wp\/v2\/media?parent=11495"}],"wp:term":[{"taxonomy":"product_brand","embeddable":true,"href":"https:\/\/antcube.shop\/fi\/wp-json\/wp\/v2\/product_brand?post=11495"},{"taxonomy":"product_cat","embeddable":true,"href":"https:\/\/antcube.shop\/fi\/wp-json\/wp\/v2\/product_cat?post=11495"},{"taxonomy":"product_tag","embeddable":true,"href":"https:\/\/antcube.shop\/fi\/wp-json\/wp\/v2\/product_tag?post=11495"}],"curies":[{"name":"wp","href":"https:\/\/api.w.org\/{rel}","templated":true}]}}