{"id":11413,"date":"2025-04-11T16:43:25","date_gmt":"2025-04-11T14:43:25","guid":{"rendered":"https:\/\/antcube.shop\/en\/product\/light-strip-pro-40cm\/"},"modified":"2026-03-27T13:58:51","modified_gmt":"2026-03-27T12:58:51","slug":"valonauha-pro-40cm","status":"publish","type":"product","link":"https:\/\/antcube.shop\/fi\/tuote\/valonauha-pro-40cm\/","title":{"rendered":"Valonauha Pro 40cm"},"content":{"rendered":"<p><strong>Sis\u00e4lt\u00f6:<\/strong><br \/>\n1x valonauha LED Pro<br \/>\n1x kiinnike kattoasennusta varten sis. ruuvit<br \/>\n1x verkkopistoke kytkimell\u00e4<\/p>\n<p><strong>Tekniset tiedot:<\/strong><br \/>\nMitat: 400x124x42 mm<br \/>\nValaistus: LED<br \/>\nVirrankulutus: 16 W<br \/>\nValovirta: 2200 lm (140 lm\/W)<br \/>\nValon v\u00e4ri: 6000K<br \/>\nK\u00e4ytt\u00f6ik\u00e4: ~ 25 000 h<br \/>\nKaapelin pituus: 145 cm<\/p>\n<p><strong>Materiaali:<\/strong> muovi<\/p>\n<p><strong>V\u00e4ri:<\/strong> musta<\/p>\n<p><strong>Kuvaus:<\/strong><br \/>\nLED-valaistus 60x30x60 kokoisiin formikarioihin, vivaarioihin ja terraarioihin.<br \/>\nSuojattu roiskevedelt\u00e4 IP65-luokituksen mukaisesti, joten valonauhat sopivat t\u00e4ydellisesti trooppisiin terraarioihin. Alhaisen l\u00e4mm\u00f6nkehityksen ansiosta Light Strip -valaisimet soveltuvat hyvin my\u00f6s lajeille, joilla on alhaisempi l\u00e4mm\u00f6ntarve.<\/p>","protected":false},"excerpt":{"rendered":"<p><span style=\"font-weight: 400;\">Virrankulutus: 16 W<\/span><\/p>","protected":false},"featured_media":11368,"comment_status":"open","ping_status":"closed","template":"","meta":{"_acf_changed":false,"content-type":"","_monsterinsights_skip_tracking":false,"_monsterinsights_sitenote_active":false,"_monsterinsights_sitenote_note":"","_monsterinsights_sitenote_category":0},"product_brand":[],"product_cat":[359,257,119],"product_tag":[],"class_list":{"0":"post-11413","1":"product","2":"type-product","3":"status-publish","4":"has-post-thumbnail","6":"product_cat-light-heat-humidity","7":"product_cat-new-innovatve-products","8":"product_cat-formicarium-components","10":"first","11":"instock","12":"taxable","13":"shipping-taxable","14":"purchasable","15":"product-type-simple"},"acf":[],"aioseo_notices":[],"jetpack_sharing_enabled":true,"_links":{"self":[{"href":"https:\/\/antcube.shop\/fi\/wp-json\/wp\/v2\/product\/11413","targetHints":{"allow":["GET"]}}],"collection":[{"href":"https:\/\/antcube.shop\/fi\/wp-json\/wp\/v2\/product"}],"about":[{"href":"https:\/\/antcube.shop\/fi\/wp-json\/wp\/v2\/types\/product"}],"replies":[{"embeddable":true,"href":"https:\/\/antcube.shop\/fi\/wp-json\/wp\/v2\/comments?post=11413"}],"wp:featuredmedia":[{"embeddable":true,"href":"https:\/\/antcube.shop\/fi\/wp-json\/wp\/v2\/media\/11368"}],"wp:attachment":[{"href":"https:\/\/antcube.shop\/fi\/wp-json\/wp\/v2\/media?parent=11413"}],"wp:term":[{"taxonomy":"product_brand","embeddable":true,"href":"https:\/\/antcube.shop\/fi\/wp-json\/wp\/v2\/product_brand?post=11413"},{"taxonomy":"product_cat","embeddable":true,"href":"https:\/\/antcube.shop\/fi\/wp-json\/wp\/v2\/product_cat?post=11413"},{"taxonomy":"product_tag","embeddable":true,"href":"https:\/\/antcube.shop\/fi\/wp-json\/wp\/v2\/product_tag?post=11413"}],"curies":[{"name":"wp","href":"https:\/\/api.w.org\/{rel}","templated":true}]}}