{"id":11410,"date":"2025-04-11T16:40:32","date_gmt":"2025-04-11T14:40:32","guid":{"rendered":"https:\/\/antcube.shop\/en\/product\/light-strip-30\/"},"modified":"2026-02-26T10:38:57","modified_gmt":"2026-02-26T09:38:57","slug":"valonauha-30","status":"publish","type":"product","link":"https:\/\/antcube.shop\/fi\/tuote\/valonauha-30\/","title":{"rendered":"Valonauha 30"},"content":{"rendered":"<p><strong>Sis\u00e4lt\u00f6:<\/strong><br \/>\n1x valonauha LED mini 28cm<br \/>\n1x kiinnike kattoasennusta varten sis. ruuvit<br \/>\n1x verkkopistoke kytkimell\u00e4<\/p>\n<p><strong>Tekniset tiedot:<\/strong><br \/>\nMitat: 280x60x9mm<br \/>\nValaistus: LED<br \/>\nVirrankulutus: 4W<br \/>\nValovirta: 490 lm (123 lm\/W)<br \/>\nValon v\u00e4ri: 3000K \/ 4000K \/ 6500K<br \/>\nK\u00e4ytt\u00f6ik\u00e4: ~ 25 000 h<br \/>\nKaapelin pituus: 156 cm<br \/>\nHimmennett\u00e4v\u00e4<\/p>\n<p><strong>Materiaali:<\/strong> Muovi<\/p>\n<p><strong>V\u00e4ri:<\/strong> valkoinen<\/p>\n<p><strong>Kuvaus:<\/strong><br \/>\nIhanteellinen kaikille muurahaislajeille. P\u00e4iv\u00e4nvaloa muistuttava spektri, joka valaisee formicariumin hyvin. Ei ei-toivottua l\u00e4mp\u00f6s\u00e4teily\u00e4, eritt\u00e4in energians\u00e4\u00e4st\u00e4v\u00e4.<br \/>\nT\u00e4m\u00e4 LED-valaisin soveltuu formicaria- ja vivaria-kokoihin 30x30x30, 30x30x20 ja 30x30x10. Se voidaan yksinkertaisesti asettaa kannen p\u00e4\u00e4lle. Kirkkaus on himmennett\u00e4viss\u00e4 10 portaittain ja 3 eri valon v\u00e4ri\u00e4 voidaan asettaa, \"kylm\u00e4st\u00e4 valkoisesta\" \"luonnolliseen\" ja \"l\u00e4mpim\u00e4\u00e4n\" valoon. Formicariaan voi tilata jatkon, jonka leveys on 60 cm. T\u00e4m\u00e4 on linkitetty alempana artikkelissa. Yli 30 cm:n korkeudesta vain v\u00e4h\u00e4n valoa p\u00e4\u00e4see pohjaan.<\/p>","protected":false},"excerpt":{"rendered":"<p><span style=\"font-weight: 400;\">Virrankulutus: 4W<\/span><\/p>","protected":false},"featured_media":11376,"comment_status":"open","ping_status":"closed","template":"","meta":{"_acf_changed":false,"content-type":"","_monsterinsights_skip_tracking":false,"_monsterinsights_sitenote_active":false,"_monsterinsights_sitenote_note":"","_monsterinsights_sitenote_category":0},"product_brand":[],"product_cat":[359,257,119],"product_tag":[],"class_list":{"0":"post-11410","1":"product","2":"type-product","3":"status-publish","4":"has-post-thumbnail","6":"product_cat-light-heat-humidity","7":"product_cat-new-innovatve-products","8":"product_cat-formicarium-components","10":"first","11":"outofstock","12":"taxable","13":"shipping-taxable","14":"purchasable","15":"product-type-simple"},"acf":[],"aioseo_notices":[],"jetpack_sharing_enabled":true,"_links":{"self":[{"href":"https:\/\/antcube.shop\/fi\/wp-json\/wp\/v2\/product\/11410","targetHints":{"allow":["GET"]}}],"collection":[{"href":"https:\/\/antcube.shop\/fi\/wp-json\/wp\/v2\/product"}],"about":[{"href":"https:\/\/antcube.shop\/fi\/wp-json\/wp\/v2\/types\/product"}],"replies":[{"embeddable":true,"href":"https:\/\/antcube.shop\/fi\/wp-json\/wp\/v2\/comments?post=11410"}],"wp:featuredmedia":[{"embeddable":true,"href":"https:\/\/antcube.shop\/fi\/wp-json\/wp\/v2\/media\/11376"}],"wp:attachment":[{"href":"https:\/\/antcube.shop\/fi\/wp-json\/wp\/v2\/media?parent=11410"}],"wp:term":[{"taxonomy":"product_brand","embeddable":true,"href":"https:\/\/antcube.shop\/fi\/wp-json\/wp\/v2\/product_brand?post=11410"},{"taxonomy":"product_cat","embeddable":true,"href":"https:\/\/antcube.shop\/fi\/wp-json\/wp\/v2\/product_cat?post=11410"},{"taxonomy":"product_tag","embeddable":true,"href":"https:\/\/antcube.shop\/fi\/wp-json\/wp\/v2\/product_tag?post=11410"}],"curies":[{"name":"wp","href":"https:\/\/api.w.org\/{rel}","templated":true}]}}