{"id":11408,"date":"2025-04-11T16:39:04","date_gmt":"2025-04-11T14:39:04","guid":{"rendered":"https:\/\/antcube.shop\/en\/product\/fotoruckwand-regenwald-60x60\/"},"modified":"2026-03-26T10:55:56","modified_gmt":"2026-03-26T09:55:56","slug":"valokuvan-taustaseina-60x60-sademetsa","status":"publish","type":"product","link":"https:\/\/antcube.shop\/fi\/tuote\/valokuvan-taustaseina-60x60-sademetsa\/","title":{"rendered":"Kuva takasein\u00e4 60\u00d760 sademets\u00e4"},"content":{"rendered":"<p><strong>Mitat:<\/strong> 60x60cm<\/p>\n<p><strong>Materiaali:<\/strong> Kiilt\u00e4v\u00e4 foliopaperi<\/p>\n<p><strong>Sis\u00e4lt\u00f6:<\/strong> 1x valokuvan takasein\u00e4<\/p>\n<p><strong>Kuvaus:<\/strong> T\u00e4m\u00e4 valokuvatausta kiinnitet\u00e4\u00e4n formikariumin takaosaan ulkopuolelta, jotta saadaan aikaan vaikutelma muurahaisten luonnollista elinymp\u00e4rist\u00f6\u00e4 vastaavasta ymp\u00e4rist\u00f6st\u00e4.<\/p>","protected":false},"excerpt":{"rendered":"<p>Mitat: Materiaali: 60x60cm: Materiaali: Kiilt\u00e4v\u00e4 foliopaperi Sis\u00e4lt\u00f6: Materiaali: Kiilt\u00e4v\u00e4 foliopaperi: Kuvaus: 1x valokuva takasein\u00e4: T\u00e4m\u00e4 valokuvatausta on tarkoitettu kiinnitett\u00e4v\u00e4ksi formikariumin takaosaan ulkopuolelta, jotta saadaan vaikutelma ymp\u00e4rist\u00f6st\u00e4, joka vastaa muurahaisten luonnollista elinymp\u00e4rist\u00f6\u00e4.<\/p>","protected":false},"featured_media":5530,"comment_status":"open","ping_status":"closed","template":"","meta":{"_acf_changed":false,"content-type":"","_monsterinsights_skip_tracking":false,"_monsterinsights_sitenote_active":false,"_monsterinsights_sitenote_note":"","_monsterinsights_sitenote_category":0},"product_brand":[484],"product_cat":[97,106],"product_tag":[],"class_list":{"0":"post-11408","1":"product","2":"type-product","3":"status-publish","4":"has-post-thumbnail","6":"product_brand-antcube","7":"product_cat-photo-backwalls","8":"product_cat-rainforest-photo-backwall","10":"first","11":"instock","12":"taxable","13":"shipping-taxable","14":"purchasable","15":"product-type-simple"},"acf":[],"aioseo_notices":[],"jetpack_sharing_enabled":true,"_links":{"self":[{"href":"https:\/\/antcube.shop\/fi\/wp-json\/wp\/v2\/product\/11408","targetHints":{"allow":["GET"]}}],"collection":[{"href":"https:\/\/antcube.shop\/fi\/wp-json\/wp\/v2\/product"}],"about":[{"href":"https:\/\/antcube.shop\/fi\/wp-json\/wp\/v2\/types\/product"}],"replies":[{"embeddable":true,"href":"https:\/\/antcube.shop\/fi\/wp-json\/wp\/v2\/comments?post=11408"}],"wp:featuredmedia":[{"embeddable":true,"href":"https:\/\/antcube.shop\/fi\/wp-json\/wp\/v2\/media\/5530"}],"wp:attachment":[{"href":"https:\/\/antcube.shop\/fi\/wp-json\/wp\/v2\/media?parent=11408"}],"wp:term":[{"taxonomy":"product_brand","embeddable":true,"href":"https:\/\/antcube.shop\/fi\/wp-json\/wp\/v2\/product_brand?post=11408"},{"taxonomy":"product_cat","embeddable":true,"href":"https:\/\/antcube.shop\/fi\/wp-json\/wp\/v2\/product_cat?post=11408"},{"taxonomy":"product_tag","embeddable":true,"href":"https:\/\/antcube.shop\/fi\/wp-json\/wp\/v2\/product_tag?post=11408"}],"curies":[{"name":"wp","href":"https:\/\/api.w.org\/{rel}","templated":true}]}}