{"id":11407,"date":"2025-04-11T16:38:16","date_gmt":"2025-04-11T14:38:16","guid":{"rendered":"https:\/\/antcube.shop\/en\/product\/terracube-60x30x60-terrarium-mit-schiebetur\/"},"modified":"2026-04-02T12:12:14","modified_gmt":"2026-04-02T10:12:14","slug":"terracube-60x30x60-terraario-jossa-on-liukuovi","status":"publish","type":"product","link":"https:\/\/antcube.shop\/fi\/tuote\/terracube-60x30x60-terraario-jossa-on-liukuovi\/","title":{"rendered":"TERRACUBE 60x30x60 Terraario liukuovella varustettuna"},"content":{"rendered":"<p><strong>TERRACUBE Terraario 60x30x60, jossa on liukuovi ja 2x 50mm aukkoa.<\/strong><\/p>\n<p><strong>Mitat:<\/strong> 600 x 300 x 600 mm; lasin paksuus 4 mm<br \/>\n<strong>Materiaali:<\/strong> float-lasi<br \/>\n<strong>Yhteys:<\/strong> 2x 50 mm reik\u00e4 (2x sivussa)<\/p>\n<p><strong>Etuaukko (liukuovi):<\/strong> 300\u00d7300 mm<br \/>\nTangon korkeus: 12,5 cm<br \/>\nTangon leveys: 4 cm<\/p>\n<p><strong>Kuvaus:<\/strong><br \/>\n<strong>TERRACUBE - T\u00e4ysin l\u00e4pin\u00e4kyv\u00e4, modulaarinen terraarioj\u00e4rjestelm\u00e4 \u00e4lykk\u00e4ill\u00e4 yksityiskohdilla.<\/strong><br \/>\nTERRACUBE-terraarioissa on maksimaalinen l\u00e4pin\u00e4kyvyys (360\u00b0) ja tyylik\u00e4s, selke\u00e4 muotoilu. Kaikki reunat on liimattu tarkasti, joten h\u00e4iritsevi\u00e4 silikonisaumoja ei n\u00e4y. K\u00e4ytetty silikoni on my\u00f6s t\u00e4ysin l\u00e4pin\u00e4kyv\u00e4\u00e4, joten sis\u00e4tilat n\u00e4kyv\u00e4t kaikkialta peitt\u00e4m\u00e4tt\u00f6m\u00e4sti.<\/p>\n<p><strong>Hienostunut ilmanvaihto ja tekniset k\u00e4ytt\u00f6liittym\u00e4t<\/strong><br \/>\n<strong>Kaksi sivuaukkoa (\u00d8 50 mm kumpikin) tarjoavat joustavia k\u00e4ytt\u00f6mahdollisuuksia:<\/strong><br \/>\nNiit\u00e4 voidaan k\u00e4ytt\u00e4\u00e4 joko ilmanvaihdon lis\u00e4\u00e4miseen tai tekniikan, kuten l\u00e4mp\u00f6-\/hygrometrien, sumutuslaitteiden, l\u00e4mmityskivien ja paljon muunlaisen tekniikan k\u00e4ytt\u00f6\u00f6n.<\/p>\n<p>Kansi myyd\u00e4\u00e4n erikseen, ja sit\u00e4 on saatavana eri versioina, joissa on eri tuuletusalueet ja rei\u00e4t lis\u00e4tuuletusta tai teknisi\u00e4 lis\u00e4varusteita, kuten sadej\u00e4rjestelmi\u00e4 tai tuulettimia varten, elinymp\u00e4rist\u00f6st\u00e4 riippuen.<\/p>\n<p><strong>Turvallinen verkko - sopii my\u00f6s pienille el\u00e4imille<\/strong><br \/>\nPalkin hienosilm\u00e4inen ruostumattomasta ter\u00e4ksest\u00e4 valmistettu tuuletuss\u00e4leikk\u00f6 on niin tiivis, etteiv\u00e4t edes pienet lajit, kuten hedelm\u00e4k\u00e4rp\u00e4set (Drosophila) tai muurahaiset, p\u00e4\u00e4se pakenemaan. Sit\u00e4 tukee tukeva rei'itetty alumiinilevy. T\u00e4m\u00e4 tekee konseptista korroosionkest\u00e4v\u00e4n (v\u00e4h\u00e4n huoltoa vaativan ja kest\u00e4v\u00e4n) ja vakaan, jopa suurempien matelijoiden mekaanista vaikutusta vastaan.<\/p>\n<p><strong>Liukuovi - k\u00e4yt\u00e4nn\u00f6llinen ja l\u00e4hes n\u00e4kym\u00e4t\u00f6n<\/strong><br \/>\nK\u00e4yt\u00e4nn\u00f6llinen liukuovi on varustettu l\u00e4pin\u00e4kyv\u00e4ll\u00e4 kahvalla, joka on niin ik\u00e4\u00e4n t\u00e4ysin l\u00e4pin\u00e4kyv\u00e4ss\u00e4 kiinnikkeess\u00e4. N\u00e4in huomio pysyy aina rakkaudella suunnitellussa sis\u00e4tilassa tai sis\u00e4ll\u00e4 pidett\u00e4viss\u00e4 el\u00e4imiss\u00e4.<\/p>\n<p><strong>Modulaarinen j\u00e4rjestelm\u00e4 - yhdist\u00e4 terraariot toisiinsa<\/strong><br \/>\nUseita TERRACUBE-terraarioita voidaan yhdist\u00e4\u00e4 toisiinsa sivussa olevien reikien ja yhteensopivien l\u00e4pin\u00e4kyvien akryyliliittimien tai -putkien avulla.<br \/>\nEsimerkiksi muurahaiskoloniaa voidaan pit\u00e4\u00e4 viereisess\u00e4 s\u00e4ili\u00f6ss\u00e4 matelijoiden ravinnonl\u00e4hteen\u00e4 - ja se voi vet\u00e4yty\u00e4 turvallisesti, jos matelija ei p\u00e4\u00e4se putken l\u00e4pi. My\u00f6s kokonaisia j\u00e4rjestelmi\u00e4, esimerkiksi sammakoille tai salamantereille, voidaan laajentaa joustavasti t\u00e4ll\u00e4 tavoin.<\/p>\n<p><strong>Huom:<\/strong> Lasi leikataan DIN 1249 -standardin mukaisesti +\/- 1 mm:n toleranssilla. Lis\u00e4suoja on v\u00e4ltt\u00e4m\u00e4t\u00f6n eritt\u00e4in pienille muurahaislajeille.<\/p>","protected":false},"excerpt":{"rendered":"<p>TERRACUBE Terraario 60x30x60, jossa on liukuovi ja 2x 50mm aukkoa. Mitat: Materiaali: float-lasi Liit\u00e4nt\u00e4: 2x 50 mm:n reik\u00e4 (2x sivussa) Etuaukko (liukuovi): 300x300 mm Tangon korkeus: 12,5 cm Tangon leveys: 4 cm Kuvaus: TERRACUBE - T\u00e4ysin l\u00e4pin\u00e4kyv\u00e4, modulaarinen terraarioj\u00e4rjestelm\u00e4.","protected":false},"featured_media":11397,"comment_status":"open","ping_status":"closed","template":"","meta":{"_acf_changed":false,"content-type":"","_monsterinsights_skip_tracking":false,"_monsterinsights_sitenote_active":false,"_monsterinsights_sitenote_note":"","_monsterinsights_sitenote_category":0},"product_brand":[499],"product_cat":[257],"product_tag":[],"class_list":{"0":"post-11407","1":"product","2":"type-product","3":"status-publish","4":"has-post-thumbnail","6":"product_brand-terracube","7":"product_cat-new-innovatve-products","8":"product_shipping_class-forwarding-on-pallet","10":"first","11":"instock","12":"taxable","13":"shipping-taxable","14":"purchasable","15":"product-type-simple"},"acf":[],"aioseo_notices":[],"jetpack_sharing_enabled":true,"_links":{"self":[{"href":"https:\/\/antcube.shop\/fi\/wp-json\/wp\/v2\/product\/11407","targetHints":{"allow":["GET"]}}],"collection":[{"href":"https:\/\/antcube.shop\/fi\/wp-json\/wp\/v2\/product"}],"about":[{"href":"https:\/\/antcube.shop\/fi\/wp-json\/wp\/v2\/types\/product"}],"replies":[{"embeddable":true,"href":"https:\/\/antcube.shop\/fi\/wp-json\/wp\/v2\/comments?post=11407"}],"wp:featuredmedia":[{"embeddable":true,"href":"https:\/\/antcube.shop\/fi\/wp-json\/wp\/v2\/media\/11397"}],"wp:attachment":[{"href":"https:\/\/antcube.shop\/fi\/wp-json\/wp\/v2\/media?parent=11407"}],"wp:term":[{"taxonomy":"product_brand","embeddable":true,"href":"https:\/\/antcube.shop\/fi\/wp-json\/wp\/v2\/product_brand?post=11407"},{"taxonomy":"product_cat","embeddable":true,"href":"https:\/\/antcube.shop\/fi\/wp-json\/wp\/v2\/product_cat?post=11407"},{"taxonomy":"product_tag","embeddable":true,"href":"https:\/\/antcube.shop\/fi\/wp-json\/wp\/v2\/product_tag?post=11407"}],"curies":[{"name":"wp","href":"https:\/\/api.w.org\/{rel}","templated":true}]}}