{"id":11137,"date":"2025-03-06T15:59:48","date_gmt":"2025-03-06T14:59:48","guid":{"rendered":"https:\/\/antcube.shop\/en\/product\/antcube-arena-60x30x60-mit-schiebetur\/"},"modified":"2026-01-12T12:41:14","modified_gmt":"2026-01-12T11:41:14","slug":"antcube-arena-60x30x60-liukuovella-varustettuna","status":"publish","type":"product","link":"https:\/\/antcube.shop\/fi\/tuote\/antcube-arena-60x30x60-liukuovella-varustettuna\/","title":{"rendered":"ANTCUBE Arena 60x30x60, jossa on liukuovi"},"content":{"rendered":"<p><strong>ANTCUBE Arena 60x30x60, jossa on liukuovi ja 4x 50 mm:n aukkoa.<\/strong><\/p>\n<p><strong>Mitat:<\/strong> 600 x 300 x 600 mm; lasin paksuus 4 mm<br \/>\n<strong>Materiaali:<\/strong> float-lasi<br \/>\n<strong>Yhteys:<\/strong> 4x 50 mm:n reik\u00e4 (2x sivussa ja 2x edess\u00e4).<\/p>\n<p><strong>Etuaukko (liukuovi):<\/strong> 300\u00d7300 mm<\/p>\n<p><strong>Kuvaus:<\/strong> ANTCUBE-areenamme 60x30x60, jossa on liukuovi, on kehitetty siten, ett\u00e4 siell\u00e4 voi ty\u00f6skennell\u00e4 mukavasti jopa t\u00e4ydess\u00e4 formikariassa. Se sopii my\u00f6s laajennukseksi liukuovella varustetulle areenallemme 60x30x30. Erona ovat uudet rei\u00e4t etuosassa lis\u00e4tuuletuksen luomiseksi tai, jos sivuilla ei ole tilaa, lis\u00e4areenoiden liitt\u00e4miseksi akryyliputkilla etuosan liit\u00e4nt\u00f6jen kautta. Ne ovat erityisen k\u00e4ytt\u00f6kelpoisia muurahaisten (Polyrhachis ja Oecophylla) muurahaispes\u00e4kkein\u00e4, koska ne rakentavat mielell\u00e4\u00e4n yl\u00f6sp\u00e4in ja tarvitsevat is\u00e4nt\u00e4kasvin. My\u00f6s puissa asuvat lajit, kuten Tetraponera, ovat tyytyv\u00e4isi\u00e4 kiipeilymahdollisuuksiin. Joskus voi olla hankalaa poistaa esimerkiksi formikariumin pohjalla olevien el\u00e4inten j\u00e4t\u00f6kset. T\u00e4m\u00e4 ei ole ongelma t\u00e4ss\u00e4 erityisesti mukautetussa s\u00e4ili\u00f6ss\u00e4. Liukuovi on eritt\u00e4in k\u00e4yt\u00e4nn\u00f6llinen my\u00f6s Acromyrmex- tai Atta-lehtileikkurimuurahaisten ruokinta-altaissa, sill\u00e4 kasvij\u00e4\u00e4m\u00e4t ja muut j\u00e4tteet voidaan h\u00e4vitt\u00e4\u00e4 helposti. Ylemp\u00e4\u00e4n aukkoon on saatavana erikseen my\u00f6s 60\u00d730-l\u00e4pimurtosuojakehys ja 60\u00d730-areenan kansi suuremmalla tuuletusalueella tai ilman.<\/p>\n<p><strong>Huom:<\/strong> Lasi leikataan DIN 1249 -standardin mukaisesti +\/- 1 mm:n toleranssilla. Lis\u00e4suoja on v\u00e4ltt\u00e4m\u00e4t\u00f6n eritt\u00e4in pienille muurahaislajeille.<\/p>","protected":false},"excerpt":{"rendered":"<p>Yhteys: 50 mm<\/p>","protected":false},"featured_media":11138,"comment_status":"open","ping_status":"closed","template":"","meta":{"_acf_changed":false,"content-type":"","_monsterinsights_skip_tracking":false,"_monsterinsights_sitenote_active":false,"_monsterinsights_sitenote_note":"","_monsterinsights_sitenote_category":0},"product_brand":[484],"product_cat":[257,85,86],"product_tag":[],"class_list":{"0":"post-11137","1":"product","2":"type-product","3":"status-publish","4":"has-post-thumbnail","6":"product_brand-antcube","7":"product_cat-new-innovatve-products","8":"product_cat-ant-arenas","9":"product_cat-formicariums","10":"product_shipping_class-forwarding-on-pallet","12":"first","13":"instock","14":"taxable","15":"shipping-taxable","16":"purchasable","17":"product-type-simple"},"acf":[],"aioseo_notices":[],"jetpack_sharing_enabled":true,"_links":{"self":[{"href":"https:\/\/antcube.shop\/fi\/wp-json\/wp\/v2\/product\/11137","targetHints":{"allow":["GET"]}}],"collection":[{"href":"https:\/\/antcube.shop\/fi\/wp-json\/wp\/v2\/product"}],"about":[{"href":"https:\/\/antcube.shop\/fi\/wp-json\/wp\/v2\/types\/product"}],"replies":[{"embeddable":true,"href":"https:\/\/antcube.shop\/fi\/wp-json\/wp\/v2\/comments?post=11137"}],"wp:featuredmedia":[{"embeddable":true,"href":"https:\/\/antcube.shop\/fi\/wp-json\/wp\/v2\/media\/11138"}],"wp:attachment":[{"href":"https:\/\/antcube.shop\/fi\/wp-json\/wp\/v2\/media?parent=11137"}],"wp:term":[{"taxonomy":"product_brand","embeddable":true,"href":"https:\/\/antcube.shop\/fi\/wp-json\/wp\/v2\/product_brand?post=11137"},{"taxonomy":"product_cat","embeddable":true,"href":"https:\/\/antcube.shop\/fi\/wp-json\/wp\/v2\/product_cat?post=11137"},{"taxonomy":"product_tag","embeddable":true,"href":"https:\/\/antcube.shop\/fi\/wp-json\/wp\/v2\/product_tag?post=11137"}],"curies":[{"name":"wp","href":"https:\/\/api.w.org\/{rel}","templated":true}]}}