{"id":10988,"date":"2025-01-29T13:27:22","date_gmt":"2025-01-29T12:27:22","guid":{"rendered":"https:\/\/antcube.shop\/en\/product\/bundle-offer-pheidole-pallidula\/"},"modified":"2026-03-16T10:37:24","modified_gmt":"2026-03-16T09:37:24","slug":"niputettu-tarjous-pheidole-pallidula","status":"publish","type":"product","link":"https:\/\/antcube.shop\/fi\/tuote\/niputettu-tarjous-pheidole-pallidula\/","title":{"rendered":"Pakettitarjous - Crematogaster scutellaris"},"content":{"rendered":"<p id=\"docs-internal-guid-f360e18f-7fff-1fa7-2486-66b6ea8170c9\" dir=\"ltr\"><span data-text-color=\"secondary\"><strong>Pakettitarjous sis\u00e4lt\u00e4\u00e4 muurahaispes\u00e4n Crematogaster scutellaris (kuningatar ja 5-10 ty\u00f6l\u00e4ist\u00e4 + poikaset), aloitussetin Digfix S, 2x formicarium-tyynyj\u00e4 ja aavikkokuvaustaustan.<\/strong><\/span><\/p>\n<p dir=\"ltr\"><span data-text-color=\"alert\"><strong>Vain niin kauan kuin varastoa riitt\u00e4\u00e4.<\/strong><\/span><\/p>\n<h2 dir=\"ltr\"><strong>Kaikki mit\u00e4 tarvitset Crematogaster scutellaris -muurahaispes\u00e4\u00e4 varten<\/strong><\/h2>\n<p dir=\"ltr\">T\u00e4m\u00e4 paketti sis\u00e4lt\u00e4\u00e4 kaiken, mit\u00e4 tarvitset Crematogaster scutellaris -siirtokunnan menestyksekk\u00e4\u00e4seen yll\u00e4pitoon ensimm\u00e4isten kuukausien aikana. Se on ihanteellinen aloittelijoille, ja sit\u00e4 voidaan helposti laajentaa.<\/p>\n<h3 dir=\"ltr\"><strong>Muurahaislajit Crematogaster scutellaris<\/strong><\/h3>\n<p>Crematogaster scutellaris on p\u00e4\u00e4asiassa kaikkiruokainen muurahaislaji, joka sy\u00f6 sek\u00e4 kasvi- ett\u00e4 el\u00e4inravintoa. Se on laajalti levinnyt koko V\u00e4limeren alueella, ja sit\u00e4 tavataan my\u00f6s Keski-Euroopan etel\u00e4osissa. T\u00e4lle lajille on tyypillist\u00e4 sen tyypillinen p\u00e4\u00e4ryn\u00e4nmuotoinen vatsa, jonka se nostaa yl\u00f6s vaaran uhatessa - silmiinpist\u00e4v\u00e4\u00e4 k\u00e4yt\u00f6st\u00e4 vihollisten pelottelemiseksi.<\/p>\n<p>Pes\u00e4kkeiss\u00e4 on yleens\u00e4 yksi kuningatar (yksineuvoinen), mutta niiss\u00e4 voi olla my\u00f6s useita kuningattaria. Ty\u00f6l\u00e4iset k\u00e4ytt\u00e4ytyv\u00e4t aktiivisesti ja uteliaasti ja puolustavat pesi\u00e4\u00e4n voimakkaasti. Crematogaster scutellaris tunnetaan erityisesti kyvyst\u00e4\u00e4n pesi\u00e4 kuolleessa puussa tai puun koloissa.<\/p>\n<h3 dir=\"ltr\"><strong>Crematogaster scutellaris -lajin pes\u00e4<\/strong><\/h3>\n<p dir=\"ltr\">Koska t\u00e4m\u00e4 laji pesii mieluiten kuivassa kuolleessa puussa tai halkeamissa ja raoissa, t\u00e4m\u00e4 sarja sis\u00e4lt\u00e4\u00e4 Digfix-pes\u00e4kkeen. T\u00e4m\u00e4 mahdollistaa hyv\u00e4n n\u00e4kym\u00e4n pes\u00e4n sis\u00e4lle ja j\u00e4ljittelee luonnollisia olosuhteita. Vaihtoehtoisesti niit\u00e4 voidaan pit\u00e4\u00e4 korkki- tai puupesiss\u00e4, jotka ovat hyvin l\u00e4hell\u00e4 niiden luonnollista elinymp\u00e4rist\u00f6\u00e4.<\/p>\n<h3 dir=\"ltr\"><strong>Crematogaster scutellaris -lajin ravintoala<\/strong><\/h3>\n<p dir=\"ltr\">Crematogaster scutellaris on kaikkiruokainen, ja se suosii erityisesti makeita nesteit\u00e4, kuten hunajaa tai sokeriliuoksia. Se tarvitsee my\u00f6s proteiinipitoista ravintoa, esim. pieni\u00e4 hy\u00f6nteisi\u00e4, erityisesti poikasensa kasvattamiseen. Luonnossa se sy\u00f6 my\u00f6s puun mahlaa ja pieni\u00e4 niveljalkaisia.<\/p>\n<h3 dir=\"ltr\"><strong>Crematogaster scutellaris -lajin ilmasto-olosuhteet<\/strong><\/h3>\n<p dir=\"ltr\">Kosteus:<br \/>\nAreena: 30 - 50%<br \/>\nPes\u00e4alue: 50 - 60%<br \/>\nL\u00e4mp\u00f6tila:<br \/>\nAreena: 24 - 30\u00b0C<br \/>\nPes\u00e4alue: 22 - 28\u00b0C<\/p>\n<p dir=\"ltr\">Crematogaster scutellaris sopii sek\u00e4 aloittelijoille ett\u00e4 kokeneille muurahaiskasvattajille. Aktiivisen k\u00e4ytt\u00e4ytymisens\u00e4, silmiinpist\u00e4v\u00e4n ruumiinmuodon ja v\u00e4rin sek\u00e4 pes\u00e4nrakennustapansa ansiosta se tarjoaa j\u00e4nnitt\u00e4vi\u00e4 n\u00e4kymi\u00e4 muurahaispes\u00e4n el\u00e4m\u00e4\u00e4n.<\/p>\n<p dir=\"ltr\"><strong>Sis\u00e4lt\u00f6:<\/strong><br \/>\n1x muurahaispes\u00e4 Crematogaster scutellaris (kuningatar + 5-10 ty\u00f6l\u00e4ist\u00e4 + poikanen).<br \/>\n1x sokeri-hunajaliuos (ZH) - t\u00e4ydennyspakkaus 10ml<br \/>\n1x kokonaisia blanchoituja sirkkoja 10g<br \/>\n1x formicarium-tyyny- 20x20cm<br \/>\n1x Formicarium-tyyny - 20x6cm<br \/>\n1x Aavikko valokuvatausta 20\u00d710<br \/>\n1x ANTCUBE - Arena 20x20x10 - tasainen<br \/>\n1x Arena-kehys 20\u00d720<br \/>\n1x Areenan kansi 20\u00d720<br \/>\n4x Kiinnityspiste areenan suojusta varten<br \/>\n1x ANTCUBE - muurahaisfarmi - S - 20\u00d720 - seisova<br \/>\n1x ANTCUBE - Digfix-levy 20\u00d720 - S<br \/>\n1x 0.5m l\u00e4pin\u00e4kyv\u00e4 putki 10\/06 mm<br \/>\nANTCUBE - Punainen kalvo 20\u00d720 - Suodatin<br \/>\n1x tarrakiinnikkeet - l\u00e4pin\u00e4kyv\u00e4 - 2 kpl.<br \/>\n1x kasvualusta - hiekka-savi beige - 200g<br \/>\n1x verkkoinsertti - 50mm - ruostumatonta ter\u00e4st\u00e4<br \/>\n1x formicaria-tulppa 50mm reik\u00e4\u00e4n<br \/>\n1x formicaria-tulppa 27mm reik\u00e4\u00e4n<br \/>\n1x formicaria-korkki 6mm hylsyyn<br \/>\n1x altaan liitin B-27 ja S-10-16 mm M25 - sarja<br \/>\n1x 2ml sy\u00f6tt\u00f6laite - 360\u00b0<br \/>\n1x kirkas juomakulho 20ml - sieni<br \/>\n1x kirkas ruokakuppi 1\u00d720 - sieni<br \/>\n1x mini-l\u00e4mp\u00f6mittari analoginen - ripustettava n\u00e4ytt\u00f6<br \/>\n1x muurahaisten pakenemissuoja jauhe 10ml<br \/>\n1x pinsetit jousiter\u00e4st\u00e4 - leve\u00e4 - pehme\u00e4<br \/>\n1x pinsetit muovinen l\u00e4pin\u00e4kyv\u00e4<br \/>\n1x muovipipetti 3ml<br \/>\n1x k\u00e4sisuurennuslasi - 2x - 30mm<br \/>\n1x vaahtomuovipyyhin 150x18x2.5mm<\/p>\n<p dir=\"ltr\"><strong>Kuvaus:<\/strong><br \/>\nDigfix Starter Set sopii eri muurahaislajeille, erityisesti niille, jotka pesiv\u00e4t hiekassa ja (kuolleessa) puussa. Sit\u00e4 voidaan pit\u00e4\u00e4 kuivana tai hieman kosteana.<br \/>\nL\u00e4pin\u00e4kyv\u00e4\u00e4 tilaa voidaan k\u00e4ytt\u00e4\u00e4 ANTCUBE Digfix -levyn kanssa. Muurahaiset kaivavat materiaaliin omia tunneleitaan ja kammioitaan. Tarvittaessa kannessa olevien 50 mm:n reikien kautta voidaan liitt\u00e4\u00e4 muita moduuleja, kuten erikseen saatavia sumuttimia, tuulettimia tai valoja. Vaihtoehtoisesti mukana toimitetaan sopivat formicaria-tulpat aukkojen sulkemiseksi. Voit halutessasi k\u00e4ytt\u00e4\u00e4 formicariumia my\u00f6s avoimesti asettamalla irrotettavan kehyksen maahan ja levitt\u00e4m\u00e4ll\u00e4 sen reunaan muurahaisten pakenemissuoja\u00f6ljy\u00e4. 'Kastelukannu 2ml - 360 astetta' on tarkoitettu hunaja\/sokeriliuokselle, 'kastelukannu kirkas 20ml - sieni' vedelle. Mini Thermo-Hygrometer -mittari voidaan kiinnitt\u00e4\u00e4 kehikkoon tai kanteen, ja se n\u00e4ytt\u00e4\u00e4 ilmastoarvot.<\/p>\n<p dir=\"ltr\"><span data-text-color=\"alert\"><strong>T\u00e4rke\u00e4\u00e4:<\/strong><\/span> Kostuta maa ennen k\u00e4ytt\u00f6\u00e4, jotta seos voi sitoutua ja saada lujan otteen muurahaispes\u00e4ss\u00e4. Lis\u00e4ksi liian kuiva ja p\u00f6lyinen maa voi aiheuttaa muurahaisten hengitysteiden tukkeutumisen, jolloin ne pahimmassa tapauksessa tukehtuvat.<\/p>\n<p dir=\"ltr\"><strong>Suositus:<\/strong> Suosittelemme 2 mm:n korkuista substraattikerrosta, jotta el\u00e4imet eiv\u00e4t voi kaivautua areenalle, vaan k\u00e4ytt\u00e4v\u00e4t siihen tarkoitukseen varattua tarhaa. Suosittelemme my\u00f6s, ett\u00e4 tarhassa oleva pes\u00e4materiaali (hiekka\/savi, Digfix jne.) l\u00e4vistet\u00e4\u00e4n kevyesti yhteen paikkaan, jotta el\u00e4inten on helpompi kaivaa.<br \/>\n<strong>Huom:<\/strong> Pes\u00e4\u00e4 voidaan k\u00e4ytt\u00e4\u00e4 kuivassa tai kosteassa formikaariossa. Jos pes\u00e4 pidet\u00e4\u00e4n pysyv\u00e4sti kosteana (liian kosteana), ruokaj\u00e4\u00e4m\u00e4t voivat aiheuttaa homeen muodostumista.<br \/>\n<strong>Digfixi\u00e4 koskeva huomautus:<\/strong> Luonnollinen v\u00e4ri voi vaihdella vihre\u00e4nharmaanruskeasta maanruskeaan. V\u00e4ri ei vaikuta laatuun.<\/p>\n<p dir=\"ltr\"><strong>Tuotantoa koskevat huomautukset<\/strong><br \/>\nLasi on leikattu DIN 1249 -standardin mukaisesti +\/- 1 mm:n toleranssilla. Eritt\u00e4in pienten muurahaislajien kohdalla ylim\u00e4\u00e4r\u00e4inen murtumissuojaus on v\u00e4ltt\u00e4m\u00e4t\u00f6n.<\/p>\n<p dir=\"ltr\"><strong>Maatilaa koskevat muistiinpanot<\/strong><br \/>\nKun putkia liitet\u00e4\u00e4n tai irrotetaan, on otettava huomioon seuraavat seikat:<br \/>\nJos putkea on vaikea sovittaa liittimeen, liittimeen on levitett\u00e4v\u00e4 tippa pakenemisen est\u00e4v\u00e4\u00e4 \u00f6ljy\u00e4mme tai jauhettamme. T\u00e4m\u00e4n j\u00e4lkeen putki on ty\u00f6nnett\u00e4v\u00e4 liittimeen kiert\u00e4m\u00e4ll\u00e4 tai ruuvaamalla se kiinni ilman, ett\u00e4 liittimeen kohdistetaan painetta yl\u00f6s ja alas. Sama p\u00e4tee, kun putket irrotetaan maatilan liittimest\u00e4. \u00c4l\u00e4 vain ved\u00e4 niit\u00e4 irti!<\/p>\n<p dir=\"ltr\"><strong>Muistiinpanoja krikettihillosta:<\/strong><br \/>\nSirkkahillo on helppo tapa tarjota muurahaisillesi tuoretta s\u00e4il\u00f6tty\u00e4 proteiiniruokaa ilman, ett\u00e4 sinun tarvitsee ruokkia el\u00e4vi\u00e4 hy\u00f6nteisi\u00e4. Sirkat (Acheta domesticus) kypsennet\u00e4\u00e4n hell\u00e4varaisesti, jotta ravintoarvo, maku ja aromi s\u00e4ilyv\u00e4t. Lis\u00e4ksi hy\u00f6nteisten kitiinipitoinen ulkoluuranko pehmenee n\u00e4in, jotta se on helpommin sulavaa. Kollageeniproteiiniyhdisteet pilkotaan, jotta muurahaiset voivat hy\u00f6dynt\u00e4\u00e4 ne paremmin. Purkista saatavilla Acheta domesticus -muurahaisilla on sama ravintoarvo kuin el\u00e4vill\u00e4 sirkoilla, mutta ne ovat helpommin sulavia.<br \/>\nCricket Jam ei sovellu sellaisten muurahaislajien mets\u00e4stykseen, jotka vaativat el\u00e4v\u00e4\u00e4 ravintoa (esim. poneriinit, kuten Harpegnathos tai Odontomachus).<\/p>\n<p dir=\"ltr\"><strong>Muita etuja:<\/strong><br \/>\nTaatusti punkittomia<br \/>\nVoidaan annostella ja laimentaa vedell\u00e4<br \/>\nSteriloitu ja tyhji\u00f6pakattu<br \/>\nIlman lis\u00e4aineita<br \/>\nSirkat, jotka ovat per\u00e4isin kest\u00e4v\u00e4st\u00e4, puhtaasti luonnonmukaisesta kasvatuksesta ja joita ruokitaan orgaanisella j\u00e4tteell\u00e4.<\/p>\n<p dir=\"ltr\"><strong>Huom:<\/strong><br \/>\nS\u00e4ilyy j\u00e4\u00e4kaapissa noin nelj\u00e4 p\u00e4iv\u00e4\u00e4 avaamisen j\u00e4lkeen. Pidempi s\u00e4ilyvyys pakastettuna.<\/p>\n<p dir=\"ltr\"><strong>Huomio<\/strong>: Annostele ensin ja pakasta sitten.<\/p>\n<p dir=\"ltr\"><strong>Sokerihunajaliuosta (ZH) koskevat huomautukset - t\u00e4ydennyspakkaus 10ml<\/strong><br \/>\nSis\u00e4lt\u00f6: 10 ml<\/p>\n<p dir=\"ltr\"><strong>Kuvaus:<\/strong> T\u00e4m\u00e4 on tuote, joka koostuu erilaisista hiilihydraateista (kuten hunajasta ja sokerista).<\/p>\n<p dir=\"ltr\"><strong>Sovellus:<\/strong> Ruokaputki voidaan sijoittaa kokonaisuudessaan formikariumiin, tai vaihtoehtoisesti, pes\u00e4kkeen tarpeista\/kokoluokasta riippuen, pienempi\u00e4 m\u00e4\u00e4ri\u00e4 voidaan sijoittaa ruokakuppiin. Ruoka olisi sy\u00f6t\u00e4v\u00e4 noin 3 p\u00e4iv\u00e4n kuluessa, muuten on olemassa homehtumisvaara. Samasta syyst\u00e4 ruokakuppi on puhdistettava ennen uudelleent\u00e4ytt\u00f6\u00e4.<\/p>\n<p dir=\"ltr\"><strong>K\u00e4yt\u00e4:<\/strong><br \/>\nSokeri-hunajaliuos = sokeria\/hunajaa sy\u00f6ville muurahaislajeille.<br \/>\nT\u00e4m\u00e4 on lis\u00e4ravinto<br \/>\nSit\u00e4 voidaan tarjota el\u00e4imille toimitettuna. Koska sokeripitoisuus laskee kosteuden vaikutuksesta ja k\u00e4ymisprosessi alkaa, ruoka on vaihdettava 3 p\u00e4iv\u00e4n v\u00e4lein. Puhdista ruokintakuppi\/putki huolellisesti ennen uudelleenk\u00e4ytt\u00f6\u00e4.<br \/>\nKun pakkaus on avattu, se on s\u00e4ilytett\u00e4v\u00e4 tiiviisti suljettuna (jos sit\u00e4 s\u00e4ilytet\u00e4\u00e4n kuivassa paikassa) ja k\u00e4ytett\u00e4v\u00e4 ilmoitettuun p\u00e4iv\u00e4m\u00e4\u00e4r\u00e4\u00e4n menness\u00e4 (parasta ennen -p\u00e4iv\u00e4ys).<\/p>\n<p dir=\"ltr\"><strong>Sis\u00e4lt\u00e4\u00e4:<\/strong><br \/>\nFruktoosi 27-44%,<br \/>\nglukoosi 22 - 41%,<br \/>\nsakkaroosi enint\u00e4\u00e4n 5%,<br \/>\nmaltoosi 4 - 14%,<br \/>\nmuut monimutkaiset sokerit 1-14%.<br \/>\nRasva: 0g<br \/>\nHiilihydraatit: 92g<br \/>\nProteiini: 0g<br \/>\nSuola: 0g<\/p>\n<p dir=\"ltr\"><strong>Varastointi:<\/strong> Rehun laadun varmistamiseksi se on s\u00e4ilytett\u00e4v\u00e4 pime\u00e4ss\u00e4 ja kuivassa paikassa.<\/p>\n<p dir=\"ltr\"><strong>Huom:<\/strong><br \/>\nKatso pakkausselosteesta koostumus, analyyttiset ainesosat, parasta ennen -p\u00e4iv\u00e4ys ja er\u00e4numero.<br \/>\nTietopuhelin +49 30 439703870<\/p>\n<p dir=\"ltr\"><strong>Toimivaltainen el\u00e4inl\u00e4\u00e4kint\u00e4- ja elintarvikevalvontaviranomainen:<\/strong><br \/>\nEl\u00e4inl\u00e4\u00e4k\u00e4rin vastaanotto Steglitz<br \/>\nK\u00f6nigin-Luise-Str. 92<br \/>\n14195 Berliini<\/p>","protected":false},"excerpt":{"rendered":"<p>Sarja koostuu 34 osasta<\/p>","protected":false},"featured_media":10983,"comment_status":"open","ping_status":"closed","template":"","meta":{"_acf_changed":false,"content-type":"","_monsterinsights_skip_tracking":false,"_monsterinsights_sitenote_active":false,"_monsterinsights_sitenote_note":"","_monsterinsights_sitenote_category":0},"product_brand":[484],"product_cat":[355,73],"product_tag":[],"class_list":{"0":"post-10988","1":"product","2":"type-product","3":"status-publish","4":"has-post-thumbnail","6":"product_brand-antcube","7":"product_cat-bundle-offers","8":"product_cat-starter-sets","10":"first","11":"instock","12":"taxable","13":"shipping-taxable","14":"purchasable","15":"product-type-simple"},"acf":[],"aioseo_notices":[],"jetpack_sharing_enabled":true,"_links":{"self":[{"href":"https:\/\/antcube.shop\/fi\/wp-json\/wp\/v2\/product\/10988","targetHints":{"allow":["GET"]}}],"collection":[{"href":"https:\/\/antcube.shop\/fi\/wp-json\/wp\/v2\/product"}],"about":[{"href":"https:\/\/antcube.shop\/fi\/wp-json\/wp\/v2\/types\/product"}],"replies":[{"embeddable":true,"href":"https:\/\/antcube.shop\/fi\/wp-json\/wp\/v2\/comments?post=10988"}],"wp:featuredmedia":[{"embeddable":true,"href":"https:\/\/antcube.shop\/fi\/wp-json\/wp\/v2\/media\/10983"}],"wp:attachment":[{"href":"https:\/\/antcube.shop\/fi\/wp-json\/wp\/v2\/media?parent=10988"}],"wp:term":[{"taxonomy":"product_brand","embeddable":true,"href":"https:\/\/antcube.shop\/fi\/wp-json\/wp\/v2\/product_brand?post=10988"},{"taxonomy":"product_cat","embeddable":true,"href":"https:\/\/antcube.shop\/fi\/wp-json\/wp\/v2\/product_cat?post=10988"},{"taxonomy":"product_tag","embeddable":true,"href":"https:\/\/antcube.shop\/fi\/wp-json\/wp\/v2\/product_tag?post=10988"}],"curies":[{"name":"wp","href":"https:\/\/api.w.org\/{rel}","templated":true}]}}